{"id":1571,"date":"2017-02-15T09:48:13","date_gmt":"2017-02-15T09:48:13","guid":{"rendered":"http:\/\/cecbll.cat\/espaicomarca\/?page_id=1571"},"modified":"2017-02-15T09:48:13","modified_gmt":"2017-02-15T09:48:13","slug":"sant-salvador-de-les-espases-i-la-socarrada","status":"publish","type":"page","link":"https:\/\/cecbll.cat\/espaicomarca\/sant-salvador-de-les-espases-i-la-socarrada\/","title":{"rendered":"Sant Salvador de les Espases i la Socarrada"},"content":{"rendered":"<p>L&#8217;itinerari comen\u00e7a a la Puda, Agafem un corriol que arrenca uns quants metres abans del pont sobre el torrent de Sant Salvador. Un pal indicador ens marca l&#8217;inici del cam\u00ed. Passem per damunt de la boca del t\u00fanel i hem de fer un tram dif\u00edcil perqu\u00e8 el terreny s&#8217;esllaviss\u00e0 l&#8217;any 1994 a causa de l&#8217;incendi de l&#8217;estiu i de les pluges de la tardor. Al cap de poc entrem en un congost molt bell, obert entre materials paleozoics. Passem per les Espases de Baix, formaci\u00f3 geol\u00f2gica constitu\u00efda per conglomerat quars\u00f3s que data del comen\u00e7ament de l&#8217;era secund\u00e0ria.\u00a0 A continuaci\u00f3 passem per gresos, tamb\u00e9 del tri\u00e0sic. Troncs recremats de pins ens recorden el darrer incendi forestal. La vegetaci\u00f3 no s&#8217;ha recuperat encara. Prop de l&#8217;entroncament dels torrents de Sant Salvador i de l&#8217;Afrau, ens apareix de sobte el Morral de l&#8217;Espluga, o Morral Llong, un estrep calcari del Puig Cendr\u00f3s.<\/p>\n<p>A l&#8217;esquerra del cam\u00ed hi ha un antic forn de cal\u00e7 i una mica m\u00e9s endavant la font de Sant Salvador, totalment degradada d&#8217;en\u00e7\u00e0 l&#8217;any 1994.<\/p>\n<p>En un giravolt del cam\u00ed veiem la Socarrada, unes roques que destaquen en l&#8217;incipient verd, a la dreta de la torre d&#8217;alta tensi\u00f3. La serra de l&#8217;esquerra \u00e9s la del Cairat i darrere est\u00e0 el Montserrat.<\/p>\n<p>Arribem a una coveta, amb una imatge de Nostra Senyora de Montserrat (al davant tenim la Santa Cova i el Monestir). El cam\u00ed passa per sobre i ja ens rep, patriarcalment, Sant Salvador de les Espases.<\/p>\n<p>L&#8217;ermita de Sant Salvador fa de parti\u00f3 entre els municipis d&#8217;Esparreguera, Olesa de Montserrat i Vacarisses. Des de temps immemorial aquests pobles i altres de la rodalia han fet aplecs a l&#8217;ermita.<\/p>\n<p>Sant Salvador de les Espases \u00e9s esmentat en documents del segle XIV i el castell de les Espases apareix en pergamins del segle X. Fins a l&#8217;any 1936 hi havia dins la capella un retaule g\u00f2tic que fou destru\u00eft quasi totalment al comen\u00e7ament de la guerra civil. Podeu entrar a la capella els dijous i diumenges (dies que la mantenen oberta els Amics de Sant Salvador, associaci\u00f3 que t\u00e9 cura del santuari).<\/p>\n<p>Seguim caminant i, al cap d&#8217;una estona, trobem una cru\u00eflla senyalitzada i pel cam\u00ed de l&#8217;esquerra arribem sense p\u00e8rdua a la Socarrada. Estem al sostre d&#8217;Esparreguera, a m\u00e9s de 500 metres d&#8217;altitud!<\/p>\n<p>Des d&#8217;ac\u00ed la panor\u00e0mica \u00e9s fant\u00e0stica. Farem la descripci\u00f3 des d&#8217;una mena de mirador de penyes (de conglomerats gresosos), situat on s&#8217;acaba el cam\u00ed. D&#8217;esquerra a dreta veiem l&#8217;Obac i la serra de Coll Card\u00fas, amb el Cap del Ros com a punt cimer, la serra de l&#8217;Hospici, d&#8217;on venim, la serra de l&#8217;Orpina i el tur\u00f3 dels Ducs; al darrere el puig Vent\u00f3s, el puig Cendr\u00f3s, el tur\u00f3 de la Gronya; al mig, en primer terme, Sant Salvador de les Espases i al darrere el coll de les Espases i les Espases de Dalt, a continuaci\u00f3 el tur\u00f3 de la Plana d&#8217;en Bou i les Escaleres, i, donant al torrent de Sant Salvador, l&#8217;Escagassada, i en aquesta part del torrent l&#8217;Aranga i la serra del Cairat; despr\u00e9s el Llobregat que separa Olesa d&#8217;Esparreguera. La vila d&#8217;Esparreguera se&#8217;ns apareix magn\u00edfica des d&#8217;ac\u00ed dalt, presidida pel Campanar i les Tres Caravel\u00b7les. M\u00e9s endavant l&#8217;antiga col\u00f2nia Sed\u00f3 i el Puig. D&#8217;Olesa es veuen els barris m\u00e9s nous i la zona industrial, d&#8217;Abrera les cases unifamiliars i de Martorell la vila i l&#8217;immens espai industrial. Resseguint el Llobregat arribem al delta i al mar, per l&#8217;esvoranc fet a la Serralada Litoral, amb el Tibidabo i la Torre de Collserola que emergeixen entre la Creu de S\u00e0bat i el tur\u00f3 de la Gronya.<\/p>\n<p>El cim de la Socarrada va fer honor al seu nom durant l&#8217;incendi del 1994 i va quedar totalment dessolat. Ara ja han rebrotat molts arbres i arbustos i fa goig veure la vegetaci\u00f3.<\/p>\n","protected":false},"excerpt":{"rendered":"<p>L&#8217;itinerari comen\u00e7a a la Puda, Agafem un corriol que arrenca uns quants metres abans del pont sobre el torrent de [&hellip;]<\/p>\n","protected":false},"author":1,"featured_media":1572,"parent":0,"menu_order":0,"comment_status":"closed","ping_status":"closed","template":"","meta":{"footnotes":"","_links_to":"","_links_to_target":""},"class_list":["post-1571","page","type-page","status-publish","has-post-thumbnail","hentry"],"_links":{"self":[{"href":"https:\/\/cecbll.cat\/espaicomarca\/wp-json\/wp\/v2\/pages\/1571","targetHints":{"allow":["GET"]}}],"collection":[{"href":"https:\/\/cecbll.cat\/espaicomarca\/wp-json\/wp\/v2\/pages"}],"about":[{"href":"https:\/\/cecbll.cat\/espaicomarca\/wp-json\/wp\/v2\/types\/page"}],"author":[{"embeddable":true,"href":"https:\/\/cecbll.cat\/espaicomarca\/wp-json\/wp\/v2\/users\/1"}],"replies":[{"embeddable":true,"href":"https:\/\/cecbll.cat\/espaicomarca\/wp-json\/wp\/v2\/comments?post=1571"}],"version-history":[{"count":1,"href":"https:\/\/cecbll.cat\/espaicomarca\/wp-json\/wp\/v2\/pages\/1571\/revisions"}],"predecessor-version":[{"id":1573,"href":"https:\/\/cecbll.cat\/espaicomarca\/wp-json\/wp\/v2\/pages\/1571\/revisions\/1573"}],"wp:featuredmedia":[{"embeddable":true,"href":"https:\/\/cecbll.cat\/espaicomarca\/wp-json\/wp\/v2\/media\/1572"}],"wp:attachment":[{"href":"https:\/\/cecbll.cat\/espaicomarca\/wp-json\/wp\/v2\/media?parent=1571"}],"curies":[{"name":"wp","href":"https:\/\/api.w.org\/{rel}","templated":true}]}}