{"id":1564,"date":"2017-02-15T09:38:28","date_gmt":"2017-02-15T09:38:28","guid":{"rendered":"http:\/\/cecbll.cat\/espaicomarca\/?page_id=1564"},"modified":"2017-02-15T09:41:29","modified_gmt":"2017-02-15T09:41:29","slug":"cami-de-les-salmorres","status":"publish","type":"page","link":"https:\/\/cecbll.cat\/espaicomarca\/cami-de-les-salmorres\/","title":{"rendered":"Cam\u00ed de les Salmorres"},"content":{"rendered":"<p>Comencem aquesta excursi\u00f3 al Cairat. Podem arribar-hi a peu des de la Puda (o des de la vila) o amb cotxe, per\u00f2 no recomanem aquesta opci\u00f3 perqu\u00e8 el cam\u00ed \u00e9s de muntanya i a vegades poc transitable per a un autom\u00f2bil de turisme. La resclosa del Cairat va ser constru\u00efda l&#8217;any 1878 per a proporcionar aigua i energia a la col\u00f2nia Sed\u00f3. En el riberal del costat admirem un magn\u00edfic bosc de ribera.<\/p>\n<p>Des d&#8217;aqu\u00ed el Montserrat es presenta fer\u00e9stec, igual que el Tossal Rod\u00f3. M\u00e9s a prop tenim l&#8217;antiga masia de can Tobella. Les atzavares que hi creixen en el coster sud indiquen condicions t\u00e8rmiques molt favorables. El serrat del mas Moneder i la resta de la serra de Rubi\u00f3 queda a la nostra esquerra i ja al darrere, hi veiem la capella de Santa Margarida, prerom\u00e0nica, i les masies de ca n&#8217;Estruch Vell i ca n&#8217;Estruch del Cairat.<strong>\u00a0<\/strong><\/p>\n<p>El cam\u00ed que seguirem est\u00e0 molt ben senyalitzat amb senyals grocs i amb bandes blanques i verdes.<strong>\u00a0<\/strong><\/p>\n<p>Despr\u00e9s ve un tros desboscat, que ens mostra a banda i banda els espadats del Montserrat i del Tossal Rod\u00f3.\u00a0Ara passarem pel costat d&#8217;uns estrats d&#8217;arenita o gres del Buntsandstein (del comen\u00e7ament de l&#8217;era secund\u00e0ria). Recordem que aquest cam\u00ed es va obrir fa pocs anys per a instal\u00b7lar-hi a sota una gran canonada que porta les salmorres de la conca salina de Sallent-S\u00faria-Cardona fins al mar.<strong>\u00a0<\/strong><\/p>\n<p>Ara passem per una esplanada (d&#8217;una antiga extracci\u00f3 d&#8217;\u00e0rids), situada al final d&#8217;un torrent que baixa del Rac\u00f3 del Boixos.\u00a0Acabada l&#8217;esplanada, entrem en una zona de m\u00e9s vegetaci\u00f3.\u00a0<strong>\u00a0<\/strong><\/p>\n<p>Els degotalls continuen i arriben a concretar-se en una font d&#8217;aigua bon\u00edssima (aquesta es pot beure amb confian\u00e7a perqu\u00e8 a dalt nom\u00e9s hi ha muntanya), deixem la font i al moment veiem a la dreta la boca sud del t\u00fanel anomenat Montserrat, nom ben apropiat perqu\u00e8 a l&#8217;esquerra se&#8217;ns apareix, magn\u00edfic, el Monestir, sobre el qual emergeixen l&#8217;Elefant, la M\u00f2mia i els Flautats.<strong>\u00a0<\/strong><\/p>\n<p>A l&#8217;altra banda del riu hi ha una guingueta coneguda com la Font de la Noguera (l&#8217;aigua prov\u00e9 de la mateixa deu que acabem de deixar, condu\u00efda amb una m\u00e0nega per sobre del riu).<\/p>\n<p>Arribem al final de la nostra excursi\u00f3. L&#8217;Aeri de Montserrat (l&#8217;estaci\u00f3 queda per sobre del cam\u00ed), que assenyala el l\u00edmit del terme municipal d&#8217;Esparreguera.<\/p>\n","protected":false},"excerpt":{"rendered":"<p>Comencem aquesta excursi\u00f3 al Cairat. Podem arribar-hi a peu des de la Puda (o des de la vila) o amb [&hellip;]<\/p>\n","protected":false},"author":1,"featured_media":1566,"parent":0,"menu_order":0,"comment_status":"closed","ping_status":"closed","template":"","meta":{"footnotes":"","_links_to":"","_links_to_target":""},"class_list":["post-1564","page","type-page","status-publish","has-post-thumbnail","hentry"],"_links":{"self":[{"href":"https:\/\/cecbll.cat\/espaicomarca\/wp-json\/wp\/v2\/pages\/1564","targetHints":{"allow":["GET"]}}],"collection":[{"href":"https:\/\/cecbll.cat\/espaicomarca\/wp-json\/wp\/v2\/pages"}],"about":[{"href":"https:\/\/cecbll.cat\/espaicomarca\/wp-json\/wp\/v2\/types\/page"}],"author":[{"embeddable":true,"href":"https:\/\/cecbll.cat\/espaicomarca\/wp-json\/wp\/v2\/users\/1"}],"replies":[{"embeddable":true,"href":"https:\/\/cecbll.cat\/espaicomarca\/wp-json\/wp\/v2\/comments?post=1564"}],"version-history":[{"count":1,"href":"https:\/\/cecbll.cat\/espaicomarca\/wp-json\/wp\/v2\/pages\/1564\/revisions"}],"predecessor-version":[{"id":1565,"href":"https:\/\/cecbll.cat\/espaicomarca\/wp-json\/wp\/v2\/pages\/1564\/revisions\/1565"}],"wp:featuredmedia":[{"embeddable":true,"href":"https:\/\/cecbll.cat\/espaicomarca\/wp-json\/wp\/v2\/media\/1566"}],"wp:attachment":[{"href":"https:\/\/cecbll.cat\/espaicomarca\/wp-json\/wp\/v2\/media?parent=1564"}],"curies":[{"name":"wp","href":"https:\/\/api.w.org\/{rel}","templated":true}]}}