{"id":1561,"date":"2017-02-15T09:35:57","date_gmt":"2017-02-15T09:35:57","guid":{"rendered":"http:\/\/cecbll.cat\/espaicomarca\/?page_id=1561"},"modified":"2017-02-15T09:37:01","modified_gmt":"2017-02-15T09:37:01","slug":"la-gorgoncana-i-les-pells","status":"publish","type":"page","link":"https:\/\/cecbll.cat\/espaicomarca\/la-gorgoncana-i-les-pells\/","title":{"rendered":"La Gorgon\u00e7ana i les Pells"},"content":{"rendered":"<p>Iniciem el recorregut al carrer de les Hortes. Deixem a l&#8217;esquerra l&#8217;escola Taqu\u00edgraf Garriga i a la dreta l&#8217;institut El Cairat.\u00a0<strong>\u00a0<\/strong><\/p>\n<p>En arribar a la baixada de can Cordelles la vista \u00e9s fant\u00e0stica. D&#8217;esquerra a dreta veiem can Comelles, la serra de Rubi\u00f3 que per la part oriental \u00e9s el serrat del mas Moneder; al darrere Montserrat, al davant els Blaus, Santa Maria del Puig, la col\u00f2nia Sed\u00f3, can Castells i el mas de la Font Rosada. Les muntanyes del fons s\u00f3n d&#8217;Esparreguera: el Tossal Rod\u00f3, el serrat de les Bruixes, la Socarrada, el tur\u00f3 del Vent i el puig de l&#8217;Hospici, i m\u00e9s a prop les Arangues i Sant Salvador de les Espases. A continuaci\u00f3 les muntanyes d&#8217;Olesa: el tur\u00f3 de la plana del Bou amb les Escaleres i les Torrades, el puig Cendr\u00f3s i el puig Vent\u00f3s, el tur\u00f3 de la Gronya, el bosc del Gavatx i Sant Pere Sacama. Tamb\u00e9 despunta el Cap del Ros, ja en terme de Viladecavalls. Veiem igualment el Llobregat.<strong>\u00a0<\/strong><\/p>\n<p>En una rampa que puja a una porta lateral de can Cordelles, veiem restes de rodes de mol\u00ed, que palesen l&#8217;antiga activitat molinera de la Gorgon\u00e7ana, \u00e9s aix\u00ed com s&#8217;anomena aquesta zona.<\/p>\n<p>Continuem baixant i a l&#8217;esquerra hi trobem unes parets antigues que tal vegada pertanyien a l&#8217;esgl\u00e9sia de Santa Coloma, esmentada en documents antiqu\u00edssims (del segle X).\u00a0A continuaci\u00f3 veiem un antic safareig i un antic mol\u00ed.<\/p>\n<p>Passem per un dens canyar, de canya comuna.\u00a0Ara tornem sobre les nostres passes fins que arribem quasi a l&#8217;entroncament de les carreteres i llavors seguim un cam\u00ed a la dreta, que puja. \u00c9s l&#8217;antic cam\u00ed de les Escales, utilitzat, sobretot en temps pret\u00e8rits, per anar d&#8217;Olesa a Esparreguera i viceversa, i que fa poc ha estat arreglat pels serveis d&#8217;obres de l&#8217;Ajuntament d&#8217;Esparreguera.<strong>\u00a0<\/strong><\/p>\n<p>Arribem a l&#8217;antic hospital, en estat ru\u00efn\u00f3s, al davant del qual hi havia una bassa.<strong>\u00a0<\/strong><\/p>\n<p>Arribant a can Cordelles donem per acabat l&#8217;itinerari.<\/p>\n","protected":false},"excerpt":{"rendered":"<p>Iniciem el recorregut al carrer de les Hortes. Deixem a l&#8217;esquerra l&#8217;escola Taqu\u00edgraf Garriga i a la dreta l&#8217;institut El [&hellip;]<\/p>\n","protected":false},"author":1,"featured_media":1563,"parent":0,"menu_order":0,"comment_status":"closed","ping_status":"closed","template":"","meta":{"footnotes":"","_links_to":"","_links_to_target":""},"class_list":["post-1561","page","type-page","status-publish","has-post-thumbnail","hentry"],"_links":{"self":[{"href":"https:\/\/cecbll.cat\/espaicomarca\/wp-json\/wp\/v2\/pages\/1561","targetHints":{"allow":["GET"]}}],"collection":[{"href":"https:\/\/cecbll.cat\/espaicomarca\/wp-json\/wp\/v2\/pages"}],"about":[{"href":"https:\/\/cecbll.cat\/espaicomarca\/wp-json\/wp\/v2\/types\/page"}],"author":[{"embeddable":true,"href":"https:\/\/cecbll.cat\/espaicomarca\/wp-json\/wp\/v2\/users\/1"}],"replies":[{"embeddable":true,"href":"https:\/\/cecbll.cat\/espaicomarca\/wp-json\/wp\/v2\/comments?post=1561"}],"version-history":[{"count":1,"href":"https:\/\/cecbll.cat\/espaicomarca\/wp-json\/wp\/v2\/pages\/1561\/revisions"}],"predecessor-version":[{"id":1562,"href":"https:\/\/cecbll.cat\/espaicomarca\/wp-json\/wp\/v2\/pages\/1561\/revisions\/1562"}],"wp:featuredmedia":[{"embeddable":true,"href":"https:\/\/cecbll.cat\/espaicomarca\/wp-json\/wp\/v2\/media\/1563"}],"wp:attachment":[{"href":"https:\/\/cecbll.cat\/espaicomarca\/wp-json\/wp\/v2\/media?parent=1561"}],"curies":[{"name":"wp","href":"https:\/\/api.w.org\/{rel}","templated":true}]}}