{"id":1532,"date":"2017-02-15T08:50:18","date_gmt":"2017-02-15T08:50:18","guid":{"rendered":"http:\/\/cecbll.cat\/espaicomarca\/?page_id=1532"},"modified":"2017-02-15T08:55:23","modified_gmt":"2017-02-15T08:55:23","slug":"itinerari-per-la-bateria-antiaeria-de-sant-pere-martir","status":"publish","type":"page","link":"https:\/\/cecbll.cat\/espaicomarca\/itinerari-per-la-bateria-antiaeria-de-sant-pere-martir\/","title":{"rendered":"Itinerari per la bateria antia\u00e8ria de Sant Pere Martir"},"content":{"rendered":"<p>Les restes patrimonials de Sant Pere M\u00e0rtir, formades per tres plataformes defensives, s\u00f3n el testimoni material dels bombardejos aeris que van tenir lloc sobre el pla de Barcelona i el Baix Llobregat durant la Guerra Civil.<\/p>\n<p>A trav\u00e9s d\u2019una excursi\u00f3 per la muntanya de Sant Pere M\u00e0rtir es far\u00e0 una breu introducci\u00f3 a la Guerra Civil espanyola remarcant el paper de les defenses antia\u00e8ries existents. Parlarem de la seva funcionalitat i del paper que hi van tenir.<\/p>\n<p><strong>\u00a0<\/strong><\/p>\n<p><strong>Visites guiades:<\/strong><br \/>\nEl primer diumenge de cada mes (excepte gener i agost).<br \/>\nCal concertar visita pr\u00e8via al Museu Can Tintur\u00e9. Tel. 93 470 02 18 \/ museucantinture@esplugues.cat<br \/>\nLloc i hora de trobada: pla\u00e7a Mireia, d\u2019Esplugues de Llobregat a les 11h.<\/p>\n","protected":false},"excerpt":{"rendered":"<p>Les restes patrimonials de Sant Pere M\u00e0rtir, formades per tres plataformes defensives, s\u00f3n el testimoni material dels bombardejos aeris que [&hellip;]<\/p>\n","protected":false},"author":1,"featured_media":1535,"parent":0,"menu_order":0,"comment_status":"closed","ping_status":"closed","template":"","meta":{"footnotes":"","_links_to":"","_links_to_target":""},"class_list":["post-1532","page","type-page","status-publish","has-post-thumbnail","hentry"],"_links":{"self":[{"href":"https:\/\/cecbll.cat\/espaicomarca\/wp-json\/wp\/v2\/pages\/1532","targetHints":{"allow":["GET"]}}],"collection":[{"href":"https:\/\/cecbll.cat\/espaicomarca\/wp-json\/wp\/v2\/pages"}],"about":[{"href":"https:\/\/cecbll.cat\/espaicomarca\/wp-json\/wp\/v2\/types\/page"}],"author":[{"embeddable":true,"href":"https:\/\/cecbll.cat\/espaicomarca\/wp-json\/wp\/v2\/users\/1"}],"replies":[{"embeddable":true,"href":"https:\/\/cecbll.cat\/espaicomarca\/wp-json\/wp\/v2\/comments?post=1532"}],"version-history":[{"count":1,"href":"https:\/\/cecbll.cat\/espaicomarca\/wp-json\/wp\/v2\/pages\/1532\/revisions"}],"predecessor-version":[{"id":1533,"href":"https:\/\/cecbll.cat\/espaicomarca\/wp-json\/wp\/v2\/pages\/1532\/revisions\/1533"}],"wp:featuredmedia":[{"embeddable":true,"href":"https:\/\/cecbll.cat\/espaicomarca\/wp-json\/wp\/v2\/media\/1535"}],"wp:attachment":[{"href":"https:\/\/cecbll.cat\/espaicomarca\/wp-json\/wp\/v2\/media?parent=1532"}],"curies":[{"name":"wp","href":"https:\/\/api.w.org\/{rel}","templated":true}]}}