{"id":1529,"date":"2017-02-15T08:46:31","date_gmt":"2017-02-15T08:46:31","guid":{"rendered":"http:\/\/cecbll.cat\/espaicomarca\/?page_id=1529"},"modified":"2017-02-27T10:02:25","modified_gmt":"2017-02-27T10:02:25","slug":"itinerari-inedit-per-lesplugues-historica-i-ceramista","status":"publish","type":"page","link":"https:\/\/cecbll.cat\/espaicomarca\/itinerari-inedit-per-lesplugues-historica-i-ceramista\/","title":{"rendered":"Itinerari in\u00e8dit per l\u2019Esplugues hist\u00f2rica i ceramista"},"content":{"rendered":"<p>Es proposa fer un recorregut in\u00e8dit, on es podr\u00e0 gaudir de la descoberta i encant d\u2019espais sorprenents i racons no prou coneguts.<\/p>\n<p>\u00c9s un itinerari idoni per gaudir d\u2019una agradable passejada dintre d\u2019un circuit redu\u00eft i for\u00e7a atractiu. Podrem endinsar-nos en alguns dels carrers i espais plens d\u2019encant, que encara hi ha a Esplugues, i retrobar alguns dels aspectes de la seva hist\u00f2ria: la<strong>\u00a0<\/strong>cer\u00e0mica,<strong>\u00a0<\/strong>el<strong>\u00a0<\/strong>modernisme,<strong>\u00a0<\/strong>el<strong>\u00a0<\/strong>g\u00f2tic,<strong>\u00a0<\/strong>les<strong>\u00a0<\/strong>masies<strong>\u00a0<\/strong>i<strong>\u00a0<\/strong>el verd que vesteix<strong>\u00a0<\/strong>els antics torrents\u00a0que, temps enrere, havien esdevingut paisatges habituals del municipi.\u00a0<strong>\u00a0<\/strong><\/p>\n<p><strong><em>Museu de Cer\u00e0mica \u201cLa Rajoleta\u201d: el fang del modernisme<br \/>\n<\/em><\/strong><strong><em>Jardins i edifici de Can Tintur\u00e9<br \/>\n<\/em><\/strong><strong><em>Museu Can Tintur\u00e9. Colecci\u00f3 de rajola de mostra Salvador Miquel<br \/>\n<\/em><\/strong><strong><em>El monestir de Santa Maria de Montsi\u00f3: del g\u00f2tic al modernisme<br \/>\n<\/em><\/strong><strong><em>El tur\u00f3 de la Sagrera: els origens d\u2019Esplugues<br \/>\n<\/em><\/strong><strong><em>Carrer Montserrat: l\u2019Esplugues rec\u00f2ndita i pintoresca<br \/>\n<\/em><\/strong><strong><em>El parc dels Torrents: del fang al verd<\/em><\/strong><\/p>\n<p>L&#8217;inici de l&#8217;itinerari comen\u00e7a amb la visi\u00f3 dels espectaculars forns d&#8217;ampolla de l&#8217;antiga f\u00e0brica de cer\u00e0mica Pujol i Bausis, coneguda popularment com\u00a0<em>La Rajoleta<\/em>. La visita compr\u00e8n explicacions sobre el funcionament de bona part dels forns, un audiovisual i una exposici\u00f3 explicativa de la hist\u00f2ria i de la producci\u00f3 de la f\u00e0brica.<\/p>\n<p>Al davant de Pujol i Bausis, localitzem els\u00a0jardins i l&#8217;edifici de can Tintur\u00e9, que acull la col\u00b7lecci\u00f3 de rajola de mostra catalana de Salvador Miquel. L&#8217;edifici, una casa senyorial de finals del s. XIX, ha estat adaptat i restaurat convenientment per atendre les seves noves funcionalitats com a museu. L&#8217;equipament compta amb un edifici annex on, a m\u00e9s dels serveis del museu, s&#8217;hi celebren actes p\u00fablics culturals, sovint vinculats al m\u00f3n ceramista.<\/p>\n<p>Seguirem caminant pel carrer de l&#8217;Esgl\u00e9sia, despr\u00e9s de passar per la pla\u00e7a de les Moreres, i al seu davant trobem el\u00a0monestir de Santa Maria de Montsi\u00f3, regit per una comunitat de monges dominiques de clausura. Molt recomanable \u00e9s la visita al bell claustre g\u00f2tic (s. XIV).<\/p>\n<p>Una de les cases pairals m\u00e9s caracter\u00edstiques d&#8217;Esplugues \u00e9s can Ramoneda. Al costat de can Ramoneda, un xic reculada, trobem can Cortada, una espl\u00e8ndida masia d&#8217;aspecte senyor\u00edvol. Al seu costat, trobem l&#8217;esgl\u00e9sia parroquial de\u00a0Santa Maria Magdalena. A m\u00e0 dreta de l&#8217;esgl\u00e9sia, hi ha el carrer Montserrat, un rac\u00f3 tranquil i d&#8217;una fesomia ben atractiva que recorda el passat rural del poble que fou Esplugues. En aquest tram del recorregut, es troben algunes masies que confereixen un aire de tipisme inconfusible a tot el llarg d&#8217;aquest pintoresc carrer.<\/p>\n<p>Seguirem pel carrer Montserrat fins a accedir al\u00a0parc dels Torrents, espai que esdev\u00e9 un veritable pulm\u00f3 verd de la ciutat.<\/p>\n<p><strong>Adreces i horaris de visita:<br \/>\n<\/strong>&#8211; Pujol i Bausis, passatge Puig d\u2019Ossa, s\/n, visites guiades els diumenges a les 11 h i a les 13 h<br \/>\n&#8211; Museu Can Tintur\u00e9, c. Esgl\u00e9sia, 36, tel. 93 470 02 18. Visita guiada els diumenges a les 12 h.museucantinture@esplugues.cat. Horaris: dilluns tancat excepte festius, de dimarts a diumenge de 10 a 14h, i dimecres i dissabte de 16.30 a 20 h, tancat el mes d\u2019agost i els dies 1 i 6 de gener i 25 i 26 de desembre.<br \/>\n&#8211; Convent de Santa Maria de Montsi\u00f3, visita al claustre g\u00f2tic (c. Esgl\u00e9sia, 82, visita l\u2019\u00faltim diumenge de mes, d\u201911 a 13 h)<br \/>\n&#8211; Ajuntament d\u2019Esplugues, pla\u00e7a Santa Magdalena, 5-6, tel. 93 371 33 50, ajuntament@esplugues.cat<\/p>\n","protected":false},"excerpt":{"rendered":"<p>Es proposa fer un recorregut in\u00e8dit, on es podr\u00e0 gaudir de la descoberta i encant d\u2019espais sorprenents i racons no [&hellip;]<\/p>\n","protected":false},"author":1,"featured_media":1530,"parent":0,"menu_order":0,"comment_status":"closed","ping_status":"closed","template":"","meta":{"footnotes":"","_links_to":"","_links_to_target":""},"class_list":["post-1529","page","type-page","status-publish","has-post-thumbnail","hentry"],"_links":{"self":[{"href":"https:\/\/cecbll.cat\/espaicomarca\/wp-json\/wp\/v2\/pages\/1529","targetHints":{"allow":["GET"]}}],"collection":[{"href":"https:\/\/cecbll.cat\/espaicomarca\/wp-json\/wp\/v2\/pages"}],"about":[{"href":"https:\/\/cecbll.cat\/espaicomarca\/wp-json\/wp\/v2\/types\/page"}],"author":[{"embeddable":true,"href":"https:\/\/cecbll.cat\/espaicomarca\/wp-json\/wp\/v2\/users\/1"}],"replies":[{"embeddable":true,"href":"https:\/\/cecbll.cat\/espaicomarca\/wp-json\/wp\/v2\/comments?post=1529"}],"version-history":[{"count":1,"href":"https:\/\/cecbll.cat\/espaicomarca\/wp-json\/wp\/v2\/pages\/1529\/revisions"}],"predecessor-version":[{"id":1531,"href":"https:\/\/cecbll.cat\/espaicomarca\/wp-json\/wp\/v2\/pages\/1529\/revisions\/1531"}],"wp:featuredmedia":[{"embeddable":true,"href":"https:\/\/cecbll.cat\/espaicomarca\/wp-json\/wp\/v2\/media\/1530"}],"wp:attachment":[{"href":"https:\/\/cecbll.cat\/espaicomarca\/wp-json\/wp\/v2\/media?parent=1529"}],"curies":[{"name":"wp","href":"https:\/\/api.w.org\/{rel}","templated":true}]}}