{"id":1321,"date":"2017-01-17T16:52:43","date_gmt":"2017-01-17T16:52:43","guid":{"rendered":"http:\/\/cecbll.cat\/espaicomarca\/?page_id=1321"},"modified":"2017-02-02T12:56:13","modified_gmt":"2017-02-02T12:56:13","slug":"visites-a-la-carta","status":"publish","type":"page","link":"https:\/\/cecbll.cat\/espaicomarca\/visites-a-la-carta\/","title":{"rendered":"Visites a la carta"},"content":{"rendered":"<h3>Com puc demanar visites a la carta?<\/h3>\n<p>El Centre d&#8217;Estudis Comarcals del Baix Llobregat us ofereix la possibilitat de programar una visites guiada a qualsevol dels espais que us oferim des del PujalBaix!. Les visites tenen el valor afegit del coneixement que l&#8217;entitat ha adquirt amb els seus m\u00e9s de 40 anys d&#8217;exist\u00e8ncia. Comptem amb diferents especialistes que, de forma volunt\u00e0ria, ens aporten els seus coneixements a les visites. Per demanar-nos que programem una visita nom\u00e9s ens heu d&#8217;enviar un correu electr\u00f2nic a <a href=\"mailto:cecbll@llobregat.info\" target=\"_blank\">cecbll@llobregat.info <\/a>amb la seg\u00fcent informaci\u00f3:<\/p>\n<ol>\n<li>\n<blockquote><p>Quina visita voleu programar?<\/p><\/blockquote>\n<\/li>\n<li>\n<blockquote><p>A quin p\u00fablic s&#8217;adre\u00e7a la visita? Per quanta gent?<\/p><\/blockquote>\n<\/li>\n<li>\n<blockquote><p>Quan voldrieu programar-la?<\/p><\/blockquote>\n<\/li>\n<li>\n<blockquote><p>Deixeu-nos les vostres dades (nom, cognoms, tel\u00e8fon, mail&#8230;)<\/p><\/blockquote>\n<\/li>\n<\/ol>\n","protected":false},"excerpt":{"rendered":"<p>Com puc demanar visites a la carta? El Centre d&#8217;Estudis Comarcals del Baix Llobregat us ofereix la possibilitat de programar [&hellip;]<\/p>\n","protected":false},"author":1,"featured_media":0,"parent":0,"menu_order":0,"comment_status":"closed","ping_status":"closed","template":"","meta":{"footnotes":"","_links_to":"","_links_to_target":""},"class_list":["post-1321","page","type-page","status-publish","hentry"],"_links":{"self":[{"href":"https:\/\/cecbll.cat\/espaicomarca\/wp-json\/wp\/v2\/pages\/1321","targetHints":{"allow":["GET"]}}],"collection":[{"href":"https:\/\/cecbll.cat\/espaicomarca\/wp-json\/wp\/v2\/pages"}],"about":[{"href":"https:\/\/cecbll.cat\/espaicomarca\/wp-json\/wp\/v2\/types\/page"}],"author":[{"embeddable":true,"href":"https:\/\/cecbll.cat\/espaicomarca\/wp-json\/wp\/v2\/users\/1"}],"replies":[{"embeddable":true,"href":"https:\/\/cecbll.cat\/espaicomarca\/wp-json\/wp\/v2\/comments?post=1321"}],"version-history":[{"count":8,"href":"https:\/\/cecbll.cat\/espaicomarca\/wp-json\/wp\/v2\/pages\/1321\/revisions"}],"predecessor-version":[{"id":1434,"href":"https:\/\/cecbll.cat\/espaicomarca\/wp-json\/wp\/v2\/pages\/1321\/revisions\/1434"}],"wp:attachment":[{"href":"https:\/\/cecbll.cat\/espaicomarca\/wp-json\/wp\/v2\/media?parent=1321"}],"curies":[{"name":"wp","href":"https:\/\/api.w.org\/{rel}","templated":true}]}}