{"id":1232,"date":"2017-01-16T11:22:45","date_gmt":"2017-01-16T11:22:45","guid":{"rendered":"http:\/\/cecbll.cat\/espaicomarca\/?page_id=1232"},"modified":"2017-01-16T11:22:56","modified_gmt":"2017-01-16T11:22:56","slug":"castell-deramprunya","status":"publish","type":"page","link":"https:\/\/cecbll.cat\/espaicomarca\/castell-deramprunya\/","title":{"rendered":"Castell d&#8217;Erampruny\u00e0"},"content":{"rendered":"<p><strong>Gav\u00e0<\/strong><\/p>\n<p>Les restes del castell d&#8217;Erampruny\u00e0 s\u00f3n dalt d&#8217;una muntanya entre penya-segats amb magn\u00edfiques vistes del\u00a0delta del Llobregat\u00a0i part del\u00a0Garraf.<\/p>\n<p>El castell \u00e9s citat per primera vegada l&#8217;any 957, tot i que documents posteriors indiquen que ja existia en \u00e8poca del comte\u00a0Sunyer de Barcelona. Va ser la seu d&#8217;un terme (el terme del castell d&#8217;Erampruny\u00e0) en \u00e8poca medieval que va arribar a controlar els actuals territoris de Gav\u00e0,\u00a0Begues,\u00a0Castelldefels,\u00a0Sant Climent de Llobregat,\u00a0Viladecans\u00a0i una part de\u00a0Sant Boi de Llobregat,\u00a0Sitges\u00a0i\u00a0Olivella.<\/p>\n<p>Constru\u00eft com a part del sistema defensiu de la frontera entre\u00a0Al-\u00c0ndalus\u00a0i l&#8217;Imperi carolingi\u00a0i com a seu de control pol\u00edtic i econ\u00f2mic i militar en la zona entre el Garraf i el Llobregat, va ser propietat dels\u00a0comtes de Barcelona\u00a0fins al 1323. \u00a0Al\u00a0segle XI, de resultes de la revolta feudal, es constitu\u00ed el senyoriu d&#8217;Erampruny\u00e0, en mans de la nissaga de\u00a0Mir Geribert, els Sant Mart\u00ed.<\/p>\n<p>A finals del\u00a0segle XIX\u00a0\u00e9s adquirit per un altre banquer,\u00a0Manel Girona, promotor de l&#8217;acabament de la fa\u00e7ana de la catedral de Barcelona.<\/p>\n<p>L&#8217;any 2007, l&#8217;Ajuntament de Gav\u00e0 adquir\u00ed el conjunt del castell i a partir de 2010 es van endegar diferents fases de consolidaci\u00f3 i adequaci\u00f3 del conjunt per a la visita p\u00fablica.<\/p>\n<p><strong>\u00a0<\/strong><\/p>\n<p>&nbsp;<\/p>\n","protected":false},"excerpt":{"rendered":"<p>Gav\u00e0 Les restes del castell d&#8217;Erampruny\u00e0 s\u00f3n dalt d&#8217;una muntanya entre penya-segats amb magn\u00edfiques vistes del\u00a0delta del Llobregat\u00a0i part del\u00a0Garraf. [&hellip;]<\/p>\n","protected":false},"author":1,"featured_media":1233,"parent":0,"menu_order":0,"comment_status":"closed","ping_status":"closed","template":"","meta":{"footnotes":"","_links_to":"","_links_to_target":""},"class_list":["post-1232","page","type-page","status-publish","has-post-thumbnail","hentry"],"_links":{"self":[{"href":"https:\/\/cecbll.cat\/espaicomarca\/wp-json\/wp\/v2\/pages\/1232","targetHints":{"allow":["GET"]}}],"collection":[{"href":"https:\/\/cecbll.cat\/espaicomarca\/wp-json\/wp\/v2\/pages"}],"about":[{"href":"https:\/\/cecbll.cat\/espaicomarca\/wp-json\/wp\/v2\/types\/page"}],"author":[{"embeddable":true,"href":"https:\/\/cecbll.cat\/espaicomarca\/wp-json\/wp\/v2\/users\/1"}],"replies":[{"embeddable":true,"href":"https:\/\/cecbll.cat\/espaicomarca\/wp-json\/wp\/v2\/comments?post=1232"}],"version-history":[{"count":1,"href":"https:\/\/cecbll.cat\/espaicomarca\/wp-json\/wp\/v2\/pages\/1232\/revisions"}],"predecessor-version":[{"id":1234,"href":"https:\/\/cecbll.cat\/espaicomarca\/wp-json\/wp\/v2\/pages\/1232\/revisions\/1234"}],"wp:featuredmedia":[{"embeddable":true,"href":"https:\/\/cecbll.cat\/espaicomarca\/wp-json\/wp\/v2\/media\/1233"}],"wp:attachment":[{"href":"https:\/\/cecbll.cat\/espaicomarca\/wp-json\/wp\/v2\/media?parent=1232"}],"curies":[{"name":"wp","href":"https:\/\/api.w.org\/{rel}","templated":true}]}}