{"id":1229,"date":"2017-01-16T11:20:23","date_gmt":"2017-01-16T11:20:23","guid":{"rendered":"http:\/\/cecbll.cat\/espaicomarca\/?page_id=1229"},"modified":"2017-01-16T11:47:44","modified_gmt":"2017-01-16T11:47:44","slug":"cabanes-de-pedra-seca-2","status":"publish","type":"page","link":"https:\/\/cecbll.cat\/espaicomarca\/cabanes-de-pedra-seca-2\/","title":{"rendered":"Cabanes de pedra seca"},"content":{"rendered":"<p><strong>Begues<\/strong><\/p>\n<p>S\u2019ent\u00e9n com a construcci\u00f3 en pedra seca aquella estructura de pedra que no utilitza cal\u00e7, ciment ni cap altre material de consolidaci\u00f3. Les pedres s\u2019amunteguen una sobre l\u2019altra formant fileres fins a aconseguir la forma i la construcci\u00f3 desitjades. La t\u00e8cnica de la pedra en sec ha possibilitat un seguit de construccions de diferent magnitud i funci\u00f3, per\u00f2 totes elles de gran utilitat per a les feines del camp.<\/p>\n<p>Les cabanes de pedra seca eren utilitzades, en l\u2019agricultura tradicional, per guardar les eines del pag\u00e8s durant la jornada, i tamb\u00e9 per fer-hi nit durant els dies de verema.<\/p>\n<p>El Mont-ras constitueix un contrafort del polg\u00e9 de Begues, format de pedra calc\u00e0ria, que es projecta cap al sud-est just a sota del pic de les Agulles, i que per la seva orientaci\u00f3 fou dedicat antigament al conreu de la vinya. Actualment, tot el vessant sud d\u2019aquest tur\u00f3 est\u00e0 enfaixat de marges de pedra seca, que conformen un paisatge \u00fanic en qu\u00e8 es barreja el blanc de la pedra calc\u00e0ria amb el verd fosc de la vegetaci\u00f3 t\u00edpica de m\u00e0quia de garric i margall\u00f3.<\/p>\n","protected":false},"excerpt":{"rendered":"<p>Begues S\u2019ent\u00e9n com a construcci\u00f3 en pedra seca aquella estructura de pedra que no utilitza cal\u00e7, ciment ni cap altre [&hellip;]<\/p>\n","protected":false},"author":1,"featured_media":1236,"parent":0,"menu_order":0,"comment_status":"closed","ping_status":"closed","template":"","meta":{"footnotes":"","_links_to":"","_links_to_target":""},"class_list":["post-1229","page","type-page","status-publish","has-post-thumbnail","hentry"],"_links":{"self":[{"href":"https:\/\/cecbll.cat\/espaicomarca\/wp-json\/wp\/v2\/pages\/1229","targetHints":{"allow":["GET"]}}],"collection":[{"href":"https:\/\/cecbll.cat\/espaicomarca\/wp-json\/wp\/v2\/pages"}],"about":[{"href":"https:\/\/cecbll.cat\/espaicomarca\/wp-json\/wp\/v2\/types\/page"}],"author":[{"embeddable":true,"href":"https:\/\/cecbll.cat\/espaicomarca\/wp-json\/wp\/v2\/users\/1"}],"replies":[{"embeddable":true,"href":"https:\/\/cecbll.cat\/espaicomarca\/wp-json\/wp\/v2\/comments?post=1229"}],"version-history":[{"count":1,"href":"https:\/\/cecbll.cat\/espaicomarca\/wp-json\/wp\/v2\/pages\/1229\/revisions"}],"predecessor-version":[{"id":1231,"href":"https:\/\/cecbll.cat\/espaicomarca\/wp-json\/wp\/v2\/pages\/1229\/revisions\/1231"}],"wp:featuredmedia":[{"embeddable":true,"href":"https:\/\/cecbll.cat\/espaicomarca\/wp-json\/wp\/v2\/media\/1236"}],"wp:attachment":[{"href":"https:\/\/cecbll.cat\/espaicomarca\/wp-json\/wp\/v2\/media?parent=1229"}],"curies":[{"name":"wp","href":"https:\/\/api.w.org\/{rel}","templated":true}]}}