{"id":1219,"date":"2017-01-16T11:03:50","date_gmt":"2017-01-16T11:03:50","guid":{"rendered":"http:\/\/cecbll.cat\/espaicomarca\/?page_id=1219"},"modified":"2017-01-16T11:03:59","modified_gmt":"2017-01-16T11:03:59","slug":"parc-de-la-torreblanca","status":"publish","type":"page","link":"https:\/\/cecbll.cat\/espaicomarca\/parc-de-la-torreblanca\/","title":{"rendered":"Parc de La Torreblanca"},"content":{"rendered":"<p><strong>Carretera Reial, 167.\u00a0Sant Just Desvern<\/strong><\/p>\n<p>El\u00a0Parc de la Torreblanca\u00a0\u00e9s un\u00a0parc\u00a0ajardinat d&#8217;unes 12 hect\u00e0rees de l\u2019\u00e0rea metropolitana de Barcelona, al municipi de\u00a0Sant Just Desvern (Baix Llobregat), \u00a0tot i que tamb\u00e9 ocupa part de\u00a0Sant Joan Desp\u00ed\u00a0i\u00a0Sant Feliu de Llobregat \u00a0podent-s&#8217;hi accedir per qualsevol d&#8217;aquestes localitats.<strong>\u00a0<\/strong><\/p>\n<p>El centre dels jardins \u00e9s ocupat per un estany quasi sec rodejat de diversos elements d&#8217;inter\u00e8s arquitect\u00f2nic, dues coves artificials de car\u00e0cter rom\u00e0ntic, una amb embarcador. Damunt hi ha un templet ecl\u00e8ctic d&#8217;inspiraci\u00f3 grega, envoltat per vuit columnes estriades d&#8217;estil corinti i pedestals de granit grisenc amb daus esculpits. S\u00f3n de marbre blanc coronades per capitell del mateix material. Entorn del llac hi ha una torre mirador formada per paredat antic i coronada per merlets de ma\u00f3, on es puja per una escala de caragol que cont\u00e9 un pou dins l&#8217;ull de l&#8217;escala. Finalment, un pont rom\u00e0ntic imitant fusta travessa un sector del llac.<\/p>\n<p>Com que havia estat un jard\u00ed bot\u00e0nic, el parc consta d&#8217;una gran\u00a0diversitat vegetal d&#8217;una gran bellesa i amb molt de valor. A part, tamb\u00e9 hi ha una bona diversitat de fauna. Malauradament, hi ha tamb\u00e9 animals abandonats als llacs, com els \u00e0necs i oques de granja, o les\u00a0tortugues de Florida.<\/p>\n<p>&nbsp;<\/p>\n","protected":false},"excerpt":{"rendered":"<p>Carretera Reial, 167.\u00a0Sant Just Desvern El\u00a0Parc de la Torreblanca\u00a0\u00e9s un\u00a0parc\u00a0ajardinat d&#8217;unes 12 hect\u00e0rees de l\u2019\u00e0rea metropolitana de Barcelona, al municipi [&hellip;]<\/p>\n","protected":false},"author":1,"featured_media":1220,"parent":0,"menu_order":0,"comment_status":"closed","ping_status":"closed","template":"","meta":{"footnotes":"","_links_to":"","_links_to_target":""},"class_list":["post-1219","page","type-page","status-publish","has-post-thumbnail","hentry"],"_links":{"self":[{"href":"https:\/\/cecbll.cat\/espaicomarca\/wp-json\/wp\/v2\/pages\/1219","targetHints":{"allow":["GET"]}}],"collection":[{"href":"https:\/\/cecbll.cat\/espaicomarca\/wp-json\/wp\/v2\/pages"}],"about":[{"href":"https:\/\/cecbll.cat\/espaicomarca\/wp-json\/wp\/v2\/types\/page"}],"author":[{"embeddable":true,"href":"https:\/\/cecbll.cat\/espaicomarca\/wp-json\/wp\/v2\/users\/1"}],"replies":[{"embeddable":true,"href":"https:\/\/cecbll.cat\/espaicomarca\/wp-json\/wp\/v2\/comments?post=1219"}],"version-history":[{"count":2,"href":"https:\/\/cecbll.cat\/espaicomarca\/wp-json\/wp\/v2\/pages\/1219\/revisions"}],"predecessor-version":[{"id":1222,"href":"https:\/\/cecbll.cat\/espaicomarca\/wp-json\/wp\/v2\/pages\/1219\/revisions\/1222"}],"wp:featuredmedia":[{"embeddable":true,"href":"https:\/\/cecbll.cat\/espaicomarca\/wp-json\/wp\/v2\/media\/1220"}],"wp:attachment":[{"href":"https:\/\/cecbll.cat\/espaicomarca\/wp-json\/wp\/v2\/media?parent=1219"}],"curies":[{"name":"wp","href":"https:\/\/api.w.org\/{rel}","templated":true}]}}