{"id":1216,"date":"2017-01-16T11:01:58","date_gmt":"2017-01-16T11:01:58","guid":{"rendered":"http:\/\/cecbll.cat\/espaicomarca\/?page_id=1216"},"modified":"2017-01-16T11:01:58","modified_gmt":"2017-01-16T11:01:58","slug":"ribes-blaves","status":"publish","type":"page","link":"https:\/\/cecbll.cat\/espaicomarca\/ribes-blaves\/","title":{"rendered":"Ribes Blaves"},"content":{"rendered":"<p><strong>Carretera B-120 entre Olesa de Montserrat i Viladecavalls<\/strong><\/p>\n<p>L&#8217;aflorament geol\u00f2gic de les\u00a0Ribes Blaves\u00a0\u00e9s una falla del\u00a0Neogen\u00a0i es localitza en un tram de la carretera\u00a0B-120\u00a0entre\u00a0Olesa de Montserrat\u00a0i\u00a0Viladecavalls. \u00c9s ubicat dins del terme municipal d&#8217;Olesa de Montserrat i \u00e9s lloc de dest\u00ed de molts ge\u00f2legs per la seva singularitat.<\/p>\n<p>\u00c9s un aflorament pissarr\u00f3s amb una tonalitat turquesa a causa de les fortes pressions i temperatures que va assolir durant la seva formaci\u00f3.\u00a0\u00c9s reconegut a nivell internacional\u00a0i \u00e9s un dels punts geol\u00f2gics m\u00e9s importants de\u00a0Catalunya, ja que s&#8217;hi explica una etapa de la formaci\u00f3 del relleu del pa\u00eds.<\/p>\n<p>&nbsp;<\/p>\n","protected":false},"excerpt":{"rendered":"<p>Carretera B-120 entre Olesa de Montserrat i Viladecavalls L&#8217;aflorament geol\u00f2gic de les\u00a0Ribes Blaves\u00a0\u00e9s una falla del\u00a0Neogen\u00a0i es localitza en un [&hellip;]<\/p>\n","protected":false},"author":1,"featured_media":1217,"parent":0,"menu_order":0,"comment_status":"closed","ping_status":"closed","template":"","meta":{"footnotes":"","_links_to":"","_links_to_target":""},"class_list":["post-1216","page","type-page","status-publish","has-post-thumbnail","hentry"],"_links":{"self":[{"href":"https:\/\/cecbll.cat\/espaicomarca\/wp-json\/wp\/v2\/pages\/1216","targetHints":{"allow":["GET"]}}],"collection":[{"href":"https:\/\/cecbll.cat\/espaicomarca\/wp-json\/wp\/v2\/pages"}],"about":[{"href":"https:\/\/cecbll.cat\/espaicomarca\/wp-json\/wp\/v2\/types\/page"}],"author":[{"embeddable":true,"href":"https:\/\/cecbll.cat\/espaicomarca\/wp-json\/wp\/v2\/users\/1"}],"replies":[{"embeddable":true,"href":"https:\/\/cecbll.cat\/espaicomarca\/wp-json\/wp\/v2\/comments?post=1216"}],"version-history":[{"count":1,"href":"https:\/\/cecbll.cat\/espaicomarca\/wp-json\/wp\/v2\/pages\/1216\/revisions"}],"predecessor-version":[{"id":1218,"href":"https:\/\/cecbll.cat\/espaicomarca\/wp-json\/wp\/v2\/pages\/1216\/revisions\/1218"}],"wp:featuredmedia":[{"embeddable":true,"href":"https:\/\/cecbll.cat\/espaicomarca\/wp-json\/wp\/v2\/media\/1217"}],"wp:attachment":[{"href":"https:\/\/cecbll.cat\/espaicomarca\/wp-json\/wp\/v2\/media?parent=1216"}],"curies":[{"name":"wp","href":"https:\/\/api.w.org\/{rel}","templated":true}]}}