{"id":1213,"date":"2017-01-16T11:00:47","date_gmt":"2017-01-16T11:00:47","guid":{"rendered":"http:\/\/cecbll.cat\/espaicomarca\/?page_id=1213"},"modified":"2017-01-16T11:00:47","modified_gmt":"2017-01-16T11:00:47","slug":"cripta-de-la-colonia-guell","status":"publish","type":"page","link":"https:\/\/cecbll.cat\/espaicomarca\/cripta-de-la-colonia-guell\/","title":{"rendered":"Cripta de la Col\u00f2nia G\u00fcell"},"content":{"rendered":"<p><strong>Santa Coloma de Cervell\u00f3<\/strong><\/p>\n<p>El projecte de col\u00f2nia obrera ideat per G\u00fcell disposava d&#8217;hospital, fonda, escola, comer\u00e7os, teatre, cooperativa i capella, a m\u00e9s de les f\u00e0briques i els habitatges dels obrers, en una superf\u00edcie total d&#8217;unes 160 hect\u00e0rees. La que hauria sigut esgl\u00e9sia de la Col\u00f2nia fou encarregada per G\u00fcell i projectada per Gaud\u00ed el\u00a01898<strong>. <\/strong><\/p>\n<p>Per a aquesta obra Gaud\u00ed ide\u00e0 un nou i curi\u00f3s m\u00e8tode de calcular l&#8217;estructura de l&#8217;edifici: en un coberter junt a les obres constru\u00ed una maqueta a gran escala (1:10), de quatre metres d&#8217;altura, on instal\u00b7l\u00e0 un muntatge confeccionat amb uns cordills dels que penjaven petits sacs plens de perdigons.<\/p>\n<p>En un tauler de fusta fixat al sostre dibuix\u00e0 la planta de l&#8217;esgl\u00e9sia, i dels punts sustentants de l&#8217;edifici \u2013columnes, intersecci\u00f3 de parets\u2013 penj\u00e0 els cordills (per als funiculars) amb els sacs de perdigons (per a les c\u00e0rregues), que aix\u00ed suspesos donaven la corba\u00a0<a href=\"https:\/\/ca.wikipedia.org\/wiki\/Caten%C3%A0ria\">caten\u00e0ria<\/a>\u00a0resultant, tant en arcs com en voltes. D&#8217;aqu\u00ed treia una fotografia, que un cop invertida donava l&#8217;estructura de columnes i arcs que Gaud\u00ed estava buscant.<\/p>\n<p>Per integrar l&#8217;esgl\u00e9sia en el paisatge, Gaud\u00ed project\u00e0 la superposici\u00f3 d&#8217;estructures de diversos materials.<\/p>\n<p>&nbsp;<\/p>\n","protected":false},"excerpt":{"rendered":"<p>Santa Coloma de Cervell\u00f3 El projecte de col\u00f2nia obrera ideat per G\u00fcell disposava d&#8217;hospital, fonda, escola, comer\u00e7os, teatre, cooperativa i [&hellip;]<\/p>\n","protected":false},"author":1,"featured_media":1214,"parent":0,"menu_order":0,"comment_status":"closed","ping_status":"closed","template":"","meta":{"footnotes":"","_links_to":"","_links_to_target":""},"class_list":["post-1213","page","type-page","status-publish","has-post-thumbnail","hentry"],"_links":{"self":[{"href":"https:\/\/cecbll.cat\/espaicomarca\/wp-json\/wp\/v2\/pages\/1213","targetHints":{"allow":["GET"]}}],"collection":[{"href":"https:\/\/cecbll.cat\/espaicomarca\/wp-json\/wp\/v2\/pages"}],"about":[{"href":"https:\/\/cecbll.cat\/espaicomarca\/wp-json\/wp\/v2\/types\/page"}],"author":[{"embeddable":true,"href":"https:\/\/cecbll.cat\/espaicomarca\/wp-json\/wp\/v2\/users\/1"}],"replies":[{"embeddable":true,"href":"https:\/\/cecbll.cat\/espaicomarca\/wp-json\/wp\/v2\/comments?post=1213"}],"version-history":[{"count":1,"href":"https:\/\/cecbll.cat\/espaicomarca\/wp-json\/wp\/v2\/pages\/1213\/revisions"}],"predecessor-version":[{"id":1215,"href":"https:\/\/cecbll.cat\/espaicomarca\/wp-json\/wp\/v2\/pages\/1213\/revisions\/1215"}],"wp:featuredmedia":[{"embeddable":true,"href":"https:\/\/cecbll.cat\/espaicomarca\/wp-json\/wp\/v2\/media\/1214"}],"wp:attachment":[{"href":"https:\/\/cecbll.cat\/espaicomarca\/wp-json\/wp\/v2\/media?parent=1213"}],"curies":[{"name":"wp","href":"https:\/\/api.w.org\/{rel}","templated":true}]}}