{"id":1210,"date":"2017-01-16T10:59:06","date_gmt":"2017-01-16T10:59:06","guid":{"rendered":"http:\/\/cecbll.cat\/espaicomarca\/?page_id=1210"},"modified":"2017-01-16T10:59:06","modified_gmt":"2017-01-16T10:59:06","slug":"itineraris-santa-creu-dolorda","status":"publish","type":"page","link":"https:\/\/cecbll.cat\/espaicomarca\/itineraris-santa-creu-dolorda\/","title":{"rendered":"Itineraris Santa Creu d\u2019Olorda"},"content":{"rendered":"<p>Un itinerari va des de l\u2019esplanada de l\u2019aparcament de l\u2019esgl\u00e9sia de Santa Creu d\u2019Olorda, fins a mig cam\u00ed entre Molins de Rei i Vallvidrera. Es tracta de viatjar a m\u00e9s de 400 milions d\u2019anys per apropar-nos a les evid\u00e8ncies geol\u00f2giques sobre els processos d&#8217; erosi\u00f3, sedimentaci\u00f3 i deformaci\u00f3 de les roques i a les transformacions que experimenten per la pressi\u00f3 i la calor interna de la Geosfera. La major part de minerals i roques corresponen al Paleozoic.<\/p>\n<p>Un segon itinerari recorre l\u2019antic cam\u00ed medieval de Santa Creu d\u2019Olorda per tal de veure les petjades en el territori i l\u2019aprofitament dels recursos dels homes i les dones del passat: estructures hidr\u00e0uliques per l\u2019aprofitament de l\u2019 aigua, forns de cal\u00e7, pous de gla\u00e7, fites de separaci\u00f3 dels termes municipals, etc.<\/p>\n<p>&nbsp;<\/p>\n","protected":false},"excerpt":{"rendered":"<p>Un itinerari va des de l\u2019esplanada de l\u2019aparcament de l\u2019esgl\u00e9sia de Santa Creu d\u2019Olorda, fins a mig cam\u00ed entre Molins [&hellip;]<\/p>\n","protected":false},"author":1,"featured_media":1211,"parent":0,"menu_order":0,"comment_status":"closed","ping_status":"closed","template":"","meta":{"footnotes":"","_links_to":"","_links_to_target":""},"class_list":["post-1210","page","type-page","status-publish","has-post-thumbnail","hentry"],"_links":{"self":[{"href":"https:\/\/cecbll.cat\/espaicomarca\/wp-json\/wp\/v2\/pages\/1210","targetHints":{"allow":["GET"]}}],"collection":[{"href":"https:\/\/cecbll.cat\/espaicomarca\/wp-json\/wp\/v2\/pages"}],"about":[{"href":"https:\/\/cecbll.cat\/espaicomarca\/wp-json\/wp\/v2\/types\/page"}],"author":[{"embeddable":true,"href":"https:\/\/cecbll.cat\/espaicomarca\/wp-json\/wp\/v2\/users\/1"}],"replies":[{"embeddable":true,"href":"https:\/\/cecbll.cat\/espaicomarca\/wp-json\/wp\/v2\/comments?post=1210"}],"version-history":[{"count":1,"href":"https:\/\/cecbll.cat\/espaicomarca\/wp-json\/wp\/v2\/pages\/1210\/revisions"}],"predecessor-version":[{"id":1212,"href":"https:\/\/cecbll.cat\/espaicomarca\/wp-json\/wp\/v2\/pages\/1210\/revisions\/1212"}],"wp:featuredmedia":[{"embeddable":true,"href":"https:\/\/cecbll.cat\/espaicomarca\/wp-json\/wp\/v2\/media\/1211"}],"wp:attachment":[{"href":"https:\/\/cecbll.cat\/espaicomarca\/wp-json\/wp\/v2\/media?parent=1210"}],"curies":[{"name":"wp","href":"https:\/\/api.w.org\/{rel}","templated":true}]}}