{"id":1207,"date":"2017-01-16T10:57:48","date_gmt":"2017-01-16T10:57:48","guid":{"rendered":"http:\/\/cecbll.cat\/espaicomarca\/?page_id=1207"},"modified":"2017-01-16T10:57:48","modified_gmt":"2017-01-16T10:57:48","slug":"les-escletxes-del-papiol","status":"publish","type":"page","link":"https:\/\/cecbll.cat\/espaicomarca\/les-escletxes-del-papiol\/","title":{"rendered":"Les Escletxes del Papiol"},"content":{"rendered":"<p><strong>El Papiol (gps\u00a0<\/strong><strong><u>31T 417974 4587901<\/u><\/strong><strong>)<\/strong><\/p>\n<p>Les Escletxes\u00a0al municipi del Papiol\u00a0s\u00f3n unes esquerdes naturals de certa espectacularitat situades a la\u00a0serra de Collserola\u00a0vora el\u00a0Puig Madrona.<\/p>\n<p>Obertes en una unitat de roca calc\u00e0ria d&#8217;edat miocena, han sigut ocasionades per l&#8217;assentament damunt un terreny argil\u00f3s i estovat per filtracions naturals.<\/p>\n<p>Tenien renom internacional, per\u00f2 foren gaireb\u00e9 destru\u00efdes als anys cinquanta, en fer ciment de la seva pedra, malgrat l&#8217;oposici\u00f3 de l&#8217;ajuntament. Algunes d&#8217;elles s\u00f3n actualment visitables pel seu interior.<\/p>\n<p>&nbsp;<\/p>\n","protected":false},"excerpt":{"rendered":"<p>El Papiol (gps\u00a031T 417974 4587901) Les Escletxes\u00a0al municipi del Papiol\u00a0s\u00f3n unes esquerdes naturals de certa espectacularitat situades a la\u00a0serra de [&hellip;]<\/p>\n","protected":false},"author":1,"featured_media":1208,"parent":0,"menu_order":0,"comment_status":"closed","ping_status":"closed","template":"","meta":{"footnotes":"","_links_to":"","_links_to_target":""},"class_list":["post-1207","page","type-page","status-publish","has-post-thumbnail","hentry"],"_links":{"self":[{"href":"https:\/\/cecbll.cat\/espaicomarca\/wp-json\/wp\/v2\/pages\/1207","targetHints":{"allow":["GET"]}}],"collection":[{"href":"https:\/\/cecbll.cat\/espaicomarca\/wp-json\/wp\/v2\/pages"}],"about":[{"href":"https:\/\/cecbll.cat\/espaicomarca\/wp-json\/wp\/v2\/types\/page"}],"author":[{"embeddable":true,"href":"https:\/\/cecbll.cat\/espaicomarca\/wp-json\/wp\/v2\/users\/1"}],"replies":[{"embeddable":true,"href":"https:\/\/cecbll.cat\/espaicomarca\/wp-json\/wp\/v2\/comments?post=1207"}],"version-history":[{"count":1,"href":"https:\/\/cecbll.cat\/espaicomarca\/wp-json\/wp\/v2\/pages\/1207\/revisions"}],"predecessor-version":[{"id":1209,"href":"https:\/\/cecbll.cat\/espaicomarca\/wp-json\/wp\/v2\/pages\/1207\/revisions\/1209"}],"wp:featuredmedia":[{"embeddable":true,"href":"https:\/\/cecbll.cat\/espaicomarca\/wp-json\/wp\/v2\/media\/1208"}],"wp:attachment":[{"href":"https:\/\/cecbll.cat\/espaicomarca\/wp-json\/wp\/v2\/media?parent=1207"}],"curies":[{"name":"wp","href":"https:\/\/api.w.org\/{rel}","templated":true}]}}