{"id":1204,"date":"2017-01-16T10:56:42","date_gmt":"2017-01-16T10:56:42","guid":{"rendered":"http:\/\/cecbll.cat\/espaicomarca\/?page_id=1204"},"modified":"2017-01-16T10:56:42","modified_gmt":"2017-01-16T10:56:42","slug":"palau-falguera","status":"publish","type":"page","link":"https:\/\/cecbll.cat\/espaicomarca\/palau-falguera\/","title":{"rendered":"Palau Falguera"},"content":{"rendered":"<p><strong>C. de Falguera, 2-8. Sant Feliu de Llobregat<\/strong><\/p>\n<p>El palau Falguera i els seus jardins daten del segle XVII, quan Jaume Falguera va construir un gran palau, amb uns jardins que arribaven fins al riu Llobregat. Algunes fonts hist\u00f2riques mencionen l&#8217;estada al palau Falguera del rei Felip V, a principis del segle XVIII.<\/p>\n<p>Fins a l&#8217;any 1988, aquest conjunt hist\u00f2ric va ser propietat del marqu\u00e8s de Castellbell, descendent de Jaume Falguera. L&#8217;any 1995 la finca la va adquirir l&#8217;Ajuntament de Sant Feliu de Llobregat.<\/p>\n<p>Us convidem a experimentar una agradable visita a la carrossa del Palau, a la sala dels ventalls i altres espais com la planta noble, aix\u00ed com tamb\u00e9 a con\u00e8ixer la hist\u00f2ria d&#8217;aquest excepcional Palau a trav\u00e9s d&#8217;una projecci\u00f3 audiovisual.<\/p>\n","protected":false},"excerpt":{"rendered":"<p>C. de Falguera, 2-8. Sant Feliu de Llobregat El palau Falguera i els seus jardins daten del segle XVII, quan [&hellip;]<\/p>\n","protected":false},"author":1,"featured_media":1205,"parent":0,"menu_order":0,"comment_status":"closed","ping_status":"closed","template":"","meta":{"footnotes":"","_links_to":"","_links_to_target":""},"class_list":["post-1204","page","type-page","status-publish","has-post-thumbnail","hentry"],"_links":{"self":[{"href":"https:\/\/cecbll.cat\/espaicomarca\/wp-json\/wp\/v2\/pages\/1204","targetHints":{"allow":["GET"]}}],"collection":[{"href":"https:\/\/cecbll.cat\/espaicomarca\/wp-json\/wp\/v2\/pages"}],"about":[{"href":"https:\/\/cecbll.cat\/espaicomarca\/wp-json\/wp\/v2\/types\/page"}],"author":[{"embeddable":true,"href":"https:\/\/cecbll.cat\/espaicomarca\/wp-json\/wp\/v2\/users\/1"}],"replies":[{"embeddable":true,"href":"https:\/\/cecbll.cat\/espaicomarca\/wp-json\/wp\/v2\/comments?post=1204"}],"version-history":[{"count":1,"href":"https:\/\/cecbll.cat\/espaicomarca\/wp-json\/wp\/v2\/pages\/1204\/revisions"}],"predecessor-version":[{"id":1206,"href":"https:\/\/cecbll.cat\/espaicomarca\/wp-json\/wp\/v2\/pages\/1204\/revisions\/1206"}],"wp:featuredmedia":[{"embeddable":true,"href":"https:\/\/cecbll.cat\/espaicomarca\/wp-json\/wp\/v2\/media\/1205"}],"wp:attachment":[{"href":"https:\/\/cecbll.cat\/espaicomarca\/wp-json\/wp\/v2\/media?parent=1204"}],"curies":[{"name":"wp","href":"https:\/\/api.w.org\/{rel}","templated":true}]}}