{"id":1178,"date":"2017-01-16T10:15:55","date_gmt":"2017-01-16T10:15:55","guid":{"rendered":"http:\/\/cecbll.cat\/espaicomarca\/?page_id=1178"},"modified":"2017-02-17T11:55:08","modified_gmt":"2017-02-17T11:55:08","slug":"1178-2","status":"publish","type":"page","link":"https:\/\/cecbll.cat\/espaicomarca\/1178-2\/","title":{"rendered":"El rom\u00e0nic al Baix Llobregat"},"content":{"rendered":"<div id=\"pl-1178\"  class=\"panel-layout\" ><div id=\"pg-1178-0\"  class=\"panel-grid panel-no-style\" ><div id=\"pgc-1178-0-0\"  class=\"panel-grid-cell\" ><div id=\"panel-1178-0-0-0\" class=\"so-panel widget widget_sow-editor panel-first-child panel-last-child\" data-index=\"0\" ><div\n\t\t\t\n\t\t\tclass=\"so-widget-sow-editor so-widget-sow-editor-base\"\n\t\t\t\n\t\t>\n<div class=\"siteorigin-widget-tinymce textwidget\">\n\t<p>El Baix Llobregat, tot i que pot resultar curi\u00f3s, t\u00e9 un nombr\u00f3s grup d\u2019elements arquitect\u00f2nics de caire religi\u00f3s i defensiu d\u2019estil rom\u00e0nic, com ara l'Esgl\u00e9sia de Sant Pere d'Abrera del segle XI, el Castell de Castellv\u00ed de Rosanes del segle X, Santa Maria del Puig d'Esparreguera del segle X o Sant Pere de Roman\u00ed de Molins del segle XI.\u00a0El cas m\u00e9s important per\u00f2, \u00e9s el de Sant Pon\u00e7 de Corbera. Es tracta de les restes d\u2019un monestir que tot i dependre de la parr\u00f2quia de Corbera (d\u2019aqu\u00ed el seu nom), est\u00e0 al terme municipal de Cervell\u00f3.\u00a0<\/p>\n<p>Tot aquest ric patrimoni s'ha de posar en valor. S'ha de visibilitzar a tota la ciutadania i no nom\u00e9s a la de la comarca. \u00c9s per aix\u00f2 que el CECBLL vol impulsar una marca del Rom\u00e0nic del Baix Llobregat perqu\u00e8, com ens diu Montserrat Pag\u00e9s, a la nostra comarca hi trobem el Rom\u00e0nic m\u00e9s important de tota Europa.\u00a0<\/p>\n<\/div>\n<\/div><\/div><\/div><\/div><div id=\"pg-1178-1\"  class=\"panel-grid panel-no-style\" ><div id=\"pgc-1178-1-0\"  class=\"panel-grid-cell\" ><div id=\"panel-1178-1-0-0\" class=\"so-panel widget widget_sow-image panel-first-child panel-last-child\" data-index=\"1\" ><div\n\t\t\t\n\t\t\tclass=\"so-widget-sow-image so-widget-sow-image-default-8b5b6f678277-1178\"\n\t\t\t\n\t\t>\n<div class=\"sow-image-container\">\n\t\t\t<a href=\"http:\/\/cecbll.cat\/espaicomarca\/sant-pere-dabrera\/\"\n\t\t\t\t\t>\n\t\t\t<img \n\tsrc=\"https:\/\/cecbll.cat\/espaicomarca\/wp-content\/uploads\/2017\/01\/pere_abrera_1.jpg\" width=\"1200\" height=\"355\" srcset=\"https:\/\/cecbll.cat\/espaicomarca\/wp-content\/uploads\/2017\/01\/pere_abrera_1.jpg 1200w, https:\/\/cecbll.cat\/espaicomarca\/wp-content\/uploads\/2017\/01\/pere_abrera_1-300x89.jpg 300w, https:\/\/cecbll.cat\/espaicomarca\/wp-content\/uploads\/2017\/01\/pere_abrera_1-1024x303.jpg 1024w, https:\/\/cecbll.cat\/espaicomarca\/wp-content\/uploads\/2017\/01\/pere_abrera_1-270x80.jpg 270w\" sizes=\"(max-width: 1200px) 100vw, 1200px\" alt=\"\" \t\tclass=\"so-widget-image\"\/>\n\t\t\t<\/a><\/div>\n\n<\/div><\/div><\/div><\/div><div id=\"pg-1178-2\"  class=\"panel-grid panel-no-style\" ><div id=\"pgc-1178-2-0\"  class=\"panel-grid-cell\" ><div id=\"panel-1178-2-0-0\" class=\"so-panel widget widget_sow-editor panel-first-child panel-last-child\" data-index=\"2\" ><div\n\t\t\t\n\t\t\tclass=\"so-widget-sow-editor so-widget-sow-editor-base\"\n\t\t\t\n\t\t><h3 class=\"widget-title\">Esgl\u00e8sia de Sant Pere d\u2019Abrera<\/h3>\n<div class=\"siteorigin-widget-tinymce textwidget\">\n\t<p><strong>Pla\u00e7a de l'Esgl\u00e9sia, 9.\u00a0Abrera<\/strong><\/p>\n<p>Sant Pere d'Abrera\u00a0\u00e9s una\u00a0esgl\u00e9sia rom\u00e0nica\u00a0dins del municipi d'Abrera\u00a0(Baix Llobregat) protegida com a\u00a0b\u00e9 cultural d'inter\u00e8s local.\u00a0La parr\u00f2quia de Sant Pere d\u2019Abrera, dins del terme del castell de Voltrera... <a href=\"http:\/\/cecbll.cat\/espaicomarca\/sant-pere-dabrera\/\">&lt;veure m\u00e9s&gt;<\/a><\/p>\n<\/div>\n<\/div><\/div><\/div><\/div><div id=\"pg-1178-3\"  class=\"panel-grid panel-no-style\" ><div id=\"pgc-1178-3-0\"  class=\"panel-grid-cell\" ><div id=\"panel-1178-3-0-0\" class=\"so-panel widget widget_sow-image panel-first-child panel-last-child\" data-index=\"3\" ><div\n\t\t\t\n\t\t\tclass=\"so-widget-sow-image so-widget-sow-image-default-8b5b6f678277-1178\"\n\t\t\t\n\t\t>\n<div class=\"sow-image-container\">\n\t\t\t<a href=\"http:\/\/cecbll.cat\/espaicomarca\/santa-maria-de-cervello-i-castell-de-cervello\/\"\n\t\t\t\t\t>\n\t\t\t<img \n\tsrc=\"https:\/\/cecbll.cat\/espaicomarca\/wp-content\/uploads\/2017\/01\/santa_maria_cervello_1.jpg\" width=\"1200\" height=\"355\" srcset=\"https:\/\/cecbll.cat\/espaicomarca\/wp-content\/uploads\/2017\/01\/santa_maria_cervello_1.jpg 1200w, https:\/\/cecbll.cat\/espaicomarca\/wp-content\/uploads\/2017\/01\/santa_maria_cervello_1-300x89.jpg 300w, https:\/\/cecbll.cat\/espaicomarca\/wp-content\/uploads\/2017\/01\/santa_maria_cervello_1-1024x303.jpg 1024w, https:\/\/cecbll.cat\/espaicomarca\/wp-content\/uploads\/2017\/01\/santa_maria_cervello_1-270x80.jpg 270w\" sizes=\"(max-width: 1200px) 100vw, 1200px\" alt=\"\" \t\tclass=\"so-widget-image\"\/>\n\t\t\t<\/a><\/div>\n\n<\/div><\/div><\/div><\/div><div id=\"pg-1178-4\"  class=\"panel-grid panel-no-style\" ><div id=\"pgc-1178-4-0\"  class=\"panel-grid-cell\" ><div id=\"panel-1178-4-0-0\" class=\"so-panel widget widget_sow-editor panel-first-child panel-last-child\" data-index=\"4\" ><div\n\t\t\t\n\t\t\tclass=\"so-widget-sow-editor so-widget-sow-editor-base\"\n\t\t\t\n\t\t><h3 class=\"widget-title\">Esgl\u00e8sia rom\u00e0nica de Santa Maria de Cervell\u00f3 i Castell de la Baronia de Cervell\u00f3<\/h3>\n<div class=\"siteorigin-widget-tinymce textwidget\">\n\t<p><strong>Cervell\u00f3\u00a0<\/strong><\/p>\n<p>Santa Maria de Cervell\u00f3\u00a0o dels\u00a0Socors\u00a0\u00e9s una\u00a0esgl\u00e9sia\u00a0situada sota les ru\u00efnes del\u00a0castell de Cervell\u00f3, al sud del nucli antic del\u00a0poble, al Baix Llobregat.\u00a0El castell era de planta molt allargassada. Tenia l'entrada a ponent, el lloc m\u00e9s...<a href=\"http:\/\/cecbll.cat\/espaicomarca\/santa-maria-de-cervello-i-castell-de-cervello\/\">&lt;veure m\u00e9s&gt;<\/a><\/p>\n<\/div>\n<\/div><\/div><\/div><\/div><div id=\"pg-1178-5\"  class=\"panel-grid panel-no-style\" ><div id=\"pgc-1178-5-0\"  class=\"panel-grid-cell\" ><div id=\"panel-1178-5-0-0\" class=\"so-panel widget widget_sow-image panel-first-child panel-last-child\" data-index=\"5\" ><div\n\t\t\t\n\t\t\tclass=\"so-widget-sow-image so-widget-sow-image-default-8b5b6f678277-1178\"\n\t\t\t\n\t\t>\n<div class=\"sow-image-container\">\n\t\t\t<a href=\"http:\/\/cecbll.cat\/espaicomarca\/mare-de-deu-de-bruguers\/\"\n\t\t\t\t\t>\n\t\t\t<img \n\tsrc=\"https:\/\/cecbll.cat\/espaicomarca\/wp-content\/uploads\/2017\/01\/bruguers_1.jpg\" width=\"1200\" height=\"355\" srcset=\"https:\/\/cecbll.cat\/espaicomarca\/wp-content\/uploads\/2017\/01\/bruguers_1.jpg 1200w, https:\/\/cecbll.cat\/espaicomarca\/wp-content\/uploads\/2017\/01\/bruguers_1-300x89.jpg 300w, https:\/\/cecbll.cat\/espaicomarca\/wp-content\/uploads\/2017\/01\/bruguers_1-1024x303.jpg 1024w, https:\/\/cecbll.cat\/espaicomarca\/wp-content\/uploads\/2017\/01\/bruguers_1-270x80.jpg 270w\" sizes=\"(max-width: 1200px) 100vw, 1200px\" alt=\"\" \t\tclass=\"so-widget-image\"\/>\n\t\t\t<\/a><\/div>\n\n<\/div><\/div><\/div><\/div><div id=\"pg-1178-6\"  class=\"panel-grid panel-no-style\" ><div id=\"pgc-1178-6-0\"  class=\"panel-grid-cell\" ><div id=\"panel-1178-6-0-0\" class=\"so-panel widget widget_sow-editor panel-first-child panel-last-child\" data-index=\"6\" ><div\n\t\t\t\n\t\t\tclass=\"so-widget-sow-editor so-widget-sow-editor-base\"\n\t\t\t\n\t\t><h3 class=\"widget-title\">Ermita de Bruguers de Gav\u00e0<\/h3>\n<div class=\"siteorigin-widget-tinymce textwidget\">\n\t<p><strong>Ctra. de Begues.\u00a0Gav\u00e0<\/strong><\/p>\n<p>La\u00a0Mare de D\u00e9u de Bruguers\u00a0o\u00a0Ermita de Bruguers\u00a0\u00e9s una obra originalment\u00a0rom\u00e0nica\u00a0del\u00a0segle XIII\u00a0del municipi de\u00a0Gav\u00e0\u00a0(Baix Llobregat). S'hi venera la\u00a0Mare de D\u00e9u de Bruguers, una\u00a0mareded\u00e9u trobada... <a href=\"http:\/\/cecbll.cat\/espaicomarca\/mare-de-deu-de-bruguers\/\">&lt;veure m\u00e9s&gt;<\/a>\u00a0<\/p>\n<\/div>\n<\/div><\/div><\/div><\/div><div id=\"pg-1178-7\"  class=\"panel-grid panel-no-style\" ><div id=\"pgc-1178-7-0\"  class=\"panel-grid-cell\" ><div id=\"panel-1178-7-0-0\" class=\"so-panel widget widget_sow-image panel-first-child panel-last-child\" data-index=\"7\" ><div\n\t\t\t\n\t\t\tclass=\"so-widget-sow-image so-widget-sow-image-default-8b5b6f678277-1178\"\n\t\t\t\n\t\t>\n<div class=\"sow-image-container\">\n\t\t\t<a href=\"http:\/\/cecbll.cat\/espaicomarca\/esglesia-de-santa-maria-del-puig-desparreguera\/\"\n\t\t\t\t\t>\n\t\t\t<img \n\tsrc=\"https:\/\/cecbll.cat\/espaicomarca\/wp-content\/uploads\/2017\/01\/esparreguera_1.jpg\" width=\"1200\" height=\"355\" srcset=\"https:\/\/cecbll.cat\/espaicomarca\/wp-content\/uploads\/2017\/01\/esparreguera_1.jpg 1200w, https:\/\/cecbll.cat\/espaicomarca\/wp-content\/uploads\/2017\/01\/esparreguera_1-300x89.jpg 300w, https:\/\/cecbll.cat\/espaicomarca\/wp-content\/uploads\/2017\/01\/esparreguera_1-1024x303.jpg 1024w, https:\/\/cecbll.cat\/espaicomarca\/wp-content\/uploads\/2017\/01\/esparreguera_1-270x80.jpg 270w\" sizes=\"(max-width: 1200px) 100vw, 1200px\" alt=\"\" \t\tclass=\"so-widget-image\"\/>\n\t\t\t<\/a><\/div>\n\n<\/div><\/div><\/div><\/div><div id=\"pg-1178-8\"  class=\"panel-grid panel-no-style\" ><div id=\"pgc-1178-8-0\"  class=\"panel-grid-cell\" ><div id=\"panel-1178-8-0-0\" class=\"so-panel widget widget_sow-editor panel-first-child panel-last-child\" data-index=\"8\" ><div\n\t\t\t\n\t\t\tclass=\"so-widget-sow-editor so-widget-sow-editor-base\"\n\t\t\t\n\t\t><h3 class=\"widget-title\">Esgl\u00e9sia de Santa Maria del Puig d\u2019Esparreguera<\/h3>\n<div class=\"siteorigin-widget-tinymce textwidget\">\n\t<p><strong>Pla del Puig. Esparreguera<\/strong><\/p>\n<p>El\u00a0985, dins del terme del\u00a0castell d'Esparreguera\u00a0hi havia diverses parr\u00f2quies, per tant, ja aleshores deuria existir Santa Maria del Puig, que sembla que fou edificada pels voltants del\u00a0segle X... <a href=\"http:\/\/cecbll.cat\/espaicomarca\/esglesia-de-santa-maria-del-puig-desparreguera\/\">&lt;veure m\u00e9s&gt;<\/a><\/p>\n<\/div>\n<\/div><\/div><\/div><\/div><div id=\"pg-1178-9\"  class=\"panel-grid panel-no-style\" ><div id=\"pgc-1178-9-0\"  class=\"panel-grid-cell\" ><div id=\"panel-1178-9-0-0\" class=\"so-panel widget widget_sow-image panel-first-child panel-last-child\" data-index=\"9\" ><div\n\t\t\t\n\t\t\tclass=\"so-widget-sow-image so-widget-sow-image-default-8b5b6f678277-1178\"\n\t\t\t\n\t\t>\n<div class=\"sow-image-container\">\n\t\t\t<a href=\"http:\/\/cecbll.cat\/espaicomarca\/sant-pere-del-romani\/\"\n\t\t\t\t\t>\n\t\t\t<img \n\tsrc=\"https:\/\/cecbll.cat\/espaicomarca\/wp-content\/uploads\/2017\/01\/sant_pere_1.jpg\" width=\"1200\" height=\"355\" srcset=\"https:\/\/cecbll.cat\/espaicomarca\/wp-content\/uploads\/2017\/01\/sant_pere_1.jpg 1200w, https:\/\/cecbll.cat\/espaicomarca\/wp-content\/uploads\/2017\/01\/sant_pere_1-300x89.jpg 300w, https:\/\/cecbll.cat\/espaicomarca\/wp-content\/uploads\/2017\/01\/sant_pere_1-1024x303.jpg 1024w, https:\/\/cecbll.cat\/espaicomarca\/wp-content\/uploads\/2017\/01\/sant_pere_1-270x80.jpg 270w\" sizes=\"(max-width: 1200px) 100vw, 1200px\" alt=\"\" \t\tclass=\"so-widget-image\"\/>\n\t\t\t<\/a><\/div>\n\n<\/div><\/div><\/div><\/div><div id=\"pg-1178-10\"  class=\"panel-grid panel-no-style\" ><div id=\"pgc-1178-10-0\"  class=\"panel-grid-cell\" ><div id=\"panel-1178-10-0-0\" class=\"so-panel widget widget_sow-editor panel-first-child panel-last-child\" data-index=\"10\" ><div\n\t\t\t\n\t\t\tclass=\"so-widget-sow-editor so-widget-sow-editor-base\"\n\t\t\t\n\t\t><h3 class=\"widget-title\">Esgl\u00e8sia de Sant Pere del Roman\u00ed a Molins de Rei<\/h3>\n<div class=\"siteorigin-widget-tinymce textwidget\">\n\t<p><strong>Carrer Riera Bonet, 30. Molins de Rei<\/strong><\/p>\n<p>L'ermita d'estil rom\u00e0nic presenta indicis d'un possible origen prerom\u00e0nic. Encarada est-oest, \u00e9s d'una sola nau i amb absis al cant\u00f3 est. Les parets s\u00f3n de ma\u00e7oneria, amb pedra i morter d'un gruix... <a href=\"http:\/\/cecbll.cat\/espaicomarca\/sant-pere-del-romani\/\">&lt;veure m\u00e9s&gt;<\/a><\/p>\n<\/div>\n<\/div><\/div><\/div><\/div><div id=\"pg-1178-11\"  class=\"panel-grid panel-no-style\" ><div id=\"pgc-1178-11-0\"  class=\"panel-grid-cell\" ><div id=\"panel-1178-11-0-0\" class=\"so-panel widget widget_sow-image panel-first-child panel-last-child\" data-index=\"11\" ><div\n\t\t\t\n\t\t\tclass=\"so-widget-sow-image so-widget-sow-image-default-8b5b6f678277-1178\"\n\t\t\t\n\t\t>\n<div class=\"sow-image-container\">\n\t\t\t<a href=\"http:\/\/cecbll.cat\/espaicomarca\/sant-ponc-de-corbera\/\"\n\t\t\t\t\t>\n\t\t\t<img \n\tsrc=\"https:\/\/cecbll.cat\/espaicomarca\/wp-content\/uploads\/2017\/01\/corbera_1.jpg\" width=\"1200\" height=\"355\" srcset=\"https:\/\/cecbll.cat\/espaicomarca\/wp-content\/uploads\/2017\/01\/corbera_1.jpg 1200w, https:\/\/cecbll.cat\/espaicomarca\/wp-content\/uploads\/2017\/01\/corbera_1-300x89.jpg 300w, https:\/\/cecbll.cat\/espaicomarca\/wp-content\/uploads\/2017\/01\/corbera_1-1024x303.jpg 1024w, https:\/\/cecbll.cat\/espaicomarca\/wp-content\/uploads\/2017\/01\/corbera_1-270x80.jpg 270w\" sizes=\"(max-width: 1200px) 100vw, 1200px\" alt=\"\" \t\tclass=\"so-widget-image\"\/>\n\t\t\t<\/a><\/div>\n\n<\/div><\/div><\/div><\/div><div id=\"pg-1178-12\"  class=\"panel-grid panel-no-style\" ><div id=\"pgc-1178-12-0\"  class=\"panel-grid-cell\" ><div id=\"panel-1178-12-0-0\" class=\"so-panel widget widget_sow-editor panel-first-child panel-last-child\" data-index=\"12\" ><div\n\t\t\t\n\t\t\tclass=\"so-widget-sow-editor so-widget-sow-editor-base\"\n\t\t\t\n\t\t><h3 class=\"widget-title\">Monestit rom\u00e0nic de Sant Pon\u00e7 (Cervell\u00f3 - Corbera de Llobregat)<\/h3>\n<div class=\"siteorigin-widget-tinymce textwidget\">\n\t<p><strong>Carrer de Sant Pon\u00e7, s\/n, Cervell\u00f3<\/strong><\/p>\n<p>Sant Pon\u00e7 de Corbera \u00e9s un antic priorat benedict\u00ed, situat en un esper\u00f3 del mass\u00eds de Garraf, dins el terme municipal de Cervell\u00f3, encara que dep\u00e8n eclesi\u00e0sticament de la parr\u00f2quia de Corbera... <a href=\"http:\/\/cecbll.cat\/espaicomarca\/sant-ponc-de-corbera\/\">&lt;veure m\u00e9s&gt;<\/a><\/p>\n<\/div>\n<\/div><\/div><\/div><\/div><\/div>","protected":false},"excerpt":{"rendered":"<p>El Baix Llobregat, tot i que pot resultar curi\u00f3s, t\u00e9 un nombr\u00f3s grup d\u2019elements arquitect\u00f2nics de caire religi\u00f3s i defensiu [&hellip;]<\/p>\n","protected":false},"author":1,"featured_media":0,"parent":0,"menu_order":0,"comment_status":"closed","ping_status":"closed","template":"","meta":{"footnotes":"","_links_to":"","_links_to_target":""},"class_list":["post-1178","page","type-page","status-publish","hentry"],"_links":{"self":[{"href":"https:\/\/cecbll.cat\/espaicomarca\/wp-json\/wp\/v2\/pages\/1178","targetHints":{"allow":["GET"]}}],"collection":[{"href":"https:\/\/cecbll.cat\/espaicomarca\/wp-json\/wp\/v2\/pages"}],"about":[{"href":"https:\/\/cecbll.cat\/espaicomarca\/wp-json\/wp\/v2\/types\/page"}],"author":[{"embeddable":true,"href":"https:\/\/cecbll.cat\/espaicomarca\/wp-json\/wp\/v2\/users\/1"}],"replies":[{"embeddable":true,"href":"https:\/\/cecbll.cat\/espaicomarca\/wp-json\/wp\/v2\/comments?post=1178"}],"version-history":[{"count":17,"href":"https:\/\/cecbll.cat\/espaicomarca\/wp-json\/wp\/v2\/pages\/1178\/revisions"}],"predecessor-version":[{"id":1914,"href":"https:\/\/cecbll.cat\/espaicomarca\/wp-json\/wp\/v2\/pages\/1178\/revisions\/1914"}],"wp:attachment":[{"href":"https:\/\/cecbll.cat\/espaicomarca\/wp-json\/wp\/v2\/media?parent=1178"}],"curies":[{"name":"wp","href":"https:\/\/api.w.org\/{rel}","templated":true}]}}