{"id":1175,"date":"2017-01-16T10:03:47","date_gmt":"2017-01-16T10:03:47","guid":{"rendered":"http:\/\/cecbll.cat\/espaicomarca\/?page_id=1175"},"modified":"2017-01-16T10:03:47","modified_gmt":"2017-01-16T10:03:47","slug":"sant-ponc-de-corbera","status":"publish","type":"page","link":"https:\/\/cecbll.cat\/espaicomarca\/sant-ponc-de-corbera\/","title":{"rendered":"Sant Pon\u00e7 de Corbera"},"content":{"rendered":"<p><strong>Carrer de Sant Pon\u00e7, s\/n, Cervell\u00f3<\/strong><\/p>\n<p>Sant Pon\u00e7 de Corbera \u00e9s un antic priorat benedict\u00ed, situat en un esper\u00f3 del mass\u00eds de Garraf, dins el terme municipal de Cervell\u00f3, encara que dep\u00e8n eclesi\u00e0sticament de la parr\u00f2quia de Corbera de Llobregat, des d&#8217;on \u00e9s accessible per una pista.<\/p>\n<p>Les primeres not\u00edcies del monestir daten del 1068. Existeixen dues teories pel que fa als fundadors del monestir. La teoria m\u00e9s antiga defensa que l&#8217;esgl\u00e9sia devia ser erigida pel levita Guillem de Mediona o pels seus successors, senyors de Corbera, entre els anys 1025 i 1050, mentre que noves troballes documentals farien pensar que va ser erigida pel llinatge dels Cervell\u00f3, ja que el monestir era conegut com a Sant Pon\u00e7 de Cervell\u00f3 als seus inicis, i no \u00e9s fins a finals del segle XIII quan es passa a denominar Sant Pon\u00e7 de Corbera.<\/p>\n<p>L&#8217;esgl\u00e9sia, \u00fanica resta del monestir, \u00e9s un edifici d&#8217;una nau i creuer, cap\u00e7at per tres absis semicirculars. Sobre el creuer s&#8217;aixeca un cimbori de planta quadrada que fa de base al campanar de torre, de dos pisos, amb finestres geminades al pis superior. La nau es cobreix amb volta de can\u00f3, sobre tres arcs torals. Els bra\u00e7os del transsepte s\u00f3n coberts tamb\u00e9 amb voltes de can\u00f3, disposades paral\u00b7lelament a la de la nau (com si fos una esgl\u00e9sia de tres naus) i comunica amb aquesta a trav\u00e9s d&#8217;un gran arc sostingut per pilars de secci\u00f3 semicircular. La c\u00fapula oberta al creuer reposa sobre dos arcs paral\u00b7lels, m\u00e9s elevats. En els murs de desc\u00e0rrega d&#8217;aquests dos arcs neixen trompes c\u00f2niques que donen una base.<\/p>\n<p><strong>\u00a0<\/strong><\/p>\n<p>&nbsp;<\/p>\n","protected":false},"excerpt":{"rendered":"<p>Carrer de Sant Pon\u00e7, s\/n, Cervell\u00f3 Sant Pon\u00e7 de Corbera \u00e9s un antic priorat benedict\u00ed, situat en un esper\u00f3 del [&hellip;]<\/p>\n","protected":false},"author":1,"featured_media":1176,"parent":0,"menu_order":0,"comment_status":"closed","ping_status":"closed","template":"","meta":{"footnotes":"","_links_to":"","_links_to_target":""},"class_list":["post-1175","page","type-page","status-publish","has-post-thumbnail","hentry"],"_links":{"self":[{"href":"https:\/\/cecbll.cat\/espaicomarca\/wp-json\/wp\/v2\/pages\/1175","targetHints":{"allow":["GET"]}}],"collection":[{"href":"https:\/\/cecbll.cat\/espaicomarca\/wp-json\/wp\/v2\/pages"}],"about":[{"href":"https:\/\/cecbll.cat\/espaicomarca\/wp-json\/wp\/v2\/types\/page"}],"author":[{"embeddable":true,"href":"https:\/\/cecbll.cat\/espaicomarca\/wp-json\/wp\/v2\/users\/1"}],"replies":[{"embeddable":true,"href":"https:\/\/cecbll.cat\/espaicomarca\/wp-json\/wp\/v2\/comments?post=1175"}],"version-history":[{"count":1,"href":"https:\/\/cecbll.cat\/espaicomarca\/wp-json\/wp\/v2\/pages\/1175\/revisions"}],"predecessor-version":[{"id":1177,"href":"https:\/\/cecbll.cat\/espaicomarca\/wp-json\/wp\/v2\/pages\/1175\/revisions\/1177"}],"wp:featuredmedia":[{"embeddable":true,"href":"https:\/\/cecbll.cat\/espaicomarca\/wp-json\/wp\/v2\/media\/1176"}],"wp:attachment":[{"href":"https:\/\/cecbll.cat\/espaicomarca\/wp-json\/wp\/v2\/media?parent=1175"}],"curies":[{"name":"wp","href":"https:\/\/api.w.org\/{rel}","templated":true}]}}