{"id":1172,"date":"2017-01-16T10:02:41","date_gmt":"2017-01-16T10:02:41","guid":{"rendered":"http:\/\/cecbll.cat\/espaicomarca\/?page_id=1172"},"modified":"2017-01-16T10:02:41","modified_gmt":"2017-01-16T10:02:41","slug":"sant-pere-del-romani","status":"publish","type":"page","link":"https:\/\/cecbll.cat\/espaicomarca\/sant-pere-del-romani\/","title":{"rendered":"Sant Pere del Roman\u00ed"},"content":{"rendered":"<p><strong>Carrer Riera Bonet, 30. Molins de Rei<\/strong><\/p>\n<p>L&#8217;ermita d&#8217;estil rom\u00e0nic presenta indicis d&#8217;un possible origen prerom\u00e0nic. Encarada est-oest, \u00e9s d&#8217;una sola nau i amb absis al cant\u00f3 est. Les parets s\u00f3n de ma\u00e7oneria, amb pedra i morter d&#8217;un gruix d&#8217;un metre i carreus de mida diversa a les cantonades.<\/p>\n<p>L&#8217;absis presenta la mateixa estructura de ma\u00e7oneria, amb parets exteriors llises i una finestreta d&#8217;esqueixada doble al centre. No est\u00e0 lligat al cos de l&#8217;ermita. La pavimentaci\u00f3, molt malmesa, \u00e9s a base de rajoles de cer\u00e0mica d&#8217;\u00e8poca recent. En el presbiteri hi ha una petita elevaci\u00f3 pavimentada igual. El terra possiblement fou rebaixat uns 60 cm, ja que es veu la roca natural retallada i un recal\u00e7 perimetral de trossos de totxo i pedra.<\/p>\n<p>El sostre \u00e9s de volta de can\u00f3, amb senyals de les canyes utilitzades en el proc\u00e9s de construcci\u00f3.<\/p>\n<p>Adossada al mur de migdia de l&#8217;esgl\u00e9sia hi ha una antiga torre de guaita, de planta quadrada semirombo\u00efdal, parets de 55 cm de gruix i uns 12 m d&#8217;al\u00e7ada. Segurament \u00e9s del segle XVI, \u00e8poca en qu\u00e8 l&#8217;ermita va \u00e9sser envoltada de diverses construccions que configuren l&#8217;anomenat Mas Moriscot.<\/p>\n<p>&nbsp;<\/p>\n","protected":false},"excerpt":{"rendered":"<p>Carrer Riera Bonet, 30. Molins de Rei L&#8217;ermita d&#8217;estil rom\u00e0nic presenta indicis d&#8217;un possible origen prerom\u00e0nic. Encarada est-oest, \u00e9s d&#8217;una [&hellip;]<\/p>\n","protected":false},"author":1,"featured_media":1173,"parent":0,"menu_order":0,"comment_status":"closed","ping_status":"closed","template":"","meta":{"footnotes":"","_links_to":"","_links_to_target":""},"class_list":["post-1172","page","type-page","status-publish","has-post-thumbnail","hentry"],"_links":{"self":[{"href":"https:\/\/cecbll.cat\/espaicomarca\/wp-json\/wp\/v2\/pages\/1172","targetHints":{"allow":["GET"]}}],"collection":[{"href":"https:\/\/cecbll.cat\/espaicomarca\/wp-json\/wp\/v2\/pages"}],"about":[{"href":"https:\/\/cecbll.cat\/espaicomarca\/wp-json\/wp\/v2\/types\/page"}],"author":[{"embeddable":true,"href":"https:\/\/cecbll.cat\/espaicomarca\/wp-json\/wp\/v2\/users\/1"}],"replies":[{"embeddable":true,"href":"https:\/\/cecbll.cat\/espaicomarca\/wp-json\/wp\/v2\/comments?post=1172"}],"version-history":[{"count":1,"href":"https:\/\/cecbll.cat\/espaicomarca\/wp-json\/wp\/v2\/pages\/1172\/revisions"}],"predecessor-version":[{"id":1174,"href":"https:\/\/cecbll.cat\/espaicomarca\/wp-json\/wp\/v2\/pages\/1172\/revisions\/1174"}],"wp:featuredmedia":[{"embeddable":true,"href":"https:\/\/cecbll.cat\/espaicomarca\/wp-json\/wp\/v2\/media\/1173"}],"wp:attachment":[{"href":"https:\/\/cecbll.cat\/espaicomarca\/wp-json\/wp\/v2\/media?parent=1172"}],"curies":[{"name":"wp","href":"https:\/\/api.w.org\/{rel}","templated":true}]}}