{"id":1169,"date":"2017-01-16T10:01:29","date_gmt":"2017-01-16T10:01:29","guid":{"rendered":"http:\/\/cecbll.cat\/espaicomarca\/?page_id=1169"},"modified":"2017-01-16T10:01:44","modified_gmt":"2017-01-16T10:01:44","slug":"esglesia-de-santa-maria-del-puig-desparreguera","status":"publish","type":"page","link":"https:\/\/cecbll.cat\/espaicomarca\/esglesia-de-santa-maria-del-puig-desparreguera\/","title":{"rendered":"Esgl\u00e9sia de Santa Maria del Puig d\u2019Esparreguera"},"content":{"rendered":"<p><strong>Pla del Puig. Esparreguera<\/strong><\/p>\n<p>El\u00a0985, dins del terme del\u00a0castell d&#8217;Esparreguera\u00a0hi havia diverses parr\u00f2quies, per tant, ja aleshores deuria existir Santa Maria del Puig, que sembla que fou edificada pels voltants del\u00a0segle X. En principi era coneguda com a &#8220;esgl\u00e9sia de Santa Maria&#8221;, quan encara no existia la de la vila.<\/p>\n<p>L\u2019edifici s&#8217;aixeca sobre una terrassa a la dreta del\u00a0Llobregat, a la sortida del\u00a0congost del Cairat. \u00c9s una esgl\u00e9sia de planta de\u00a0creu llatina amb una sola\u00a0nau, coberta amb\u00a0volta de can\u00f3, i un\u00a0absis\u00a0semicircular. T\u00e9 dues capelles laterals a manera de fals\u00a0transsepte\u00a0afegides amb posterioritat a l&#8217;obra\u00a0rom\u00e0nica. Al creuer s&#8217;aixeca un\u00a0cimbori de planta ovalada inscrit en un rectangle amb estructura de prisma octogonal a l&#8217;exterior, molt desfigurat degut al pes del\u00a0campanar\u00a0de torre que hi ha a sobre i que, almenys en la forma en qu\u00e8 ens ha pervingut, \u00e9s posterior a l&#8217;obra rom\u00e0nica.<\/p>\n<p>Interiorment ha estat folrada amb una paret rom\u00e0nica. L&#8217;absis, sense arcuacions, \u00e9s d&#8217;obertura molt ampla i, en canvi, poc profunda, caracter\u00edstica que, dins del rom\u00e0nic, indica una dataci\u00f3 avan\u00e7ada. S&#8217;hi obren tres finestres, la central m\u00e9s gran, totes d&#8217;esplandit interior, la part exterior de les quals \u00e9s formada per dos arcs i el seu ampit \u00e9s inclinat. L&#8217;aparell d&#8217;aquest absis, de\u00a0carreus\u00a0mitjans i petits, \u00e9s disposat amb molta regularitat. L&#8217;absis era decorat amb pintures, de les que nom\u00e9s en resten alguns vestigis entre la paret rom\u00e0nica original d&#8217;obertura de l&#8217;absis i l&#8217;arc\u00a0g\u00f2tic\u00a0afegit.<\/p>\n<p>Per visitar-la cal contactar amb els Amics de l\u2019Esgl\u00e9sia de Santa Maria del Puig 93 7772306<\/p>\n<p>&nbsp;<\/p>\n","protected":false},"excerpt":{"rendered":"<p>Pla del Puig. Esparreguera El\u00a0985, dins del terme del\u00a0castell d&#8217;Esparreguera\u00a0hi havia diverses parr\u00f2quies, per tant, ja aleshores deuria existir Santa [&hellip;]<\/p>\n","protected":false},"author":1,"featured_media":1170,"parent":0,"menu_order":0,"comment_status":"closed","ping_status":"closed","template":"","meta":{"footnotes":"","_links_to":"","_links_to_target":""},"class_list":["post-1169","page","type-page","status-publish","has-post-thumbnail","hentry"],"_links":{"self":[{"href":"https:\/\/cecbll.cat\/espaicomarca\/wp-json\/wp\/v2\/pages\/1169","targetHints":{"allow":["GET"]}}],"collection":[{"href":"https:\/\/cecbll.cat\/espaicomarca\/wp-json\/wp\/v2\/pages"}],"about":[{"href":"https:\/\/cecbll.cat\/espaicomarca\/wp-json\/wp\/v2\/types\/page"}],"author":[{"embeddable":true,"href":"https:\/\/cecbll.cat\/espaicomarca\/wp-json\/wp\/v2\/users\/1"}],"replies":[{"embeddable":true,"href":"https:\/\/cecbll.cat\/espaicomarca\/wp-json\/wp\/v2\/comments?post=1169"}],"version-history":[{"count":1,"href":"https:\/\/cecbll.cat\/espaicomarca\/wp-json\/wp\/v2\/pages\/1169\/revisions"}],"predecessor-version":[{"id":1171,"href":"https:\/\/cecbll.cat\/espaicomarca\/wp-json\/wp\/v2\/pages\/1169\/revisions\/1171"}],"wp:featuredmedia":[{"embeddable":true,"href":"https:\/\/cecbll.cat\/espaicomarca\/wp-json\/wp\/v2\/media\/1170"}],"wp:attachment":[{"href":"https:\/\/cecbll.cat\/espaicomarca\/wp-json\/wp\/v2\/media?parent=1169"}],"curies":[{"name":"wp","href":"https:\/\/api.w.org\/{rel}","templated":true}]}}