{"id":1166,"date":"2017-01-16T10:00:23","date_gmt":"2017-01-16T10:00:23","guid":{"rendered":"http:\/\/cecbll.cat\/espaicomarca\/?page_id=1166"},"modified":"2017-01-16T10:00:23","modified_gmt":"2017-01-16T10:00:23","slug":"mare-de-deu-de-bruguers","status":"publish","type":"page","link":"https:\/\/cecbll.cat\/espaicomarca\/mare-de-deu-de-bruguers\/","title":{"rendered":"Mare de D\u00e9u de Bruguers"},"content":{"rendered":"<p><strong>Ctra. de Begues.\u00a0Gav\u00e0<\/strong><\/p>\n<p>La\u00a0Mare de D\u00e9u de Bruguers\u00a0o\u00a0Ermita de Bruguers\u00a0\u00e9s una obra originalment\u00a0rom\u00e0nica\u00a0del\u00a0segle XIII\u00a0del municipi de\u00a0Gav\u00e0\u00a0(Baix Llobregat). S&#8217;hi venera la\u00a0Mare de D\u00e9u de Bruguers, una\u00a0mareded\u00e9u trobada.<\/p>\n<p>Edifici d&#8217;una sola nau, absis semicircular ornamentat amb dues lesenes i una imposta de cornisa sostinguda per perm\u00f2dols. T\u00e9 quatre capelles laterals, cor, volta de can\u00f3 apuntalat i trona. L&#8217;arc triomfal tamb\u00e9 \u00e9s apuntat. La nau va ser allargada per ponent la primera d\u00e8cada del segle XVI, quan se li afeg\u00ed el cor g\u00f2tic de\u00a0volta ogival, un\u00a0absis\u00a0semicircular amb\u00a0m\u00e8nsules\u00a0i finestra, un portal\u00a0g\u00f2tic-renaixentista\u00a0i un\u00a0campanar de cadireta\u00a0truncat.<\/p>\n<p>La fa\u00e7ana principal, a ponent, \u00e9s gaireb\u00e9 quadrada. L&#8217;horitzontalitat es trenca per un campanar d&#8217;espadanya. La llinda de la porta d&#8217;acc\u00e9s est\u00e0 ornada amb els escuts de la fam\u00edlia March (que figuren tamb\u00e9 en la clau de volta del cor). A sobre la llinda hi ha un arc de mig punt. S\u00f3n interessants els contraforts que incorporen les capelles, en una soluci\u00f3 del g\u00f2tic catal\u00e0. L&#8217;exterior de l&#8217;absis est\u00e0 delicadament decorat amb franges llombardes. Malgrat les modificacions, l&#8217;ermita presenta una tipologia b\u00e0sicament rom\u00e0nica.<\/p>\n<p>&nbsp;<\/p>\n","protected":false},"excerpt":{"rendered":"<p>Ctra. de Begues.\u00a0Gav\u00e0 La\u00a0Mare de D\u00e9u de Bruguers\u00a0o\u00a0Ermita de Bruguers\u00a0\u00e9s una obra originalment\u00a0rom\u00e0nica\u00a0del\u00a0segle XIII\u00a0del municipi de\u00a0Gav\u00e0\u00a0(Baix Llobregat). S&#8217;hi venera la\u00a0Mare [&hellip;]<\/p>\n","protected":false},"author":1,"featured_media":1167,"parent":0,"menu_order":0,"comment_status":"closed","ping_status":"closed","template":"","meta":{"footnotes":"","_links_to":"","_links_to_target":""},"class_list":["post-1166","page","type-page","status-publish","has-post-thumbnail","hentry"],"_links":{"self":[{"href":"https:\/\/cecbll.cat\/espaicomarca\/wp-json\/wp\/v2\/pages\/1166","targetHints":{"allow":["GET"]}}],"collection":[{"href":"https:\/\/cecbll.cat\/espaicomarca\/wp-json\/wp\/v2\/pages"}],"about":[{"href":"https:\/\/cecbll.cat\/espaicomarca\/wp-json\/wp\/v2\/types\/page"}],"author":[{"embeddable":true,"href":"https:\/\/cecbll.cat\/espaicomarca\/wp-json\/wp\/v2\/users\/1"}],"replies":[{"embeddable":true,"href":"https:\/\/cecbll.cat\/espaicomarca\/wp-json\/wp\/v2\/comments?post=1166"}],"version-history":[{"count":1,"href":"https:\/\/cecbll.cat\/espaicomarca\/wp-json\/wp\/v2\/pages\/1166\/revisions"}],"predecessor-version":[{"id":1168,"href":"https:\/\/cecbll.cat\/espaicomarca\/wp-json\/wp\/v2\/pages\/1166\/revisions\/1168"}],"wp:featuredmedia":[{"embeddable":true,"href":"https:\/\/cecbll.cat\/espaicomarca\/wp-json\/wp\/v2\/media\/1167"}],"wp:attachment":[{"href":"https:\/\/cecbll.cat\/espaicomarca\/wp-json\/wp\/v2\/media?parent=1166"}],"curies":[{"name":"wp","href":"https:\/\/api.w.org\/{rel}","templated":true}]}}