{"id":1163,"date":"2017-01-16T09:59:03","date_gmt":"2017-01-16T09:59:03","guid":{"rendered":"http:\/\/cecbll.cat\/espaicomarca\/?page_id=1163"},"modified":"2017-01-16T09:59:03","modified_gmt":"2017-01-16T09:59:03","slug":"santa-maria-de-cervello-i-castell-de-cervello","status":"publish","type":"page","link":"https:\/\/cecbll.cat\/espaicomarca\/santa-maria-de-cervello-i-castell-de-cervello\/","title":{"rendered":"Santa Maria de Cervell\u00f3 i Castell de Cervell\u00f3"},"content":{"rendered":"<p><strong>Cervell\u00f3<\/strong><\/p>\n<p>Santa Maria de Cervell\u00f3\u00a0o dels\u00a0Socors\u00a0\u00e9s una\u00a0esgl\u00e9sia\u00a0situada sota les ru\u00efnes del\u00a0castell de Cervell\u00f3, al sud del nucli antic del\u00a0poble, al Baix Llobregat.<\/p>\n<p>El castell era de planta molt allargassada. Tenia l&#8217;entrada a ponent, el lloc m\u00e9s accessible i m\u00e9s ben defensat, donat que la resta est\u00e0 protegida per l&#8217;orografia del terreny. Tamb\u00e9 al sud es troba el recinte sobir\u00e0, amb murs alts. El recinte juss\u00e0 inclou una capella de la que hom ignora la seva advocaci\u00f3, i de la que es conserven les ru\u00efnes. Tamb\u00e9 hi ha una sala amb volta apuntada, conservada parcialment.<\/p>\n<p>L\u2019esgl\u00e9sia est\u00e0 documentada des del comen\u00e7ament del segle X. En aquella \u00e8poca era nom\u00e9s una capella prerom\u00e0nica, dedicada a la Santa Creu, a sant Esteve i a sant Dalmau, i depenia del monestir de Sant Cugat. L&#8217;edifici que ens ha arribat degu\u00e9 ser constru\u00eft cap al final del segle XI. Est\u00e0 feta amb pedra local, de color rogenc, i consta d&#8217;una nau coberta amb volta de can\u00f3 i cap\u00e7ada amb un absis semicircular. Aquest est\u00e0 dividit interiorment en tres n\u00ednxols amb arc de punt rod\u00f3, separats per semicolumnes, i oberts amb sengles finestres de doble esqueixada. Exteriorment est\u00e0 ornat amb lesenes i arcuacions llombardes. Destaca especialment el cimbori , vuitavat, amb c\u00fapula i petxines, decorat exteriorment de forma semblant a l&#8217;absis.<\/p>\n<p>&nbsp;<\/p>\n","protected":false},"excerpt":{"rendered":"<p>Cervell\u00f3 Santa Maria de Cervell\u00f3\u00a0o dels\u00a0Socors\u00a0\u00e9s una\u00a0esgl\u00e9sia\u00a0situada sota les ru\u00efnes del\u00a0castell de Cervell\u00f3, al sud del nucli antic del\u00a0poble, al [&hellip;]<\/p>\n","protected":false},"author":1,"featured_media":1164,"parent":0,"menu_order":0,"comment_status":"closed","ping_status":"closed","template":"","meta":{"footnotes":"","_links_to":"","_links_to_target":""},"class_list":["post-1163","page","type-page","status-publish","has-post-thumbnail","hentry"],"_links":{"self":[{"href":"https:\/\/cecbll.cat\/espaicomarca\/wp-json\/wp\/v2\/pages\/1163","targetHints":{"allow":["GET"]}}],"collection":[{"href":"https:\/\/cecbll.cat\/espaicomarca\/wp-json\/wp\/v2\/pages"}],"about":[{"href":"https:\/\/cecbll.cat\/espaicomarca\/wp-json\/wp\/v2\/types\/page"}],"author":[{"embeddable":true,"href":"https:\/\/cecbll.cat\/espaicomarca\/wp-json\/wp\/v2\/users\/1"}],"replies":[{"embeddable":true,"href":"https:\/\/cecbll.cat\/espaicomarca\/wp-json\/wp\/v2\/comments?post=1163"}],"version-history":[{"count":1,"href":"https:\/\/cecbll.cat\/espaicomarca\/wp-json\/wp\/v2\/pages\/1163\/revisions"}],"predecessor-version":[{"id":1165,"href":"https:\/\/cecbll.cat\/espaicomarca\/wp-json\/wp\/v2\/pages\/1163\/revisions\/1165"}],"wp:featuredmedia":[{"embeddable":true,"href":"https:\/\/cecbll.cat\/espaicomarca\/wp-json\/wp\/v2\/media\/1164"}],"wp:attachment":[{"href":"https:\/\/cecbll.cat\/espaicomarca\/wp-json\/wp\/v2\/media?parent=1163"}],"curies":[{"name":"wp","href":"https:\/\/api.w.org\/{rel}","templated":true}]}}