{"id":1159,"date":"2017-01-16T09:57:37","date_gmt":"2017-01-16T09:57:37","guid":{"rendered":"http:\/\/cecbll.cat\/espaicomarca\/?page_id=1159"},"modified":"2017-01-16T09:57:50","modified_gmt":"2017-01-16T09:57:50","slug":"sant-pere-dabrera","status":"publish","type":"page","link":"https:\/\/cecbll.cat\/espaicomarca\/sant-pere-dabrera\/","title":{"rendered":"Sant Pere d\u2019Abrera"},"content":{"rendered":"<p><strong>Pla\u00e7a de l&#8217;Esgl\u00e9sia, 9.\u00a0Abrera\u00a0<\/strong><\/p>\n<p>Sant Pere d&#8217;Abrera\u00a0\u00e9s una\u00a0esgl\u00e9sia rom\u00e0nica\u00a0dins del municipi d&#8217;Abrera\u00a0(Baix Llobregat) protegida com a\u00a0b\u00e9 cultural d&#8217;inter\u00e8s local.<\/p>\n<p>La parr\u00f2quia de Sant Pere d\u2019Abrera, dins del terme del castell de Voltrera, \u00e9s esmentada el 1100 quan Guillem Ramon, senyor de la baronia de Castellbell, lleg\u00e0 cinc mancusos per a la seva dedicaci\u00f3.\u00a0Coincideix quan la poblaci\u00f3 d\u2019Abrera es trasllad\u00e0 d\u2019una zona fluvial a un punt m\u00e9s elevat i l\u2019esgl\u00e9sia esdev\u00e9 epicentre de diverses masies que generaria el centre urb\u00e0 actual.<\/p>\n<p>L\u2019edifici mostra una planta de nau \u00fanica i cap\u00e7alera tripartida amb tres absis semicirculars disposats en creu que tenen tres finestres de mig punt obertes al mur. Els absis generen tres arcs formers que volten un creuer cobert amb volta d\u2019aresta i les naus s\u00f3n cobertes amb volta de can\u00f3.<\/p>\n<p>Elements que cal destacar: L\u2019interior de la nau d\u2019\u00e8poca pre-rom\u00e0nica (s X-XXI). El Presbiteri i el Campanar rom\u00e0nic.<\/p>\n<p>&nbsp;<\/p>\n","protected":false},"excerpt":{"rendered":"<p>Pla\u00e7a de l&#8217;Esgl\u00e9sia, 9.\u00a0Abrera\u00a0 Sant Pere d&#8217;Abrera\u00a0\u00e9s una\u00a0esgl\u00e9sia rom\u00e0nica\u00a0dins del municipi d&#8217;Abrera\u00a0(Baix Llobregat) protegida com a\u00a0b\u00e9 cultural d&#8217;inter\u00e8s local. La [&hellip;]<\/p>\n","protected":false},"author":1,"featured_media":1160,"parent":0,"menu_order":0,"comment_status":"closed","ping_status":"closed","template":"","meta":{"footnotes":"","_links_to":"","_links_to_target":""},"class_list":["post-1159","page","type-page","status-publish","has-post-thumbnail","hentry"],"_links":{"self":[{"href":"https:\/\/cecbll.cat\/espaicomarca\/wp-json\/wp\/v2\/pages\/1159","targetHints":{"allow":["GET"]}}],"collection":[{"href":"https:\/\/cecbll.cat\/espaicomarca\/wp-json\/wp\/v2\/pages"}],"about":[{"href":"https:\/\/cecbll.cat\/espaicomarca\/wp-json\/wp\/v2\/types\/page"}],"author":[{"embeddable":true,"href":"https:\/\/cecbll.cat\/espaicomarca\/wp-json\/wp\/v2\/users\/1"}],"replies":[{"embeddable":true,"href":"https:\/\/cecbll.cat\/espaicomarca\/wp-json\/wp\/v2\/comments?post=1159"}],"version-history":[{"count":2,"href":"https:\/\/cecbll.cat\/espaicomarca\/wp-json\/wp\/v2\/pages\/1159\/revisions"}],"predecessor-version":[{"id":1162,"href":"https:\/\/cecbll.cat\/espaicomarca\/wp-json\/wp\/v2\/pages\/1159\/revisions\/1162"}],"wp:featuredmedia":[{"embeddable":true,"href":"https:\/\/cecbll.cat\/espaicomarca\/wp-json\/wp\/v2\/media\/1160"}],"wp:attachment":[{"href":"https:\/\/cecbll.cat\/espaicomarca\/wp-json\/wp\/v2\/media?parent=1159"}],"curies":[{"name":"wp","href":"https:\/\/api.w.org\/{rel}","templated":true}]}}