{"id":1139,"date":"2017-01-16T08:58:57","date_gmt":"2017-01-16T08:58:57","guid":{"rendered":"http:\/\/cecbll.cat\/espaicomarca\/?page_id=1139"},"modified":"2017-01-16T09:10:29","modified_gmt":"2017-01-16T09:10:29","slug":"espais-naturals-del-delta-del-llobregat","status":"publish","type":"page","link":"https:\/\/cecbll.cat\/espaicomarca\/espais-naturals-del-delta-del-llobregat\/","title":{"rendered":"Espais Naturals del Delta del Llobregat"},"content":{"rendered":"<p><strong>El Prat de Llobregat, Viladecans, Gav\u00e0 i Sant Boi de Llobregat.<\/strong><\/p>\n<p>Els espais naturals del Delta del Llobregat, acullen una gran diversitat biol\u00f2gica. Estan situats al costat de camps de conreu, envoltats d\u2019algunes de les infraestructures m\u00e9s importants del pa\u00eds i molt a prop de les principals ciutats metropolitanes.<\/p>\n<p>Contenen diferents ambients naturals: la part final del\u00a0riu Llobregat,llacunes\u00a0i\u00a0aiguamolls, pinedes litorals sobre dunes i platges verges amb vegetaci\u00f3 de rereduna, gaireb\u00e9 \u00faniques a Catalunya.<\/p>\n<p>S\u00f3n uns espais molt importants per a la fauna, en especial per a les aus aqu\u00e0tiques, pel fet de trobar-se enmig de la ruta migrat\u00f2ria dels ocells del nord d\u2019Europa cap a l\u2019\u00c0frica.<\/p>\n<p>La gesti\u00f3 correspon al Consorci dels Espais Naturals del Delta del Llobregat.<\/p>\n<p><em>Es poden fer diverses rutes a peu i en bicicleta:<\/em><br \/>\n&#8211; Espais Naturals del Riu (Itinerari 1: Riu Cal Tet; itinerari 2: Riu Ca l&#8217;Arana Cal Tet; itinerari 3: Bunyola Carrabiners &#8211; Sem\u00e0for &#8211; Espai Natural del Remolar Filipines (itinerari 1: La Vidala Maresma de les Filipines; \u00a0itinerari 2: Riera de Sant Climent) &#8211; Estany de la Murtra &#8211; Basses de Can Dimoni &#8211; Pineda de Can Camins &#8211; Pineda la Maiola &#8211; Platja de Viladecans &#8211; Platja del Prat.<\/p>\n<p><strong>\u00a0<\/strong><\/p>\n<p><strong>HORARI<\/strong><br \/>\n<em>Estiu:<\/em> De dilluns a divendres de 8.00 a 15.00 hores; dissabtes i diumenges de 9.00 a 18.00 hores.\u00a0<em>Hivern:<\/em> De dilluns a diumenge de 9.00 a 18.00 hores.<\/p>\n<p><strong>CONTACTE<\/strong><br \/>\nConsorci Delta del Llobregat<br \/>\nAv. Onze de Setembre, 73-75. El Prat de Llobregat.<br \/>\n93 479 32 01 \/ administracio@consorcidelta.org<\/p>\n<p>&nbsp;<\/p>\n<p>&nbsp;<\/p>\n","protected":false},"excerpt":{"rendered":"<p>El Prat de Llobregat, Viladecans, Gav\u00e0 i Sant Boi de Llobregat. Els espais naturals del Delta del Llobregat, acullen una [&hellip;]<\/p>\n","protected":false},"author":1,"featured_media":1140,"parent":0,"menu_order":0,"comment_status":"closed","ping_status":"closed","template":"","meta":{"footnotes":"","_links_to":"","_links_to_target":""},"class_list":["post-1139","page","type-page","status-publish","has-post-thumbnail","hentry"],"_links":{"self":[{"href":"https:\/\/cecbll.cat\/espaicomarca\/wp-json\/wp\/v2\/pages\/1139","targetHints":{"allow":["GET"]}}],"collection":[{"href":"https:\/\/cecbll.cat\/espaicomarca\/wp-json\/wp\/v2\/pages"}],"about":[{"href":"https:\/\/cecbll.cat\/espaicomarca\/wp-json\/wp\/v2\/types\/page"}],"author":[{"embeddable":true,"href":"https:\/\/cecbll.cat\/espaicomarca\/wp-json\/wp\/v2\/users\/1"}],"replies":[{"embeddable":true,"href":"https:\/\/cecbll.cat\/espaicomarca\/wp-json\/wp\/v2\/comments?post=1139"}],"version-history":[{"count":5,"href":"https:\/\/cecbll.cat\/espaicomarca\/wp-json\/wp\/v2\/pages\/1139\/revisions"}],"predecessor-version":[{"id":1145,"href":"https:\/\/cecbll.cat\/espaicomarca\/wp-json\/wp\/v2\/pages\/1139\/revisions\/1145"}],"wp:featuredmedia":[{"embeddable":true,"href":"https:\/\/cecbll.cat\/espaicomarca\/wp-json\/wp\/v2\/media\/1140"}],"wp:attachment":[{"href":"https:\/\/cecbll.cat\/espaicomarca\/wp-json\/wp\/v2\/media?parent=1139"}],"curies":[{"name":"wp","href":"https:\/\/api.w.org\/{rel}","templated":true}]}}