{"id":1136,"date":"2017-01-16T08:48:22","date_gmt":"2017-01-16T08:48:22","guid":{"rendered":"http:\/\/cecbll.cat\/espaicomarca\/?page_id=1136"},"modified":"2017-01-16T08:48:44","modified_gmt":"2017-01-16T08:48:44","slug":"parc-natural-del-garraf","status":"publish","type":"page","link":"https:\/\/cecbll.cat\/espaicomarca\/parc-natural-del-garraf\/","title":{"rendered":"Parc Natural del Garraf"},"content":{"rendered":"<p><strong>Avinyonet del Pened\u00e8s,Begues,\u00a0Castelldefels,\u00a0Gav\u00e0,\u00a0Olesa de Bonesvalls,\u00a0Olivella,\u00a0Sant Pere de Ribes,\u00a0Sitges\u00a0i\u00a0Vilanova i la Geltr\u00fa<\/strong><\/p>\n<p>El\u00a0Parc Natural del Garraf\u00a0\u00e9s un\u00a0espai d&#8217;inter\u00e8s natural de 12.376 hect\u00e0rees gestionat per l&#8217;\u00c0rea d&#8217;Espais Naturals\u00a0de la\u00a0Diputaci\u00f3 de Barcelona.<\/p>\n<p>En el parc hom troba restes d&#8217;antiga ocupaci\u00f3 humana com el\u00a0castell d&#8217;Erampruny\u00e0 i els poblets abandonats de\u00a0Campd\u00e0sens\u00a0i\u00a0Jafre, i masies que encara es dediquen a l&#8217;agricultura o a serveis del parc com\u00a0Can Planes\u00a0i\u00a0La Pleta.<\/p>\n<p>La situaci\u00f3 costanera determina un clima t\u00edpicament mediterrani, amb escasses per\u00f2 torrencials pluges de primavera i tardor, suaus i temperats hiverns, i calorosos i eixuts estius. Aquesta \u00faltima caracter\u00edstica delimita el nombre d&#8217;esp\u00e8cies animals capaces d&#8217;assentar-s&#8217;hi. Les plantes, per tal de resistir aquestes condicions, desenvolupen una s\u00e8rie d&#8217;adaptacions encaminades a la superviv\u00e8ncia i a la millora de l&#8217;efectivitat en la compet\u00e8ncia amb altres vegetals.<\/p>\n<p>El car\u00e0cter torrencial de les pluges provoca una\u00a0erosi\u00f3\u00a0mec\u00e0nica extraordin\u00e0riament potent que arrossega tot tipus de materials; si hi afegim l&#8217;erosi\u00f3 qu\u00edmica, que dissol la roca calc\u00e0ria, l&#8217;efecte \u00e9s impressionant: valls i rieres profundes i escarpades, d&#8217;un tortu\u00f3s i bell tra\u00e7at que la gent del pa\u00eds anomena fondos.<\/p>\n<p>&nbsp;<\/p>\n<p><strong>CONTACTE<br \/>\n<\/strong>Carretera del Rat Penat, km 3,5. Sitges<br \/>\nTel. 935 971 819 \/ mail:p.garraf@diba.cat<br \/>\nDe dilluns a divendres de 8 a 15 h<\/p>\n<p>&nbsp;<\/p>\n","protected":false},"excerpt":{"rendered":"<p>Avinyonet del Pened\u00e8s,Begues,\u00a0Castelldefels,\u00a0Gav\u00e0,\u00a0Olesa de Bonesvalls,\u00a0Olivella,\u00a0Sant Pere de Ribes,\u00a0Sitges\u00a0i\u00a0Vilanova i la Geltr\u00fa El\u00a0Parc Natural del Garraf\u00a0\u00e9s un\u00a0espai d&#8217;inter\u00e8s natural de 12.376 [&hellip;]<\/p>\n","protected":false},"author":1,"featured_media":1137,"parent":0,"menu_order":0,"comment_status":"closed","ping_status":"closed","template":"","meta":{"footnotes":"","_links_to":"","_links_to_target":""},"class_list":["post-1136","page","type-page","status-publish","has-post-thumbnail","hentry"],"_links":{"self":[{"href":"https:\/\/cecbll.cat\/espaicomarca\/wp-json\/wp\/v2\/pages\/1136","targetHints":{"allow":["GET"]}}],"collection":[{"href":"https:\/\/cecbll.cat\/espaicomarca\/wp-json\/wp\/v2\/pages"}],"about":[{"href":"https:\/\/cecbll.cat\/espaicomarca\/wp-json\/wp\/v2\/types\/page"}],"author":[{"embeddable":true,"href":"https:\/\/cecbll.cat\/espaicomarca\/wp-json\/wp\/v2\/users\/1"}],"replies":[{"embeddable":true,"href":"https:\/\/cecbll.cat\/espaicomarca\/wp-json\/wp\/v2\/comments?post=1136"}],"version-history":[{"count":1,"href":"https:\/\/cecbll.cat\/espaicomarca\/wp-json\/wp\/v2\/pages\/1136\/revisions"}],"predecessor-version":[{"id":1138,"href":"https:\/\/cecbll.cat\/espaicomarca\/wp-json\/wp\/v2\/pages\/1136\/revisions\/1138"}],"wp:featuredmedia":[{"embeddable":true,"href":"https:\/\/cecbll.cat\/espaicomarca\/wp-json\/wp\/v2\/media\/1137"}],"wp:attachment":[{"href":"https:\/\/cecbll.cat\/espaicomarca\/wp-json\/wp\/v2\/media?parent=1136"}],"curies":[{"name":"wp","href":"https:\/\/api.w.org\/{rel}","templated":true}]}}