{"id":1130,"date":"2017-01-16T08:44:26","date_gmt":"2017-01-16T08:44:26","guid":{"rendered":"http:\/\/cecbll.cat\/espaicomarca\/?page_id=1130"},"modified":"2017-01-16T08:44:26","modified_gmt":"2017-01-16T08:44:26","slug":"parc-natural-de-la-muntanya-de-montserrat","status":"publish","type":"page","link":"https:\/\/cecbll.cat\/espaicomarca\/parc-natural-de-la-muntanya-de-montserrat\/","title":{"rendered":"Parc Natural de la Muntanya de Montserrat"},"content":{"rendered":"<p><strong>Recinte del Monestir de Montserrat s\/n. Monistrol de Montserrat<\/strong><\/p>\n<p>La superf\u00edcie del Parc Natural de la Muntanya de Montserrat \u00e9s de 3.630 ha (inclou 1.981 ha de reserva natural) i una zona de protecci\u00f3 (ZP) de 4.039 ha. El Parc \u00e9s gestionat pel Patronat de la Muntanya de Montserrat. Els motius de la seva instauraci\u00f3 es basen en la import\u00e0ncia religiosa i cultural del Monestir i del Santuari i en la bellesa i la singularitat de la muntanya.<\/p>\n<p>La Muntanya de Montserrat i els seus entorns s\u00f3n espais d\u2019inter\u00e8s natural que estan protegits amb l\u2019objectiu de compatibilitzar els valors naturals, culturals i hist\u00f2rics amb la vida di\u00e0ria dels seus habitants, la difusi\u00f3 i la recerca del seu patrimoni i el gaudi dels visitants.<\/p>\n<p>La Muntanya de Montserrat presenta unes caracter\u00edstiques tan sorprenents que ha esdevingut un dels s\u00edmbols de Catalunya. Encara que t\u00e9 una aparen\u00e7a de muntanya m\u00e9s aviat erma i rocallosa, quan un s\u2019endinsa pels seus camins descobreix fins a quin punt la vegetaci\u00f3 \u00e9s ufanosa i la fauna viu en estat salvatge.<\/p>\n<p>Es poden fer les rutes: Travessia de les Agulles, Ruta de la font Gran a la font de Guilleumes, Ruta de les Ermites Rom\u00e0niques, de Monistrol al portal de Montserrat, Cam\u00ed dels Degollats, Cam\u00ed del Serrat dels Gatells, camins rurals de la vinya Nova i l&#8217;Alzina Gran.<\/p>\n<p>&nbsp;<\/p>\n<p><strong>HORARI<\/strong><br \/>\n<em>Estiu:\u00a0<\/em>De dilluns a diumenge de 9.00 a 20.00 hores.<br \/>\n<em>Hivern:\u00a0<\/em>De dilluns a diumenge de 9.00 a 18.00 hores.<\/p>\n<p><strong>CONTACTE<br \/>\n<\/strong><em>Tel\u00e8fon: <\/em>93 835 06 44<br \/>\n<em>E-mail:<\/em> patronatmontserrat.presidencia@gencat.cat<\/p>\n<p><strong>\u00a0<\/strong><\/p>\n<p><strong>\u00a0<\/strong><\/p>\n<p><strong>\u00a0<\/strong><\/p>\n<p>&nbsp;<\/p>\n","protected":false},"excerpt":{"rendered":"<p>Recinte del Monestir de Montserrat s\/n. Monistrol de Montserrat La superf\u00edcie del Parc Natural de la Muntanya de Montserrat \u00e9s [&hellip;]<\/p>\n","protected":false},"author":1,"featured_media":1131,"parent":0,"menu_order":0,"comment_status":"closed","ping_status":"closed","template":"","meta":{"footnotes":"","_links_to":"","_links_to_target":""},"class_list":["post-1130","page","type-page","status-publish","has-post-thumbnail","hentry"],"_links":{"self":[{"href":"https:\/\/cecbll.cat\/espaicomarca\/wp-json\/wp\/v2\/pages\/1130","targetHints":{"allow":["GET"]}}],"collection":[{"href":"https:\/\/cecbll.cat\/espaicomarca\/wp-json\/wp\/v2\/pages"}],"about":[{"href":"https:\/\/cecbll.cat\/espaicomarca\/wp-json\/wp\/v2\/types\/page"}],"author":[{"embeddable":true,"href":"https:\/\/cecbll.cat\/espaicomarca\/wp-json\/wp\/v2\/users\/1"}],"replies":[{"embeddable":true,"href":"https:\/\/cecbll.cat\/espaicomarca\/wp-json\/wp\/v2\/comments?post=1130"}],"version-history":[{"count":1,"href":"https:\/\/cecbll.cat\/espaicomarca\/wp-json\/wp\/v2\/pages\/1130\/revisions"}],"predecessor-version":[{"id":1132,"href":"https:\/\/cecbll.cat\/espaicomarca\/wp-json\/wp\/v2\/pages\/1130\/revisions\/1132"}],"wp:featuredmedia":[{"embeddable":true,"href":"https:\/\/cecbll.cat\/espaicomarca\/wp-json\/wp\/v2\/media\/1131"}],"wp:attachment":[{"href":"https:\/\/cecbll.cat\/espaicomarca\/wp-json\/wp\/v2\/media?parent=1130"}],"curies":[{"name":"wp","href":"https:\/\/api.w.org\/{rel}","templated":true}]}}