{"id":1106,"date":"2017-01-13T14:50:11","date_gmt":"2017-01-13T14:50:11","guid":{"rendered":"http:\/\/cecbll.cat\/espaicomarca\/?page_id=1106"},"modified":"2017-01-13T14:59:01","modified_gmt":"2017-01-13T14:59:01","slug":"masia-moli-de-can-batlle","status":"publish","type":"page","link":"https:\/\/cecbll.cat\/espaicomarca\/masia-moli-de-can-batlle\/","title":{"rendered":"Masia Mol\u00ed de Can Batlle"},"content":{"rendered":"<p><strong>Carrer Mol\u00ed, 2-4. Vallirana<\/strong><\/p>\n<p>La Masia Mol\u00ed de Can Batlle \u00e9s un equipament municipal d&#8217;inter\u00e8s hist\u00f2ric i cultural format per una masia del segle XVII, on es poden visitar alguns dels seus elements originaris, com la cuina, la llar de foc, la pica, un cup de vi, l&#8217;era, la bassa i el pati.<\/p>\n<p>Tamb\u00e9 s&#8217;hi poden visitar, a la part muse\u00eftzada, dos molins fariners: un de rodet horitzontal del segle XV i un altre del segle XIX mogut per una gran roda de calaixos de m\u00e9s de 10 m de di\u00e0metre, \u00fanica a la prov\u00edncia de Barcelona i de les poques que queden al territori catal\u00e0.<\/p>\n<p>A trav\u00e9s de la visita guiada, coneixerem com funcionaven els molins fariners, quins s\u00f3n els seus elements principals, com era l&#8217;ofici de moliner i quines eines es feien servir. Tamb\u00e9 coneixerem la import\u00e0ncia del pa, aix\u00ed com el proc\u00e9s d&#8217;obtenci\u00f3 del blat i la farina.<\/p>\n<p>La Masia Mol\u00ed de Can Batlle \u00e9s, des del punt de vista hist\u00f2ric i museol\u00f2gic, l&#8217;element patrimonial de m\u00e9s inter\u00e8s del municipi de Vallirana. Des del 1984 \u00e9s propietat de l&#8217;Ajuntament, el qual va promoure la seva restauraci\u00f3 i adaptaci\u00f3 com a museu a trav\u00e9s del Servei de Patrimoni Arquitect\u00f2nic Local de la Diputaci\u00f3 de Barcelona. La rehabilitaci\u00f3 va ser projectada per l&#8217;arquitecte Josep Rovira Pey i es va dur a terme entre els anys 1993-1995. Es va realitzar la restauraci\u00f3 i l\u2019adaptaci\u00f3 de l\u2019edifici per a convertir-lo en un centre cultural.<\/p>\n<p>&nbsp;<\/p>\n<p><strong>HORARI<\/strong><\/p>\n<p>Atenci\u00f3 al p\u00fablic: feiners de 8.30 a 20.30 h<\/p>\n<p><em>Visita a exposicions<\/em><br \/>\nDe dimarts a divendres, de 16.30 a 21.30 h<br \/>\nDissabte, de 10 a 14 h i de 16.30 a 21 h<br \/>\nDiumenge, de 10 a 14 h.<br \/>\nFestius, tancat<\/p>\n<p><em>Visita guiada als molins fariners<\/em><br \/>\nFeiners, de dimarts a divendres, a les 18 h<br \/>\nDissabte, a les 11.30 i a les 18 h<br \/>\nDiumenge, a les 11.30 h<br \/>\nFestius, tancat<\/p>\n<p><strong>\u00a0<\/strong><\/p>\n<p><strong>CONTACTE<br \/>\n<\/strong>93 6832738<br \/>\ncultura@vallirana.cat<\/p>\n<p><strong>\u00a0<\/strong><\/p>\n<p>&nbsp;<\/p>\n","protected":false},"excerpt":{"rendered":"<p>Carrer Mol\u00ed, 2-4. Vallirana La Masia Mol\u00ed de Can Batlle \u00e9s un equipament municipal d&#8217;inter\u00e8s hist\u00f2ric i cultural format per [&hellip;]<\/p>\n","protected":false},"author":1,"featured_media":1107,"parent":0,"menu_order":0,"comment_status":"closed","ping_status":"closed","template":"","meta":{"footnotes":"","_links_to":"","_links_to_target":""},"class_list":["post-1106","page","type-page","status-publish","has-post-thumbnail","hentry"],"_links":{"self":[{"href":"https:\/\/cecbll.cat\/espaicomarca\/wp-json\/wp\/v2\/pages\/1106","targetHints":{"allow":["GET"]}}],"collection":[{"href":"https:\/\/cecbll.cat\/espaicomarca\/wp-json\/wp\/v2\/pages"}],"about":[{"href":"https:\/\/cecbll.cat\/espaicomarca\/wp-json\/wp\/v2\/types\/page"}],"author":[{"embeddable":true,"href":"https:\/\/cecbll.cat\/espaicomarca\/wp-json\/wp\/v2\/users\/1"}],"replies":[{"embeddable":true,"href":"https:\/\/cecbll.cat\/espaicomarca\/wp-json\/wp\/v2\/comments?post=1106"}],"version-history":[{"count":2,"href":"https:\/\/cecbll.cat\/espaicomarca\/wp-json\/wp\/v2\/pages\/1106\/revisions"}],"predecessor-version":[{"id":1110,"href":"https:\/\/cecbll.cat\/espaicomarca\/wp-json\/wp\/v2\/pages\/1106\/revisions\/1110"}],"wp:featuredmedia":[{"embeddable":true,"href":"https:\/\/cecbll.cat\/espaicomarca\/wp-json\/wp\/v2\/media\/1107"}],"wp:attachment":[{"href":"https:\/\/cecbll.cat\/espaicomarca\/wp-json\/wp\/v2\/media?parent=1106"}],"curies":[{"name":"wp","href":"https:\/\/api.w.org\/{rel}","templated":true}]}}