{"id":1096,"date":"2017-01-13T14:39:14","date_gmt":"2017-01-13T14:39:14","guid":{"rendered":"http:\/\/cecbll.cat\/espaicomarca\/?page_id=1096"},"modified":"2017-01-13T14:39:14","modified_gmt":"2017-01-13T14:39:14","slug":"can-ginestar","status":"publish","type":"page","link":"https:\/\/cecbll.cat\/espaicomarca\/can-ginestar\/","title":{"rendered":"Can Ginestar"},"content":{"rendered":"<p><strong>Carles Mercader, 17.\u00a0Sant Just Desvern<\/strong><\/p>\n<p>De la primitiva masia de Can Ginestar nom\u00e9s es mant\u00e9 el celler, ja que entre 1904 i 1905 el propietari de la finca,\u00a0Joan Baptista Modolell, hereu d&#8217;una antiga fam\u00edlia benestant santjustenca, va encarregar la reforma completa de l&#8217;edifici, que va dur a terme l&#8217;arquitecte\u00a0Marcel\u00b7li\u00e0 Coquillat i Llofriu\u00a0en estil\u00a0modernista\u00a0amb clares influ\u00e8ncies\u00a0neog\u00f2tiques. Malgrat la reforma, cal observar que es mant\u00e9 clarament l&#8217;esquema preexistent amb un cos central de tres tramades, al qual s&#8217;hi afegeix la capella a la dreta i un cos acabat per una galeria a l&#8217;esquerra. El conjunt resultant cont\u00e9 un gran nombre d&#8217;elements de reminisc\u00e8ncia medieval.<\/p>\n<p>Des de l&#8217;any\u00a01978\u00a0Can Ginestar \u00e9s propietat de l&#8217;ajuntament de Sant Just Desvern i s&#8217;utilitza com a Casal de Cultura. Acull una sala d&#8217;exposicions, diversos tallers art\u00edstics, la biblioteca municipal, l&#8217;arxiu hist\u00f2ric de Sant Just Desvern i altres serveis municipals. \u00c9s, a m\u00e9s, la seu del\u00a0Centre d&#8217;Estudis Santjustencs\u00a0i dels\u00a0Gegants de Sant Just Desvern, els quals estan en exposici\u00f3 permanent a la seva capella. Al terrat de l&#8217;edifici es troben les antenes de l&#8217;emissora local\u00a0R\u00e0dio Desvern.<\/p>\n<p>Entre els anys\u00a02002\u00a0i\u00a02008\u00a0es realitzen extenses obres de millora a l&#8217;edifici i l&#8217;arquitecte\u00a0Josep Llinas\u00a0construeix una nova biblioteca municipal annexa a Can Ginestar. L&#8217;empresa\u00a0Urcotex\u00a0realitza una restauraci\u00f3 de l&#8217;edifici seguint les directrius de l&#8217;arquitecte\u00a0Xavier Guitart\u00a0i l&#8217;obra queda finalista dels\u00a0<em>Premis Catalunya Construcci\u00f3 2009<\/em>.<\/p>\n<p>&nbsp;<\/p>\n<p><strong>HORARI<br \/>\n<\/strong>De dilluns a dijous, de 10 a 13.30 h<br \/>\nDe dilluns a divendres, de 15.45 a 22 h<br \/>\nDissabtes, de 10 a 13.30 h i de 18 a 20 h<br \/>\nDiumenges, de 12 a 14 h i de 18 a 20h<br \/>\n<em>Del 7 al 31 d\u2019agost i festius de tot l\u2019any, tancat<\/em><\/p>\n<p><strong>CONTACTE<br \/>\n<\/strong>Tel.\u00a093.480.95.64\u00a0\/\u00a0673.692.755\u00a0\/\u00a0<a href=\"mailto:canginestar@santjust.cat\">canginestar@santjust.cat<\/a><\/p>\n<p><strong>\u00a0<\/strong><\/p>\n<p><strong>\u00a0<\/strong><\/p>\n<p>&nbsp;<\/p>\n","protected":false},"excerpt":{"rendered":"<p>Carles Mercader, 17.\u00a0Sant Just Desvern De la primitiva masia de Can Ginestar nom\u00e9s es mant\u00e9 el celler, ja que entre [&hellip;]<\/p>\n","protected":false},"author":1,"featured_media":1097,"parent":0,"menu_order":0,"comment_status":"closed","ping_status":"closed","template":"","meta":{"footnotes":"","_links_to":"","_links_to_target":""},"class_list":["post-1096","page","type-page","status-publish","has-post-thumbnail","hentry"],"_links":{"self":[{"href":"https:\/\/cecbll.cat\/espaicomarca\/wp-json\/wp\/v2\/pages\/1096","targetHints":{"allow":["GET"]}}],"collection":[{"href":"https:\/\/cecbll.cat\/espaicomarca\/wp-json\/wp\/v2\/pages"}],"about":[{"href":"https:\/\/cecbll.cat\/espaicomarca\/wp-json\/wp\/v2\/types\/page"}],"author":[{"embeddable":true,"href":"https:\/\/cecbll.cat\/espaicomarca\/wp-json\/wp\/v2\/users\/1"}],"replies":[{"embeddable":true,"href":"https:\/\/cecbll.cat\/espaicomarca\/wp-json\/wp\/v2\/comments?post=1096"}],"version-history":[{"count":1,"href":"https:\/\/cecbll.cat\/espaicomarca\/wp-json\/wp\/v2\/pages\/1096\/revisions"}],"predecessor-version":[{"id":1098,"href":"https:\/\/cecbll.cat\/espaicomarca\/wp-json\/wp\/v2\/pages\/1096\/revisions\/1098"}],"wp:featuredmedia":[{"embeddable":true,"href":"https:\/\/cecbll.cat\/espaicomarca\/wp-json\/wp\/v2\/media\/1097"}],"wp:attachment":[{"href":"https:\/\/cecbll.cat\/espaicomarca\/wp-json\/wp\/v2\/media?parent=1096"}],"curies":[{"name":"wp","href":"https:\/\/api.w.org\/{rel}","templated":true}]}}