{"id":1089,"date":"2017-01-13T14:36:20","date_gmt":"2017-01-13T14:36:20","guid":{"rendered":"http:\/\/cecbll.cat\/espaicomarca\/?page_id=1089"},"modified":"2017-01-13T14:36:20","modified_gmt":"2017-01-13T14:36:20","slug":"lenrajolada-casa-museu-santacana","status":"publish","type":"page","link":"https:\/\/cecbll.cat\/espaicomarca\/lenrajolada-casa-museu-santacana\/","title":{"rendered":"L\u2019Enrajolada, Casa Museu Santacana"},"content":{"rendered":"<p><strong>Francesc Santacana, 15. Martorell<\/strong><\/p>\n<p>L&#8217;Enrajolada, Casa Museu Santacana,\u00a0\u00e9s una obra inclosa en l&#8217;Inventari del Patrimoni Arquitect\u00f2nic de Catalunya. \u00c9s un dels museus m\u00e9s antics de Catalunya. Fou fundat el1876\u00a0per\u00a0Francesc Santacana i Campmany\u00a0(1810-1896) i continuat pel seu n\u00e9t,\u00a0Francesc Santacana i Romeu\u00a0(1883-1936). Est\u00e0 ubicat en una antiga casa particular que va pert\u00e0nyer a la fam\u00edlia Santacana fins als anys seixanta, quan va ser adquirida per la\u00a0Diputaci\u00f3 de Barcelona. L&#8217;edifici va ser reformat entre 1965 i 1969 per adaptar-lo al nou projecte museogr\u00e0fic i instal\u00b7lar-hi part de la col\u00b7lecci\u00f3 de rajoles i altres cer\u00e0miques del militar i erudit\u00a0Llu\u00eds Faraudo i de Saint-Germain\u00a0(1867-1957).\u00a0L&#8217;Enrajolada forma part de la\u00a0Xarxa de Museus Locals de la Diputaci\u00f3 de Barcelona, i est\u00e0 gestionada per l\u2019Ajuntament de Martorell.<\/p>\n<p>\u00c9s un edifici de planta rectangular, planta baixa, dos pisos i coberta de teula \u00e0rab. Fa\u00e7ana a oest. D&#8217;obra vista, finestres geminades en grups de tres: dos cossos, capitells ornats, porta de quarterons ferrada i merlets coronant l&#8217;edifici. La fa\u00e7ana a Sud presenta una composici\u00f3 ornamental molt acurada: llinda i muntans de portes i finestres, amb aplacat de pedra artificial i relleus; escuts, filigrana; galeria coberta amb gran quantitat de peces de mosaic a les parets.<\/p>\n<p><strong>\u00a0<\/strong>Els fons s\u00f3n molt variats i de proced\u00e8ncia ben diversa: consta de rajoles dels segles XIV a XX, peces de cer\u00e0mica, elements arquitect\u00f2nics i escult\u00f2rics d&#8217;antigues edificacions, pintura del segle XIX, mobiliari i elements decoratius. A m\u00e9s, cont\u00e9 materials arqueol\u00f2gics que provenen de les excavacions realitzades pel mateix Francesc Santacana a Martorell i la seva rodalia.<\/p>\n<p><strong>\u00a0<\/strong><\/p>\n<p><strong>HORARI I CONTACTE<br \/>\n<\/strong>Visites concertades de dimarts a diumenge als matins.<br \/>\n\u00c9s imprescindible reservar pr\u00e8viament al 93 774 22 23 o a museus@martorell.cat<\/p>\n<p>&nbsp;<\/p>\n","protected":false},"excerpt":{"rendered":"<p>Francesc Santacana, 15. Martorell L&#8217;Enrajolada, Casa Museu Santacana,\u00a0\u00e9s una obra inclosa en l&#8217;Inventari del Patrimoni Arquitect\u00f2nic de Catalunya. \u00c9s un [&hellip;]<\/p>\n","protected":false},"author":1,"featured_media":1090,"parent":0,"menu_order":0,"comment_status":"closed","ping_status":"closed","template":"","meta":{"footnotes":"","_links_to":"","_links_to_target":""},"class_list":["post-1089","page","type-page","status-publish","has-post-thumbnail","hentry"],"_links":{"self":[{"href":"https:\/\/cecbll.cat\/espaicomarca\/wp-json\/wp\/v2\/pages\/1089","targetHints":{"allow":["GET"]}}],"collection":[{"href":"https:\/\/cecbll.cat\/espaicomarca\/wp-json\/wp\/v2\/pages"}],"about":[{"href":"https:\/\/cecbll.cat\/espaicomarca\/wp-json\/wp\/v2\/types\/page"}],"author":[{"embeddable":true,"href":"https:\/\/cecbll.cat\/espaicomarca\/wp-json\/wp\/v2\/users\/1"}],"replies":[{"embeddable":true,"href":"https:\/\/cecbll.cat\/espaicomarca\/wp-json\/wp\/v2\/comments?post=1089"}],"version-history":[{"count":1,"href":"https:\/\/cecbll.cat\/espaicomarca\/wp-json\/wp\/v2\/pages\/1089\/revisions"}],"predecessor-version":[{"id":1091,"href":"https:\/\/cecbll.cat\/espaicomarca\/wp-json\/wp\/v2\/pages\/1089\/revisions\/1091"}],"wp:featuredmedia":[{"embeddable":true,"href":"https:\/\/cecbll.cat\/espaicomarca\/wp-json\/wp\/v2\/media\/1090"}],"wp:attachment":[{"href":"https:\/\/cecbll.cat\/espaicomarca\/wp-json\/wp\/v2\/media?parent=1089"}],"curies":[{"name":"wp","href":"https:\/\/api.w.org\/{rel}","templated":true}]}}