{"id":1085,"date":"2017-01-13T14:34:28","date_gmt":"2017-01-13T14:34:28","guid":{"rendered":"http:\/\/cecbll.cat\/espaicomarca\/?page_id=1085"},"modified":"2017-01-13T15:02:15","modified_gmt":"2017-01-13T15:02:15","slug":"can-cartro","status":"publish","type":"page","link":"https:\/\/cecbll.cat\/espaicomarca\/can-cartro\/","title":{"rendered":"Can Cartr\u00f3"},"content":{"rendered":"<p><strong>Carrer Les Begudes, 25. Sant Joan Desp\u00ed<\/strong><\/p>\n<p>La f\u00e0brica Can Cartr\u00f3, el mol\u00ed de la qual aprofita un dels salts d\u2019aigua del canal de la Infanta, es remunta a l\u2019any 1913 i va estar en funcionament fins al 1990. \u201cDe f\u00e0briques com aquestes se n\u2019han conservat molt poques. El fet de conservar-se tal com era li d\u00f3na un valor d\u2019autenticitat molt gran\u201d, diu Eusebi Casanelles, fundador i exdirector del Museu Nacional de la Ci\u00e8ncia i la T\u00e8cnica de Terrassa i vicepresident del patronat del Museu de la Col\u00f2nia Vidal.<\/p>\n<p>L\u2019Ajuntament de Sant Joan Desp\u00ed va aprovar l\u2019agost del 2001 una moci\u00f3 perqu\u00e8 el conjunt de la maquin\u00e0ria de la f\u00e0brica es conservi\u00a0<em>in situ<\/em>. La impulsora d\u2019aquesta mesura va ser l\u2019associaci\u00f3 sense afany de lucre <strong>Solidan\u00e7a,<\/strong> que es dedica a la inserci\u00f3 sociolaboral de persones en risc d\u2019exclusi\u00f3 a trav\u00e9s de la recollida de roba usada. Van llogar la f\u00e0brica el 1997 durant 30 anys als propietaris, la fam\u00edlia Bachs, i s\u2019han encarregat de mantenir-la i cridar l\u2019atenci\u00f3 sobre el valor patrimonial del complex.<\/p>\n<p>Actualment estan traslladant la roba a un magatzem de Sant Just Desvern i volen potenciar la seva tasca sociocultural al llarg del 2016 oferint visites guiades cada mes, m\u00e9s enll\u00e0 de les escolars que fan espor\u00e0dicament i de la jornada de portes obertes anual. A m\u00e9s, tenen previst col\u00b7laborar amb el Centre d\u2019Estudis Comarcals del Baix Llobregat, que s\u2019ha interessat en la f\u00e0brica.<\/p>\n<p>&nbsp;<\/p>\n<p>&nbsp;<\/p>\n","protected":false},"excerpt":{"rendered":"<p>Carrer Les Begudes, 25. Sant Joan Desp\u00ed La f\u00e0brica Can Cartr\u00f3, el mol\u00ed de la qual aprofita un dels salts [&hellip;]<\/p>\n","protected":false},"author":1,"featured_media":1112,"parent":0,"menu_order":0,"comment_status":"closed","ping_status":"closed","template":"","meta":{"footnotes":"","_links_to":"","_links_to_target":""},"class_list":["post-1085","page","type-page","status-publish","has-post-thumbnail","hentry"],"_links":{"self":[{"href":"https:\/\/cecbll.cat\/espaicomarca\/wp-json\/wp\/v2\/pages\/1085","targetHints":{"allow":["GET"]}}],"collection":[{"href":"https:\/\/cecbll.cat\/espaicomarca\/wp-json\/wp\/v2\/pages"}],"about":[{"href":"https:\/\/cecbll.cat\/espaicomarca\/wp-json\/wp\/v2\/types\/page"}],"author":[{"embeddable":true,"href":"https:\/\/cecbll.cat\/espaicomarca\/wp-json\/wp\/v2\/users\/1"}],"replies":[{"embeddable":true,"href":"https:\/\/cecbll.cat\/espaicomarca\/wp-json\/wp\/v2\/comments?post=1085"}],"version-history":[{"count":2,"href":"https:\/\/cecbll.cat\/espaicomarca\/wp-json\/wp\/v2\/pages\/1085\/revisions"}],"predecessor-version":[{"id":1088,"href":"https:\/\/cecbll.cat\/espaicomarca\/wp-json\/wp\/v2\/pages\/1085\/revisions\/1088"}],"wp:featuredmedia":[{"embeddable":true,"href":"https:\/\/cecbll.cat\/espaicomarca\/wp-json\/wp\/v2\/media\/1112"}],"wp:attachment":[{"href":"https:\/\/cecbll.cat\/espaicomarca\/wp-json\/wp\/v2\/media?parent=1085"}],"curies":[{"name":"wp","href":"https:\/\/api.w.org\/{rel}","templated":true}]}}