{"id":1082,"date":"2017-01-13T14:32:57","date_gmt":"2017-01-13T14:32:57","guid":{"rendered":"http:\/\/cecbll.cat\/espaicomarca\/?page_id=1082"},"modified":"2017-01-13T14:59:22","modified_gmt":"2017-01-13T14:59:22","slug":"can-negre","status":"publish","type":"page","link":"https:\/\/cecbll.cat\/espaicomarca\/can-negre\/","title":{"rendered":"Can Negre"},"content":{"rendered":"<p><strong>Pla\u00e7a de Catalunya. Sant Joan Desp\u00ed<\/strong><\/p>\n<p>Can Negre\u00a0\u00e9s una\u00a0antiga masia\u00a0situada a\u00a0Sant Joan Desp\u00ed. Fou transformada per l&#8217;arquitecte\u00a0modernista\u00a0Josep Maria Jujol i Gibert\u00a0entre 1915 i 1930. \u00c9s una obra declarada\u00a0B\u00e9 Cultural d&#8217;Inter\u00e8s Nacional. Actualment pertany a l&#8217;ajuntament que la dedica a diverses activitats culturals, \u00a0i acull el\u00a0Centre Jujol \u2013 Can Negre\u00a0que forma part de la Xarxa de Museus Locals de la Diputaci\u00f3 de Barcelona.<strong>\u00a0<\/strong><\/p>\n<p>La fa\u00e7ana principal \u00e9s l&#8217;element m\u00e9s rellevant, est\u00e0 coronada per l\u00ednies ondulants a l&#8217;estil de les fa\u00e7anes barroques, amb un component d&#8217;asimetria que no trenca l&#8217;harmonia del conjunt.<\/p>\n<p>A l&#8217;interior hi destaca l&#8217;escala d&#8217;acc\u00e9s al primer pis, rematada amb la c\u00fapula helico\u00efdal de planta octagonal, des de la qual es pot veure un plaf\u00f3 al sostre format per triangles, pintat de color blau i blanc\u00a0i presidit per un \u00e0ngel.\u00a0La casa t\u00e9 una petita capella d&#8217;estil barroc de planta el\u00b7l\u00edptica, \u00a0amb decoraci\u00f3 en colors blau, blanc, vermell i daurat,\u00a0i amb una destacable\u00a0ll\u00e0ntia\u00a0de\u00a0forja.\u00a0Una altra depend\u00e8ncia interessant \u00e9s el menjador. Tamb\u00e9 es conserva un ocell de ferro forjat que formava part de la reixa que tancava el jard\u00ed.<strong>\u00a0<\/strong><\/p>\n<p>&nbsp;<\/p>\n<p><strong>HORARI<\/strong><br \/>\n&#8211; De dilluns a divendres de 10 a 13 h<br \/>\n&#8211; De dilluns a dijous de 17&#8217;30 a 20 h<br \/>\n&#8211; Diumenges de 12 a 14 h<\/p>\n<p><strong>\u00a0<\/strong><\/p>\n<p>&nbsp;<\/p>\n","protected":false},"excerpt":{"rendered":"<p>Pla\u00e7a de Catalunya. Sant Joan Desp\u00ed Can Negre\u00a0\u00e9s una\u00a0antiga masia\u00a0situada a\u00a0Sant Joan Desp\u00ed. Fou transformada per l&#8217;arquitecte\u00a0modernista\u00a0Josep Maria Jujol i [&hellip;]<\/p>\n","protected":false},"author":1,"featured_media":1083,"parent":0,"menu_order":0,"comment_status":"closed","ping_status":"closed","template":"","meta":{"footnotes":"","_links_to":"","_links_to_target":""},"class_list":["post-1082","page","type-page","status-publish","has-post-thumbnail","hentry"],"_links":{"self":[{"href":"https:\/\/cecbll.cat\/espaicomarca\/wp-json\/wp\/v2\/pages\/1082","targetHints":{"allow":["GET"]}}],"collection":[{"href":"https:\/\/cecbll.cat\/espaicomarca\/wp-json\/wp\/v2\/pages"}],"about":[{"href":"https:\/\/cecbll.cat\/espaicomarca\/wp-json\/wp\/v2\/types\/page"}],"author":[{"embeddable":true,"href":"https:\/\/cecbll.cat\/espaicomarca\/wp-json\/wp\/v2\/users\/1"}],"replies":[{"embeddable":true,"href":"https:\/\/cecbll.cat\/espaicomarca\/wp-json\/wp\/v2\/comments?post=1082"}],"version-history":[{"count":2,"href":"https:\/\/cecbll.cat\/espaicomarca\/wp-json\/wp\/v2\/pages\/1082\/revisions"}],"predecessor-version":[{"id":1111,"href":"https:\/\/cecbll.cat\/espaicomarca\/wp-json\/wp\/v2\/pages\/1082\/revisions\/1111"}],"wp:featuredmedia":[{"embeddable":true,"href":"https:\/\/cecbll.cat\/espaicomarca\/wp-json\/wp\/v2\/media\/1083"}],"wp:attachment":[{"href":"https:\/\/cecbll.cat\/espaicomarca\/wp-json\/wp\/v2\/media?parent=1082"}],"curies":[{"name":"wp","href":"https:\/\/api.w.org\/{rel}","templated":true}]}}