{"id":1079,"date":"2017-01-13T14:31:30","date_gmt":"2017-01-13T14:31:30","guid":{"rendered":"http:\/\/cecbll.cat\/espaicomarca\/?page_id=1079"},"modified":"2017-01-13T14:31:30","modified_gmt":"2017-01-13T14:31:30","slug":"can-pedrosa-colleccio-etnologica","status":"publish","type":"page","link":"https:\/\/cecbll.cat\/espaicomarca\/can-pedrosa-colleccio-etnologica\/","title":{"rendered":"Can Pedrosa (col\u00b7lecci\u00f3 etnol\u00f2gica)"},"content":{"rendered":"<p><strong>Carrer Oliveres, s\/n. Sant Just Desvern<\/strong><\/p>\n<p>Can Padrosa\u00a0\u00e9s una\u00a0masia\u00a0que est\u00e0 situada a la riba dreta de la\u00a0riera de Sant Just. La primera refer\u00e8ncia documentada \u00e9s del 1077.<\/p>\n<p>L&#8217;edifici actual \u00e9s una construcci\u00f3 de comen\u00e7aments del segle XV. A partir de 1509 es coneix com a\u00a0<em>Can Padrosa<\/em>.<\/p>\n<p>L&#8217;edifici est\u00e0 format per una planta baixa, un pis i les golfes, la coberta \u00e9s a dues vessants amb teula vermella i amb un doble r\u00e0fec de coberta, la fa\u00e7ana principal est\u00e0 orientada cap al sud o sol de migdia, i a la banda de llevant t\u00e9 una galeria adossada amb una rica col\u00b7lecci\u00f3 d&#8217;eines del camp.<\/p>\n<p>Destaca el portal adovellat flanquejat a banda i banda per finestres amb les llindes de pedra a la vista i protegides per reixes. Damunt el portal, a l&#8217;al\u00e7ada del pis, hi ha una finestra g\u00f2tica germinada per un esvelt pilar i amb arcs lobulats. A l&#8217;esquerra del finestral\u00a0g\u00f2tic\u00a0s&#8217;hi pot veure un rellotge de sol.<\/p>\n<p>L&#8217;any 1986 l&#8217;Ajuntament va decidir adquirir els terrenys i el 1987 les restes es van incloure al Cat\u00e0leg del Patrimoni Hist\u00f2ric i Art\u00edstic Local.<\/p>\n<p>Amb el pas del temps, la fam\u00edlia Padrosa ha anat guardant i recollint tots els estris dom\u00e8stics i\u00a0eines\u00a0del camp que han fet servir, en un moment o altre, en la vida quotidiana de la masia i la pagesia. De forma continuada, tots els membres de la fam\u00edlia han col\u00b7laborat a les tasques de neteja i manteniment de les peces, mentre anaven ampliant l&#8217;espai de la masia on les anaven recopilant.<\/p>\n<p>Els estris d&#8217;\u00fas dom\u00e8stic s\u00f3n els que estaven situats b\u00e0sicament a la cuina, l&#8217;alcova o les sales de la masia que, junt amb les eines del camp, es troben agrupats com a \u00abCol\u00b7lecci\u00f3 de Can Padrosa\u00bb a la sala coneguda com el\u00a0<em>Cup Vell,<\/em>\u00a0aprofitada quan ja havia perdut el seu valor d&#8217;\u00fas. A l&#8217;inici de l&#8217;any 2007, gr\u00e0cies al suport de la fam\u00edlia Padrosa, el\u00a0Centre d&#8217;Estudis Santjustencs ha pogut establir un acord amb\u00a0l\u2019Institut Ramon Muntaner (IRMU) per iniciar les tasques d&#8217;inventari i catalogaci\u00f3 dels estris dom\u00e8stics i eines del camp que formen part del patrimoni de la fam\u00edlia.<\/p>\n","protected":false},"excerpt":{"rendered":"<p>Carrer Oliveres, s\/n. Sant Just Desvern Can Padrosa\u00a0\u00e9s una\u00a0masia\u00a0que est\u00e0 situada a la riba dreta de la\u00a0riera de Sant Just. [&hellip;]<\/p>\n","protected":false},"author":1,"featured_media":1080,"parent":0,"menu_order":0,"comment_status":"closed","ping_status":"closed","template":"","meta":{"footnotes":"","_links_to":"","_links_to_target":""},"class_list":["post-1079","page","type-page","status-publish","has-post-thumbnail","hentry"],"_links":{"self":[{"href":"https:\/\/cecbll.cat\/espaicomarca\/wp-json\/wp\/v2\/pages\/1079","targetHints":{"allow":["GET"]}}],"collection":[{"href":"https:\/\/cecbll.cat\/espaicomarca\/wp-json\/wp\/v2\/pages"}],"about":[{"href":"https:\/\/cecbll.cat\/espaicomarca\/wp-json\/wp\/v2\/types\/page"}],"author":[{"embeddable":true,"href":"https:\/\/cecbll.cat\/espaicomarca\/wp-json\/wp\/v2\/users\/1"}],"replies":[{"embeddable":true,"href":"https:\/\/cecbll.cat\/espaicomarca\/wp-json\/wp\/v2\/comments?post=1079"}],"version-history":[{"count":1,"href":"https:\/\/cecbll.cat\/espaicomarca\/wp-json\/wp\/v2\/pages\/1079\/revisions"}],"predecessor-version":[{"id":1081,"href":"https:\/\/cecbll.cat\/espaicomarca\/wp-json\/wp\/v2\/pages\/1079\/revisions\/1081"}],"wp:featuredmedia":[{"embeddable":true,"href":"https:\/\/cecbll.cat\/espaicomarca\/wp-json\/wp\/v2\/media\/1080"}],"wp:attachment":[{"href":"https:\/\/cecbll.cat\/espaicomarca\/wp-json\/wp\/v2\/media?parent=1079"}],"curies":[{"name":"wp","href":"https:\/\/api.w.org\/{rel}","templated":true}]}}