{"id":1076,"date":"2017-01-13T14:30:03","date_gmt":"2017-01-13T14:30:03","guid":{"rendered":"http:\/\/cecbll.cat\/espaicomarca\/?page_id=1076"},"modified":"2017-01-13T14:30:03","modified_gmt":"2017-01-13T14:30:03","slug":"can-comamala","status":"publish","type":"page","link":"https:\/\/cecbll.cat\/espaicomarca\/can-comamala\/","title":{"rendered":"Can Comamala"},"content":{"rendered":"<p><strong>Carrer Jacint Verdaguer, 105.\u00a0Sant Vicen\u00e7 dels Horts<\/strong><\/p>\n<p>Can Comamala\u00a0\u00e9s una obra inclosa en l&#8217;Inventari del Patrimoni Arquitect\u00f2nic de Catalunya.<\/p>\n<p>Es tracta d&#8217;un edifici cantoner de planta rectangular amb jard\u00ed al sector SE, delimitat per una tanca. T\u00e9 planta baixa, pis i terrat de tipus catal\u00e0. La porta d&#8217;acc\u00e9s (porxada) \u00e9s a la fa\u00e7ana E i t\u00e9 la mateixa composici\u00f3 ornamental que la resta d&#8217;obertures: fullam, flors i filigrana (en acurat relleu) omplen els dintells i muntants; hi ha decoraci\u00f3 d&#8217;esgrafiats i trencaaig\u00fces.<\/p>\n<p>Les fa\u00e7anes s\u00f3n coronades per formes ondulants en motllures, front\u00f3 central amb medall\u00f3 i inicials &#8220;CC&#8221;. Les cantonades s\u00f3n fetes tot simulant carreus.<\/p>\n<p>Aquest edifici fou constru\u00eft el primer quart del segle XX per la fam\u00edlia Comamala, propietaris d&#8217;una f\u00e0brica de filats.<sup>\u00a0<\/sup><\/p>\n<p>Can Comamala acull els serveis d\u2019Educaci\u00f3, Cultura,i l\u2019Oficina Municipal d&#8217;Escolaritzaci\u00f3 (OME).<\/p>\n<p><strong>\u00a0<\/strong><\/p>\n<p><strong>HORARI<br \/>\n<\/strong>Matins: dilluns a divendres de 9 a 14 h.<br \/>\nTardes: dilluns i dimecres de 17 a 19:30 h. (fins al mes de juny) Agost tancat<\/p>\n<p><strong>CONTACTE<br \/>\n<\/strong>Tel\u00e8fon: 936569826<br \/>\nCorreu electr\u00f2nic:\u00a0<a href=\"mailto:cultura@svh.cat\">cultura@svh.cat\u00a0<\/a>\/\u00a0<a href=\"mailto:educacio@svh.cat\">educacio@svh.cat\u00a0<\/a><\/p>\n","protected":false},"excerpt":{"rendered":"<p>Carrer Jacint Verdaguer, 105.\u00a0Sant Vicen\u00e7 dels Horts Can Comamala\u00a0\u00e9s una obra inclosa en l&#8217;Inventari del Patrimoni Arquitect\u00f2nic de Catalunya. Es [&hellip;]<\/p>\n","protected":false},"author":1,"featured_media":1077,"parent":0,"menu_order":0,"comment_status":"closed","ping_status":"closed","template":"","meta":{"footnotes":"","_links_to":"","_links_to_target":""},"class_list":["post-1076","page","type-page","status-publish","has-post-thumbnail","hentry"],"_links":{"self":[{"href":"https:\/\/cecbll.cat\/espaicomarca\/wp-json\/wp\/v2\/pages\/1076","targetHints":{"allow":["GET"]}}],"collection":[{"href":"https:\/\/cecbll.cat\/espaicomarca\/wp-json\/wp\/v2\/pages"}],"about":[{"href":"https:\/\/cecbll.cat\/espaicomarca\/wp-json\/wp\/v2\/types\/page"}],"author":[{"embeddable":true,"href":"https:\/\/cecbll.cat\/espaicomarca\/wp-json\/wp\/v2\/users\/1"}],"replies":[{"embeddable":true,"href":"https:\/\/cecbll.cat\/espaicomarca\/wp-json\/wp\/v2\/comments?post=1076"}],"version-history":[{"count":1,"href":"https:\/\/cecbll.cat\/espaicomarca\/wp-json\/wp\/v2\/pages\/1076\/revisions"}],"predecessor-version":[{"id":1078,"href":"https:\/\/cecbll.cat\/espaicomarca\/wp-json\/wp\/v2\/pages\/1076\/revisions\/1078"}],"wp:featuredmedia":[{"embeddable":true,"href":"https:\/\/cecbll.cat\/espaicomarca\/wp-json\/wp\/v2\/media\/1077"}],"wp:attachment":[{"href":"https:\/\/cecbll.cat\/espaicomarca\/wp-json\/wp\/v2\/media?parent=1076"}],"curies":[{"name":"wp","href":"https:\/\/api.w.org\/{rel}","templated":true}]}}