{"id":1053,"date":"2017-01-13T12:11:55","date_gmt":"2017-01-13T12:11:55","guid":{"rendered":"http:\/\/cecbll.cat\/espaicomarca\/?page_id=1053"},"modified":"2017-01-13T12:11:55","modified_gmt":"2017-01-13T12:11:55","slug":"torre-salbana","status":"publish","type":"page","link":"https:\/\/cecbll.cat\/espaicomarca\/torre-salbana\/","title":{"rendered":"Torre Salbana"},"content":{"rendered":"<p><strong>Cam\u00ed Torre Salbana s\/n. Santa Coloma de Cervell\u00f3\u00a0<\/strong><\/p>\n<p>La\u00a0<strong>Torre Salvana<\/strong>\u00a0de\u00a0Santa Coloma de Cervell\u00f3\u00a0\u00e9s una antiga fortificaci\u00f3 dalt d&#8217;un tur\u00f3 documentada des de l&#8217;any 992. \u00c9s d&#8217;estil rom\u00e0nic amb modificacions d&#8217;estil g\u00f2tic en el seu casal adossat i algunes altres reformes m\u00e9s posteriors al segle XVIII i al segle XIX quan s&#8217;hi van afegir algunes obertures en la seva torre i en la barbacana d&#8217;estil neog\u00f2tic cosa que li van donar un aspecte de castell medieval, amb torres de defensa i almenes que no corresponen al disseny original.<\/p>\n<p>Est\u00e0 catalogada com B\u00e9 d&#8217;Inter\u00e8s Cultural des del 08 de novembre de 1988.<\/p>\n<p>Est\u00e0 relacionada amb el llinatge dels Cervell\u00f3, va acabar sent una masia fortificada. Des de l&#8217;any 992 tenia el nom de la Torre d&#8217;Eles, en canvi al segle XIV, era esmentada com\u00a0<em>la Torre de Cort<\/em>\u00a0o de\u00a0<em>Sacort<\/em>. L&#8217;any 1224, aquest castell va patir danys a conseq\u00fc\u00e8ncia de les revoltes catalanes. El rei Jaume II, l&#8217;any 1297, va comprar-la i el 1390 va ser venuda a la ciutat de\u00a0Barcelona. L&#8217;any 1716, rere les capitulacions de l&#8217;11 de setembre de 1714\u00a0de la Guerra de Successi\u00f3, va ser confiscada per haver donat suport a la causa de l&#8217;arxiduc Carles III enfront de Felip V d&#8217;Espanya. Des d&#8217;aleshores i fins a finals del segle XVIII, el castell Torre Salbana form\u00e0 part del patrimoni dels marquesos de la Manresana i de\u00a0Santa Maria de Barber\u00e0.<\/p>\n<p>&nbsp;<\/p>\n","protected":false},"excerpt":{"rendered":"<p>Cam\u00ed Torre Salbana s\/n. Santa Coloma de Cervell\u00f3\u00a0 La\u00a0Torre Salvana\u00a0de\u00a0Santa Coloma de Cervell\u00f3\u00a0\u00e9s una antiga fortificaci\u00f3 dalt d&#8217;un tur\u00f3 documentada [&hellip;]<\/p>\n","protected":false},"author":1,"featured_media":1054,"parent":0,"menu_order":0,"comment_status":"closed","ping_status":"closed","template":"","meta":{"footnotes":"","_links_to":"","_links_to_target":""},"class_list":["post-1053","page","type-page","status-publish","has-post-thumbnail","hentry"],"_links":{"self":[{"href":"https:\/\/cecbll.cat\/espaicomarca\/wp-json\/wp\/v2\/pages\/1053","targetHints":{"allow":["GET"]}}],"collection":[{"href":"https:\/\/cecbll.cat\/espaicomarca\/wp-json\/wp\/v2\/pages"}],"about":[{"href":"https:\/\/cecbll.cat\/espaicomarca\/wp-json\/wp\/v2\/types\/page"}],"author":[{"embeddable":true,"href":"https:\/\/cecbll.cat\/espaicomarca\/wp-json\/wp\/v2\/users\/1"}],"replies":[{"embeddable":true,"href":"https:\/\/cecbll.cat\/espaicomarca\/wp-json\/wp\/v2\/comments?post=1053"}],"version-history":[{"count":1,"href":"https:\/\/cecbll.cat\/espaicomarca\/wp-json\/wp\/v2\/pages\/1053\/revisions"}],"predecessor-version":[{"id":1055,"href":"https:\/\/cecbll.cat\/espaicomarca\/wp-json\/wp\/v2\/pages\/1053\/revisions\/1055"}],"wp:featuredmedia":[{"embeddable":true,"href":"https:\/\/cecbll.cat\/espaicomarca\/wp-json\/wp\/v2\/media\/1054"}],"wp:attachment":[{"href":"https:\/\/cecbll.cat\/espaicomarca\/wp-json\/wp\/v2\/media?parent=1053"}],"curies":[{"name":"wp","href":"https:\/\/api.w.org\/{rel}","templated":true}]}}