{"id":1049,"date":"2017-01-13T12:10:36","date_gmt":"2017-01-13T12:10:36","guid":{"rendered":"http:\/\/cecbll.cat\/espaicomarca\/?page_id=1049"},"modified":"2017-01-13T12:10:44","modified_gmt":"2017-01-13T12:10:44","slug":"pont-del-lledoner","status":"publish","type":"page","link":"https:\/\/cecbll.cat\/espaicomarca\/pont-del-lledoner\/","title":{"rendered":"Pont del Lledoner"},"content":{"rendered":"<p><strong>Vallirana<\/strong><\/p>\n<p>El\u00a0Pont del Lledoner\u00a0\u00e9s una construcci\u00f3 que es troba al terme municipal de\u00a0Cervell\u00f3. Est\u00e0 protegit com a\u00a0B\u00e9 Cultural d&#8217;Inter\u00e8s Local.<\/p>\n<p>Durant la segona meitat del segle XVIII, regnant a Espanya el rei Carles III, es va dur a terme la construcci\u00f3 de la nova carretera entre Vilafranca i Barcelona, l&#8217;actual N-340, una obra determinant pel desenvolupament dels municipis de Vallirana i Cervell\u00f3. Va ser dissenyada per enginyers militars i realitzada en diverses fases, ateses les enormes dificultats que comportava l&#8217;accidentada orografia del territori. Entre Vilafranca i Barcelona es varen construir\u00a059 ponts, el m\u00e9s important dels quals, tret del de Molins de Rei, va ser sens dubte el pont del Lledoner.<\/p>\n<p>Encara avui sorpr\u00e8n l&#8217;envergadura d&#8217;una obra realitzada fa m\u00e9s de dos-cents anys i que mant\u00e9 inalterada la seva funcionalitat, tot i que la seva part superior va ser reconstru\u00efda despr\u00e9s de la guerra civil. Consta de dos pisos d&#8217;arcades, nou l&#8217;inferior i tretze el superior, tots dos transitables. La documentaci\u00f3 de l&#8217;\u00e8poca ens demostra la gran admiraci\u00f3 que va causar la seva construcci\u00f3 als nombrosos viatgers que el transitaven. Un d&#8217;ells,\u00a0Alexandre de Laborde, en el seu Voyage pittoresque et historique de l&#8217;Espagne, escrit a principis del segle XIX, el descriu encara inacabat i explica com els vianants havien de travessar el pont pel seu nivell inferior, mentre que els carruatges seguien una antiga drecera per la muntanya.<\/p>\n<p><strong>\u00a0<\/strong><\/p>\n<p>&nbsp;<\/p>\n","protected":false},"excerpt":{"rendered":"<p>Vallirana El\u00a0Pont del Lledoner\u00a0\u00e9s una construcci\u00f3 que es troba al terme municipal de\u00a0Cervell\u00f3. Est\u00e0 protegit com a\u00a0B\u00e9 Cultural d&#8217;Inter\u00e8s Local. [&hellip;]<\/p>\n","protected":false},"author":1,"featured_media":1050,"parent":0,"menu_order":0,"comment_status":"closed","ping_status":"closed","template":"","meta":{"footnotes":"","_links_to":"","_links_to_target":""},"class_list":["post-1049","page","type-page","status-publish","has-post-thumbnail","hentry"],"_links":{"self":[{"href":"https:\/\/cecbll.cat\/espaicomarca\/wp-json\/wp\/v2\/pages\/1049","targetHints":{"allow":["GET"]}}],"collection":[{"href":"https:\/\/cecbll.cat\/espaicomarca\/wp-json\/wp\/v2\/pages"}],"about":[{"href":"https:\/\/cecbll.cat\/espaicomarca\/wp-json\/wp\/v2\/types\/page"}],"author":[{"embeddable":true,"href":"https:\/\/cecbll.cat\/espaicomarca\/wp-json\/wp\/v2\/users\/1"}],"replies":[{"embeddable":true,"href":"https:\/\/cecbll.cat\/espaicomarca\/wp-json\/wp\/v2\/comments?post=1049"}],"version-history":[{"count":2,"href":"https:\/\/cecbll.cat\/espaicomarca\/wp-json\/wp\/v2\/pages\/1049\/revisions"}],"predecessor-version":[{"id":1052,"href":"https:\/\/cecbll.cat\/espaicomarca\/wp-json\/wp\/v2\/pages\/1049\/revisions\/1052"}],"wp:featuredmedia":[{"embeddable":true,"href":"https:\/\/cecbll.cat\/espaicomarca\/wp-json\/wp\/v2\/media\/1050"}],"wp:attachment":[{"href":"https:\/\/cecbll.cat\/espaicomarca\/wp-json\/wp\/v2\/media?parent=1049"}],"curies":[{"name":"wp","href":"https:\/\/api.w.org\/{rel}","templated":true}]}}