{"id":1046,"date":"2017-01-13T12:09:19","date_gmt":"2017-01-13T12:09:19","guid":{"rendered":"http:\/\/cecbll.cat\/espaicomarca\/?page_id=1046"},"modified":"2017-01-13T12:09:19","modified_gmt":"2017-01-13T12:09:19","slug":"bodegues-ca-nestella","status":"publish","type":"page","link":"https:\/\/cecbll.cat\/espaicomarca\/bodegues-ca-nestella\/","title":{"rendered":"Bodegues Ca n\u2019Estella"},"content":{"rendered":"<p><strong>Masia Ca n\u2019Estella, s\/n. Sant Esteve Sesrovires<\/strong><\/p>\n<p>Ca n&#8217;Estella \u00e9s un petit gran celler familiar de la DO Pened\u00e8s i de la DO Cava, on elaboren els vins Clot dels Oms i els Caves Rabetllat i Vidal, i que est\u00e0 situat just al costat de Martorell, a tan sols 20 minuts de Barcelona i de cam\u00ed a Montserrat. Els inicis del celler \u00e9s remunten al 1800. Actualment el celler est\u00e0 dirigit per la tercera generaci\u00f3 de la fam\u00edlia Rabetllat, que ha portat el celler a ser reconegut internacionalment pels seus vins i caves, amb premis i medalles per tot el m\u00f3n.<\/p>\n<p><em>Aquestes terres i el vi s\u00f3n la nostra passi\u00f3, i per aquest motiu, volem obrir les portes de casa nostra per poder compartir amb totes aquelles persones qui ho desitgin, el nostre amor per aquest meravell\u00f3s m\u00f3n. Volem que el visitant es senti com a casa i que visqui una experi\u00e8ncia sensorial, per aix\u00f2 posem tots els nostres esfor\u00e7os perqu\u00e8 el visitant es senti \u00fanic i especial.<\/em><\/p>\n<p><strong>\u00a0<\/strong><\/p>\n<p><strong>HORARIS<br \/>\n<\/strong><em>Reserva pr\u00e8via<strong><br \/>\n<\/strong><\/em>De dimarts a dissabte de 09:00 h a 18:00 h<br \/>\nDiumenges i festius de 09:00 h a 14:00 h<\/p>\n<p><strong>PREU VISITA<br \/>\n<\/strong>14.90\u20ac<\/p>\n<p><strong>TEL\u00c8FON<br \/>\n<\/strong>934161387;618753066<\/p>\n<p><strong>EMAIL<br \/>\n<\/strong>visits@fincacanestella.com<\/p>\n<p><strong>Web<br \/>\n<\/strong>www.fincacanestella.com<\/p>\n<p>&nbsp;<\/p>\n","protected":false},"excerpt":{"rendered":"<p>Masia Ca n\u2019Estella, s\/n. Sant Esteve Sesrovires Ca n&#8217;Estella \u00e9s un petit gran celler familiar de la DO Pened\u00e8s i [&hellip;]<\/p>\n","protected":false},"author":1,"featured_media":1047,"parent":0,"menu_order":0,"comment_status":"closed","ping_status":"closed","template":"","meta":{"footnotes":"","_links_to":"","_links_to_target":""},"class_list":["post-1046","page","type-page","status-publish","has-post-thumbnail","hentry"],"_links":{"self":[{"href":"https:\/\/cecbll.cat\/espaicomarca\/wp-json\/wp\/v2\/pages\/1046","targetHints":{"allow":["GET"]}}],"collection":[{"href":"https:\/\/cecbll.cat\/espaicomarca\/wp-json\/wp\/v2\/pages"}],"about":[{"href":"https:\/\/cecbll.cat\/espaicomarca\/wp-json\/wp\/v2\/types\/page"}],"author":[{"embeddable":true,"href":"https:\/\/cecbll.cat\/espaicomarca\/wp-json\/wp\/v2\/users\/1"}],"replies":[{"embeddable":true,"href":"https:\/\/cecbll.cat\/espaicomarca\/wp-json\/wp\/v2\/comments?post=1046"}],"version-history":[{"count":1,"href":"https:\/\/cecbll.cat\/espaicomarca\/wp-json\/wp\/v2\/pages\/1046\/revisions"}],"predecessor-version":[{"id":1048,"href":"https:\/\/cecbll.cat\/espaicomarca\/wp-json\/wp\/v2\/pages\/1046\/revisions\/1048"}],"wp:featuredmedia":[{"embeddable":true,"href":"https:\/\/cecbll.cat\/espaicomarca\/wp-json\/wp\/v2\/media\/1047"}],"wp:attachment":[{"href":"https:\/\/cecbll.cat\/espaicomarca\/wp-json\/wp\/v2\/media?parent=1046"}],"curies":[{"name":"wp","href":"https:\/\/api.w.org\/{rel}","templated":true}]}}