{"id":1040,"date":"2017-01-13T12:05:54","date_gmt":"2017-01-13T12:05:54","guid":{"rendered":"http:\/\/cecbll.cat\/espaicomarca\/?page_id=1040"},"modified":"2017-01-13T12:05:54","modified_gmt":"2017-01-13T12:05:54","slug":"castell-del-papiol","status":"publish","type":"page","link":"https:\/\/cecbll.cat\/espaicomarca\/castell-del-papiol\/","title":{"rendered":"Castell del Papiol"},"content":{"rendered":"<p><strong>Moss\u00e8n Rull. El Papiol\u00a0<\/strong><\/p>\n<p>El\u00a0<strong>castell del Papiol<\/strong>\u00a0s&#8217;al\u00e7a sobre la roca i la poblaci\u00f3, al Puig del Papiol. Aquest castell forma part de la xarxa castellera que vigilava el curs del Llobregat\u00a0i el cam\u00ed d&#8217;acc\u00e9s a Barcelona enfront de les r\u00e0tzies musulmanes procedents fonamentalment del Pened\u00e8s. \u00c9s una obra declarada\u00a0B\u00e9 Cultural d&#8217;Inter\u00e8s Nacional<strong>. <\/strong><\/p>\n<p>Castell de planta rectangular, format per diversos cossos d&#8217;edificacions juxtaposats. La part m\u00e9s antiga \u00e9s a la planta baixa, tot just traspassada l&#8217;entrada: una escala excavada a la roca mena cap a una sala estreta i allargada, amb les parets d&#8217;aparell d&#8217;espiga, m\u00e9s sortides que no pas la volta de mig punt que sostenen. Al costat hi ha una altra sala m\u00e9s \u00e0mplia, tamb\u00e9 coberta amb volta i m\u00e9s tardana. Entre totes dues hi ha ubicada l&#8217;antiga masmorra medieval. M\u00e9s enll\u00e0, el basament de la torre s&#8217;eleva per damunt la f\u00e0brica del castell. Vora seu hi ha un vaixell amb veles hissades esgrafiat a la paret. Els pisos superiors han estat molt refor\u00e7ats i enriquits amb mobiliari antic i amb una pinacoteca de pintors catalans de finals del segle XIX i principis del segle XX. L&#8217;exterior tamb\u00e9 ha estat restaurat.\u00a0<strong>\u00a0<\/strong><\/p>\n<p><strong>HORARI<br \/>\n<\/strong>Dissabte obert 24 hores.<br \/>\nDiumenge obert 24 hores.<br \/>\nDilluns obert 24 hores<\/p>\n<p>&nbsp;<\/p>\n","protected":false},"excerpt":{"rendered":"<p>Moss\u00e8n Rull. El Papiol\u00a0 El\u00a0castell del Papiol\u00a0s&#8217;al\u00e7a sobre la roca i la poblaci\u00f3, al Puig del Papiol. Aquest castell forma [&hellip;]<\/p>\n","protected":false},"author":1,"featured_media":1041,"parent":0,"menu_order":0,"comment_status":"closed","ping_status":"closed","template":"","meta":{"footnotes":"","_links_to":"","_links_to_target":""},"class_list":["post-1040","page","type-page","status-publish","has-post-thumbnail","hentry"],"_links":{"self":[{"href":"https:\/\/cecbll.cat\/espaicomarca\/wp-json\/wp\/v2\/pages\/1040","targetHints":{"allow":["GET"]}}],"collection":[{"href":"https:\/\/cecbll.cat\/espaicomarca\/wp-json\/wp\/v2\/pages"}],"about":[{"href":"https:\/\/cecbll.cat\/espaicomarca\/wp-json\/wp\/v2\/types\/page"}],"author":[{"embeddable":true,"href":"https:\/\/cecbll.cat\/espaicomarca\/wp-json\/wp\/v2\/users\/1"}],"replies":[{"embeddable":true,"href":"https:\/\/cecbll.cat\/espaicomarca\/wp-json\/wp\/v2\/comments?post=1040"}],"version-history":[{"count":1,"href":"https:\/\/cecbll.cat\/espaicomarca\/wp-json\/wp\/v2\/pages\/1040\/revisions"}],"predecessor-version":[{"id":1042,"href":"https:\/\/cecbll.cat\/espaicomarca\/wp-json\/wp\/v2\/pages\/1040\/revisions\/1042"}],"wp:featuredmedia":[{"embeddable":true,"href":"https:\/\/cecbll.cat\/espaicomarca\/wp-json\/wp\/v2\/media\/1041"}],"wp:attachment":[{"href":"https:\/\/cecbll.cat\/espaicomarca\/wp-json\/wp\/v2\/media?parent=1040"}],"curies":[{"name":"wp","href":"https:\/\/api.w.org\/{rel}","templated":true}]}}