{"id":1029,"date":"2017-01-13T12:00:33","date_gmt":"2017-01-13T12:00:33","guid":{"rendered":"http:\/\/cecbll.cat\/espaicomarca\/?page_id=1029"},"modified":"2017-01-13T12:00:46","modified_gmt":"2017-01-13T12:00:46","slug":"moli-dels-frares","status":"publish","type":"page","link":"https:\/\/cecbll.cat\/espaicomarca\/moli-dels-frares\/","title":{"rendered":"Mol\u00ed dels Frares"},"content":{"rendered":"<p><strong>Pla\u00e7a del Mol\u00ed, 1. Sant Vicen\u00e7 dels Horts<\/strong><\/p>\n<p>El\u00a0<strong>Mol\u00ed dels Frares<\/strong>\u00a0\u00e9s un antic mas constru\u00eft al\u00a0segle XIV, \u00a0\u00e9s una de les construccions m\u00e9s antigues i de m\u00e9s valor hist\u00f2ric de la ciutat de Sant Vicen\u00e7 dels Horts, protegit com a\u00a0b\u00e9 cultural d&#8217;inter\u00e8s local\u00a0del municipi. \u00c9s l&#8217;\u00fanic mol\u00ed que es conserva al municipi.<\/p>\n<p>Est\u00e0 format per dues parts: d&#8217;una banda, l&#8217;antic mol\u00ed fariner d&#8217;origen medieval, on nom\u00e9s se&#8217;n conserva l&#8217;estructura de les fa\u00e7anes, i de l&#8217;altra, la casa o el mas, on residia el moliner i la seva fam\u00edlia, que va ser reformat seguint l&#8217;est\u00e8tica noucentista. Conserva part de l&#8217;estructura d&#8217;un antic mol\u00ed, com ara part dels recs o canals i la bassa, una estan\u00e7a coberta amb voltes g\u00f2tiques, a la qual s&#8217;accedeix per un portal de mig punt adovellat, sobre el qual, al\u00a0segle XVIII, hi fou encastat un relleu barroc de\u00a0Sant Pau, amb una inscripci\u00f3. El mas, a un nivell una mica m\u00e9s alt, fou reformat a finals del segle XVIII i a inicis del segle XX i ostenta ornamentaci\u00f3 de tipus noucentista, destacant la p\u00e8rgola, avui desapareguda, que hi havia al frontal de la bassa. Aquesta, orientada al sud, presenta un ap\u00e8ndix a l&#8217;est amb escales centrals per salvar el desnivell de la part posterior del conjunt.<\/p>\n<p><strong>\u00a0<\/strong><\/p>\n","protected":false},"excerpt":{"rendered":"<p>Pla\u00e7a del Mol\u00ed, 1. Sant Vicen\u00e7 dels Horts El\u00a0Mol\u00ed dels Frares\u00a0\u00e9s un antic mas constru\u00eft al\u00a0segle XIV, \u00a0\u00e9s una de [&hellip;]<\/p>\n","protected":false},"author":1,"featured_media":1030,"parent":0,"menu_order":0,"comment_status":"closed","ping_status":"closed","template":"","meta":{"footnotes":"","_links_to":"","_links_to_target":""},"class_list":["post-1029","page","type-page","status-publish","has-post-thumbnail","hentry"],"_links":{"self":[{"href":"https:\/\/cecbll.cat\/espaicomarca\/wp-json\/wp\/v2\/pages\/1029","targetHints":{"allow":["GET"]}}],"collection":[{"href":"https:\/\/cecbll.cat\/espaicomarca\/wp-json\/wp\/v2\/pages"}],"about":[{"href":"https:\/\/cecbll.cat\/espaicomarca\/wp-json\/wp\/v2\/types\/page"}],"author":[{"embeddable":true,"href":"https:\/\/cecbll.cat\/espaicomarca\/wp-json\/wp\/v2\/users\/1"}],"replies":[{"embeddable":true,"href":"https:\/\/cecbll.cat\/espaicomarca\/wp-json\/wp\/v2\/comments?post=1029"}],"version-history":[{"count":2,"href":"https:\/\/cecbll.cat\/espaicomarca\/wp-json\/wp\/v2\/pages\/1029\/revisions"}],"predecessor-version":[{"id":1032,"href":"https:\/\/cecbll.cat\/espaicomarca\/wp-json\/wp\/v2\/pages\/1029\/revisions\/1032"}],"wp:featuredmedia":[{"embeddable":true,"href":"https:\/\/cecbll.cat\/espaicomarca\/wp-json\/wp\/v2\/media\/1030"}],"wp:attachment":[{"href":"https:\/\/cecbll.cat\/espaicomarca\/wp-json\/wp\/v2\/media?parent=1029"}],"curies":[{"name":"wp","href":"https:\/\/api.w.org\/{rel}","templated":true}]}}