{"id":1026,"date":"2017-01-13T11:59:05","date_gmt":"2017-01-13T11:59:05","guid":{"rendered":"http:\/\/cecbll.cat\/espaicomarca\/?page_id=1026"},"modified":"2017-01-13T11:59:05","modified_gmt":"2017-01-13T11:59:05","slug":"castell-de-sant-jaume","status":"publish","type":"page","link":"https:\/\/cecbll.cat\/espaicomarca\/castell-de-sant-jaume\/","title":{"rendered":"Castell de Sant Jaume"},"content":{"rendered":"<p><strong>Castellv\u00ed de Rosanes<\/strong><\/p>\n<p>El castell de Sant Jaume de Castellv\u00ed de Rosanes \u00e9s una obra declarada\u00a0B\u00e9 Cultural d&#8217;Inter\u00e8s Nacional.<\/p>\n<p>Est\u00e0 situat a una altitud de 369 metres en una estrat\u00e8gica situaci\u00f3 dominant el pas pel corredor de la depressi\u00f3 penedesenca i alhora controlant el pas pel curs del\u00a0Llobregat\u00a0cam\u00ed de Barcelona. La primera not\u00edcia documentada del castell es remunta al 963 com a\u00a0<em>Castrum Vetulo<\/em>\u00a0(Castell Vell), i surt esmentat el personatge\u00a0<em>Gilelmus<\/em>\u00a0com a senyor del castell en una escriptura de confirmaci\u00f3 de terres. Aleshores, els castells i possessions de Castellv\u00ed de Rosanes i\u00a0Castellv\u00ed de la Marca\u00a0pertanyien a una mateixa fam\u00edlia, els Castellv\u00ed o Castellvell. Aquesta fam\u00edlia tingu\u00e9 molta influ\u00e8ncia a la cort comtal i la ciutat de\u00a0Barcelona.<\/p>\n<p>Conserva un gran recinte, amb restes de murs i bestorres, arran de l&#8217;espadat, bases d&#8217;una torre romana i altres depend\u00e8ncies en ru\u00efnes que formaven el cos del castell. El conjunt fou destru\u00eft el 1714.<\/p>\n<p>El castell de Sant Jaume consta de dos recintes principals, el primer i m\u00e9s antic dels quals envolta una massissa torre romana de planta circular constru\u00efda amb grans carreus escairats, assentats amb un morter dur\u00edssim. L&#8217;aparell del primer recinte \u00e9s d&#8217;angles roms, d&#8217;opus spicatum. El segon recinte, que inclou el lloc on devia haver-hi el poblat, alterna panys de muralla amb bestorres rectangulars i aquestes, soltes, contornegen la part superior de tot el tur\u00f3. Aquest recinte, d&#8217;estructura g\u00f2tica, inclou una estan\u00e7a que fins fa poc conserv\u00e0 dues arcades de diafragma ogivals i altres cambres, avui plenes d&#8217;enderrocs.<\/p>\n<p>La capella de Sant Jaume del Castellvell de Rosanes est\u00e0 situada al pla de sota el castell. L&#8217;edifici \u00e9s molt simple, amb una\u00a0nau rectangular i un\u00a0absis\u00a0semicircular, decorat a la part exterior amb\u00a0arcuacions llombardes, i amb una entrada lateral amb\u00a0arc de mig punt<strong>.<\/strong><\/p>\n","protected":false},"excerpt":{"rendered":"<p>Castellv\u00ed de Rosanes El castell de Sant Jaume de Castellv\u00ed de Rosanes \u00e9s una obra declarada\u00a0B\u00e9 Cultural d&#8217;Inter\u00e8s Nacional. Est\u00e0 [&hellip;]<\/p>\n","protected":false},"author":1,"featured_media":1027,"parent":0,"menu_order":0,"comment_status":"closed","ping_status":"closed","template":"","meta":{"footnotes":"","_links_to":"","_links_to_target":""},"class_list":["post-1026","page","type-page","status-publish","has-post-thumbnail","hentry"],"_links":{"self":[{"href":"https:\/\/cecbll.cat\/espaicomarca\/wp-json\/wp\/v2\/pages\/1026","targetHints":{"allow":["GET"]}}],"collection":[{"href":"https:\/\/cecbll.cat\/espaicomarca\/wp-json\/wp\/v2\/pages"}],"about":[{"href":"https:\/\/cecbll.cat\/espaicomarca\/wp-json\/wp\/v2\/types\/page"}],"author":[{"embeddable":true,"href":"https:\/\/cecbll.cat\/espaicomarca\/wp-json\/wp\/v2\/users\/1"}],"replies":[{"embeddable":true,"href":"https:\/\/cecbll.cat\/espaicomarca\/wp-json\/wp\/v2\/comments?post=1026"}],"version-history":[{"count":1,"href":"https:\/\/cecbll.cat\/espaicomarca\/wp-json\/wp\/v2\/pages\/1026\/revisions"}],"predecessor-version":[{"id":1028,"href":"https:\/\/cecbll.cat\/espaicomarca\/wp-json\/wp\/v2\/pages\/1026\/revisions\/1028"}],"wp:featuredmedia":[{"embeddable":true,"href":"https:\/\/cecbll.cat\/espaicomarca\/wp-json\/wp\/v2\/media\/1027"}],"wp:attachment":[{"href":"https:\/\/cecbll.cat\/espaicomarca\/wp-json\/wp\/v2\/media?parent=1026"}],"curies":[{"name":"wp","href":"https:\/\/api.w.org\/{rel}","templated":true}]}}