{"id":1020,"date":"2017-01-13T11:55:25","date_gmt":"2017-01-13T11:55:25","guid":{"rendered":"http:\/\/cecbll.cat\/espaicomarca\/?page_id=1020"},"modified":"2017-01-13T11:55:25","modified_gmt":"2017-01-13T11:55:25","slug":"casa-de-comportes-del-canal-de-la-infanta","status":"publish","type":"page","link":"https:\/\/cecbll.cat\/espaicomarca\/casa-de-comportes-del-canal-de-la-infanta\/","title":{"rendered":"Casa de Comportes del Canal de la Infanta"},"content":{"rendered":"<p><strong>Avinguda de Barcelona, 2. Molins de Rei<\/strong><\/p>\n<p>La Casa de Comportes \u00e9s un edifici de Molins de Rei que origin\u00e0riament era la porta del Canal de la Infanta. \u00c9s inclosa en l&#8217;Inventari del Patrimoni Arquitect\u00f2nic Catal\u00e0.<\/p>\n<p>El Canal de la Infanta va ser constru\u00eft entre 1817 i 1819 i va ser un dels principals elements dinamitzadors de la ind\u00fastria i l&#8217;agricultura del municipi. El seu disseny es deu a Pere Soler i Ferrer, que tamb\u00e9 dirig\u00ed les obres. T\u00e9 17 kil\u00f2metres. Va ser inaugurat per la Infanta Llu\u00efsa Carlota de Borb\u00f3, de qui pren el nom.<\/p>\n<p>La Casa de Comportes \u00e9s una construcci\u00f3 molt compacta de planta rectangular, formada per planta baixa i pis. La seva estructura alterna portes i finestres a la planta baixa (amb la porta principal a una fa\u00e7ana lateral) i finestres al primer pis. L&#8217;edifici est\u00e0 rematat per un terrat amb barana. La seva decoraci\u00f3 est\u00e0 composta per plafons d&#8217;un color m\u00e9s clar, tant horitzontals (separant els dos pisos) com verticals. Aquests tenen decoraci\u00f3 floral en alt relleu del mateix color que la resta de la fa\u00e7ana. Finalment, portes i finestres estan emmarcades per carreus de pedra.<\/p>\n","protected":false},"excerpt":{"rendered":"<p>Avinguda de Barcelona, 2. Molins de Rei La Casa de Comportes \u00e9s un edifici de Molins de Rei que origin\u00e0riament [&hellip;]<\/p>\n","protected":false},"author":1,"featured_media":1021,"parent":0,"menu_order":0,"comment_status":"closed","ping_status":"closed","template":"","meta":{"footnotes":"","_links_to":"","_links_to_target":""},"class_list":["post-1020","page","type-page","status-publish","has-post-thumbnail","hentry"],"_links":{"self":[{"href":"https:\/\/cecbll.cat\/espaicomarca\/wp-json\/wp\/v2\/pages\/1020","targetHints":{"allow":["GET"]}}],"collection":[{"href":"https:\/\/cecbll.cat\/espaicomarca\/wp-json\/wp\/v2\/pages"}],"about":[{"href":"https:\/\/cecbll.cat\/espaicomarca\/wp-json\/wp\/v2\/types\/page"}],"author":[{"embeddable":true,"href":"https:\/\/cecbll.cat\/espaicomarca\/wp-json\/wp\/v2\/users\/1"}],"replies":[{"embeddable":true,"href":"https:\/\/cecbll.cat\/espaicomarca\/wp-json\/wp\/v2\/comments?post=1020"}],"version-history":[{"count":1,"href":"https:\/\/cecbll.cat\/espaicomarca\/wp-json\/wp\/v2\/pages\/1020\/revisions"}],"predecessor-version":[{"id":1022,"href":"https:\/\/cecbll.cat\/espaicomarca\/wp-json\/wp\/v2\/pages\/1020\/revisions\/1022"}],"wp:featuredmedia":[{"embeddable":true,"href":"https:\/\/cecbll.cat\/espaicomarca\/wp-json\/wp\/v2\/media\/1021"}],"wp:attachment":[{"href":"https:\/\/cecbll.cat\/espaicomarca\/wp-json\/wp\/v2\/media?parent=1020"}],"curies":[{"name":"wp","href":"https:\/\/api.w.org\/{rel}","templated":true}]}}