{"id":1015,"date":"2017-01-13T11:53:28","date_gmt":"2017-01-13T11:53:28","guid":{"rendered":"http:\/\/cecbll.cat\/espaicomarca\/?page_id=1015"},"modified":"2017-01-13T11:54:06","modified_gmt":"2017-01-13T11:54:06","slug":"la-caserna-dels-carrabiners","status":"publish","type":"page","link":"https:\/\/cecbll.cat\/espaicomarca\/la-caserna-dels-carrabiners\/","title":{"rendered":"La caserna dels Carrabiners"},"content":{"rendered":"<p><strong>El Prat de Llobregat<\/strong><\/p>\n<p>La\u00a0<strong>caserna dels Carrabiners<\/strong>\u00a0est\u00e0 situada vora la platja del Prat de Llobregat, a la desembocadura del\u00a0canal de la dreta del Llobregat, just al final del cam\u00ed de la Bunyola (antiga Carretera Fonda).<\/p>\n<p>Visiteu aquest indret a tocar del mar i us remuntareu a mitjan segle XIX, quan per tal de controlar el contraban i vigilar la costa, es van construir els primers edificis de la caserna. Des d\u2019aquest punt, el cos de carrabiners va participar en el salvament de vaixells i persones.<\/p>\n<p>\u00c9s un conjunt de tres edificis de planta baixa sobre un basament d&#8217;1 m d&#8217;al\u00e7ada, amb parets de totxo i coberta a dos vessants. Un pavell\u00f3 principal \u00e9s disposat paral\u00b7lel a la costa, mentre dos pavellons laterals es disposen perpendicularment formant un gran pati, obert al mar.<\/p>\n<p>L&#8217;acc\u00e9s principal es produ\u00efa des del Nord, pels laterals del pavell\u00f3 central, mitjan\u00e7ant rampes que portaven fins al nivell del basament. Aquest, \u00e9s m\u00e9s ample a la zona del pati, conformant una vorera perimetral, amb escales puntuals.<\/p>\n<p>Les fa\u00e7anes dels edificis s\u00f3n compostes de m\u00f2duls amb porta central i dues finestres laterals, repetit fins a conformar els tres edificis. Una cornisa de formig\u00f3 prefabricat contenia la canal de recollida d&#8217;aig\u00fces, amb canalons vistos per les fa\u00e7anes.<\/p>\n<p>Les seves parets protegeixen la platja natural, tancada al p\u00fablic, que la voreja i en vigilen la tranquil\u00b7litat, perqu\u00e8 esp\u00e8cies d\u2019ocells com el corriol camanegre, la gavina corsa, la garsa de mar o l\u2019\u00e0guila pescadora hi trobin aliment i refugi.<strong>\u00a0<\/strong><\/p>\n<p>&nbsp;<\/p>\n<p><strong>HORARI<br \/>\n<\/strong>&#8211; De l&#8217;1 de novembre al 31 de mar\u00e7, de 9 a 17 h.<br \/>\n&#8211; De l&#8217;1 d&#8217;abril al 31 d&#8217;octubre, de 9 a 19 h.<br \/>\n*L&#8217;espai romandr\u00e0 tancat els dies 25 i 26 de desembre i 1 i 6 de gener. La part superior de l&#8217;itinerari i la carretera fonda de la Bunyola, fins a les portes de fusta, incl\u00f2s l&#8217;acc\u00e9s a la pantalla mirador de Cal Tet, estar\u00e0 obert permanentment.<\/p>\n<p><strong>CONTACTE<br \/>\n<\/strong>Consorci per a la Protecci\u00f3 i Gesti\u00f3 dels espais naturals del delta del Llobregat<br \/>\nTel:\u00a0<a href=\"tel\/934793201\">93 479 32 01\u00a0<\/a><\/p>\n","protected":false},"excerpt":{"rendered":"<p>El Prat de Llobregat La\u00a0caserna dels Carrabiners\u00a0est\u00e0 situada vora la platja del Prat de Llobregat, a la desembocadura del\u00a0canal de [&hellip;]<\/p>\n","protected":false},"author":1,"featured_media":1016,"parent":0,"menu_order":0,"comment_status":"closed","ping_status":"closed","template":"","meta":{"footnotes":"","_links_to":"","_links_to_target":""},"class_list":["post-1015","page","type-page","status-publish","has-post-thumbnail","hentry"],"_links":{"self":[{"href":"https:\/\/cecbll.cat\/espaicomarca\/wp-json\/wp\/v2\/pages\/1015","targetHints":{"allow":["GET"]}}],"collection":[{"href":"https:\/\/cecbll.cat\/espaicomarca\/wp-json\/wp\/v2\/pages"}],"about":[{"href":"https:\/\/cecbll.cat\/espaicomarca\/wp-json\/wp\/v2\/types\/page"}],"author":[{"embeddable":true,"href":"https:\/\/cecbll.cat\/espaicomarca\/wp-json\/wp\/v2\/users\/1"}],"replies":[{"embeddable":true,"href":"https:\/\/cecbll.cat\/espaicomarca\/wp-json\/wp\/v2\/comments?post=1015"}],"version-history":[{"count":2,"href":"https:\/\/cecbll.cat\/espaicomarca\/wp-json\/wp\/v2\/pages\/1015\/revisions"}],"predecessor-version":[{"id":1019,"href":"https:\/\/cecbll.cat\/espaicomarca\/wp-json\/wp\/v2\/pages\/1015\/revisions\/1019"}],"wp:featuredmedia":[{"embeddable":true,"href":"https:\/\/cecbll.cat\/espaicomarca\/wp-json\/wp\/v2\/media\/1016"}],"wp:attachment":[{"href":"https:\/\/cecbll.cat\/espaicomarca\/wp-json\/wp\/v2\/media?parent=1015"}],"curies":[{"name":"wp","href":"https:\/\/api.w.org\/{rel}","templated":true}]}}