{"id":1012,"date":"2017-01-13T11:50:53","date_gmt":"2017-01-13T11:50:53","guid":{"rendered":"http:\/\/cecbll.cat\/espaicomarca\/?page_id=1012"},"modified":"2017-01-13T11:51:15","modified_gmt":"2017-01-13T11:51:15","slug":"ca-namat","status":"publish","type":"page","link":"https:\/\/cecbll.cat\/espaicomarca\/ca-namat\/","title":{"rendered":"Ca n\u2019Amat"},"content":{"rendered":"<p><strong>Carrer de Sitges, 1-3. Viladecans\u00a0<\/strong><\/p>\n<p><strong>Ca n&#8217;Amat<\/strong>\u00a0\u00e9s la seu d&#8217;un equipament muse\u00edstic de titularitat municipal de Viladecans, i forma part de la\u00a0Xarxa de Museus Locals de la Diputaci\u00f3 de Barcelona. L&#8217;edifici \u00e9s un exemple de casa rural benestant t\u00edpica del\u00a0segle XIX, amb elements lligats a la vida agr\u00edcola, l&#8217;activitat b\u00e0sica del\u00a0Viladecans\u00a0del\u00a0segle XIX\u00a0i part del\u00a0XX. Aix\u00ed, les estances i dormitoris dels propietaris amb mobiliari de tipus isabel\u00ed i modernista\u00a0conviuen amb la cuina i les\u00a0sitges\u00a0de l&#8217;interior de la casa i els cups del pati. Peri\u00f2dicament, l&#8217;Ajuntament hi organitza un seguit d&#8217;activitats l\u00fadiques i culturals per tal de donar a con\u00e8ixer la hist\u00f2ria i el patrimoni de la ciutat, com ara visites guiades a l&#8217;edifici, exposicions temporals i xerrades.<\/p>\n<p><strong>\u00a0<\/strong><\/p>\n<p><strong>HORARI<br \/>\n<\/strong>De dimarts a dissabtes (excepte festius), de 16.30 a 19.30 h, i dissabtes i diumenges, de 10.30 a 13.30 h<\/p>\n<p><strong>CONTACTE<br \/>\n<\/strong>936351800 \u2013 Ext. 8180<\/p>\n","protected":false},"excerpt":{"rendered":"<p>Carrer de Sitges, 1-3. Viladecans\u00a0 Ca n&#8217;Amat\u00a0\u00e9s la seu d&#8217;un equipament muse\u00edstic de titularitat municipal de Viladecans, i forma part [&hellip;]<\/p>\n","protected":false},"author":1,"featured_media":1013,"parent":0,"menu_order":0,"comment_status":"closed","ping_status":"closed","template":"","meta":{"footnotes":"","_links_to":"","_links_to_target":""},"class_list":["post-1012","page","type-page","status-publish","has-post-thumbnail","hentry"],"_links":{"self":[{"href":"https:\/\/cecbll.cat\/espaicomarca\/wp-json\/wp\/v2\/pages\/1012","targetHints":{"allow":["GET"]}}],"collection":[{"href":"https:\/\/cecbll.cat\/espaicomarca\/wp-json\/wp\/v2\/pages"}],"about":[{"href":"https:\/\/cecbll.cat\/espaicomarca\/wp-json\/wp\/v2\/types\/page"}],"author":[{"embeddable":true,"href":"https:\/\/cecbll.cat\/espaicomarca\/wp-json\/wp\/v2\/users\/1"}],"replies":[{"embeddable":true,"href":"https:\/\/cecbll.cat\/espaicomarca\/wp-json\/wp\/v2\/comments?post=1012"}],"version-history":[{"count":1,"href":"https:\/\/cecbll.cat\/espaicomarca\/wp-json\/wp\/v2\/pages\/1012\/revisions"}],"predecessor-version":[{"id":1014,"href":"https:\/\/cecbll.cat\/espaicomarca\/wp-json\/wp\/v2\/pages\/1012\/revisions\/1014"}],"wp:featuredmedia":[{"embeddable":true,"href":"https:\/\/cecbll.cat\/espaicomarca\/wp-json\/wp\/v2\/media\/1013"}],"wp:attachment":[{"href":"https:\/\/cecbll.cat\/espaicomarca\/wp-json\/wp\/v2\/media?parent=1012"}],"curies":[{"name":"wp","href":"https:\/\/api.w.org\/{rel}","templated":true}]}}