{"id":1006,"date":"2017-01-13T11:46:56","date_gmt":"2017-01-13T11:46:56","guid":{"rendered":"http:\/\/cecbll.cat\/espaicomarca\/?page_id=1006"},"modified":"2017-01-13T11:46:56","modified_gmt":"2017-01-13T11:46:56","slug":"moli-fariner","status":"publish","type":"page","link":"https:\/\/cecbll.cat\/espaicomarca\/moli-fariner\/","title":{"rendered":"Mol\u00ed Fariner"},"content":{"rendered":"<p><strong>Carrer Carles Mercader, 17. Sant Just Desvern<\/strong><\/p>\n<p>Mol\u00ed fariner hidr\u00e0ulic que conserva gaireb\u00e9 la totalitat de la seva estructura. A la part superior hi ha la bassa que es troba soterrada. Conserva la totalitat del cup, la volta sencera de la sala de les moles i bona part del carcab\u00e0 tant intern com extern. No es conserva ni la solera de la sala de les moles ni les pedres del mol\u00ed. El portal d\u2019entrada, situat a la fa\u00e7ana nord que es conserva perfecte, t\u00e9 un arc g\u00f2tic apuntat.<\/p>\n<p>El mol\u00ed va construir-se l\u2019any 1306, canviant de mans en nombroses ocasions. A mitjan del segle XVII el mol\u00ed va deixar de funcionar. A partir dels anys 60 del segle XX va servir de garatge d\u2019una excavadora, i fins i tot d\u2019abocador de runes. El 1986, l\u2019Ajuntament va adquirir els terrenys i un any despr\u00e9s les restes es van incloure al Cat\u00e0leg del Patrimoni Hist\u00f2ric i Art\u00edstic Local. Tota la sala de les moles va quedar totalment coberta de terres i runes. L\u2019any 2001 l\u2019Ajuntament va redescobrir el mol\u00ed, iniciant un projecte de restauraci\u00f3 per adequar-lo i obrir-lo a la ciutadania, finalitzat l \u2019abril de 2003.<\/p>\n<p><strong>HORARI<\/strong><br \/>\ndimarts de 10 a 14 h i de 17 a 21. Dijous de 15 a 21 h<\/p>\n","protected":false},"excerpt":{"rendered":"<p>Carrer Carles Mercader, 17. Sant Just Desvern Mol\u00ed fariner hidr\u00e0ulic que conserva gaireb\u00e9 la totalitat de la seva estructura. A [&hellip;]<\/p>\n","protected":false},"author":1,"featured_media":1007,"parent":0,"menu_order":0,"comment_status":"closed","ping_status":"closed","template":"","meta":{"footnotes":"","_links_to":"","_links_to_target":""},"class_list":["post-1006","page","type-page","status-publish","has-post-thumbnail","hentry"],"_links":{"self":[{"href":"https:\/\/cecbll.cat\/espaicomarca\/wp-json\/wp\/v2\/pages\/1006","targetHints":{"allow":["GET"]}}],"collection":[{"href":"https:\/\/cecbll.cat\/espaicomarca\/wp-json\/wp\/v2\/pages"}],"about":[{"href":"https:\/\/cecbll.cat\/espaicomarca\/wp-json\/wp\/v2\/types\/page"}],"author":[{"embeddable":true,"href":"https:\/\/cecbll.cat\/espaicomarca\/wp-json\/wp\/v2\/users\/1"}],"replies":[{"embeddable":true,"href":"https:\/\/cecbll.cat\/espaicomarca\/wp-json\/wp\/v2\/comments?post=1006"}],"version-history":[{"count":1,"href":"https:\/\/cecbll.cat\/espaicomarca\/wp-json\/wp\/v2\/pages\/1006\/revisions"}],"predecessor-version":[{"id":1008,"href":"https:\/\/cecbll.cat\/espaicomarca\/wp-json\/wp\/v2\/pages\/1006\/revisions\/1008"}],"wp:featuredmedia":[{"embeddable":true,"href":"https:\/\/cecbll.cat\/espaicomarca\/wp-json\/wp\/v2\/media\/1007"}],"wp:attachment":[{"href":"https:\/\/cecbll.cat\/espaicomarca\/wp-json\/wp\/v2\/media?parent=1006"}],"curies":[{"name":"wp","href":"https:\/\/api.w.org\/{rel}","templated":true}]}}