{"id":43,"date":"2025-07-17T12:19:33","date_gmt":"2025-07-17T12:19:33","guid":{"rendered":"http:\/\/cecbll.cat\/agendacultural\/?page_id=43"},"modified":"2025-07-17T12:19:33","modified_gmt":"2025-07-17T12:19:33","slug":"envia-un-acte-a-lagenda","status":"publish","type":"page","link":"https:\/\/cecbll.cat\/agendacultural\/envia-un-acte-a-lagenda\/","title":{"rendered":"Envia un acte a l&#8217;agenda"},"content":{"rendered":"<div class=\"esdeveniments-form\">\n  <form action=\"\" method=\"post\" enctype=\"multipart\/form-data\">\n\t<div class=\"esdeveniments-separador\"><p>Informaci\u00f3 de l'acte<\/p><\/div>\n\t<div class=\"form-grid\"> \n\t\t<div class=\"\">\n\t\t\t<label for=\"event_title\">T\u00edtol de l'esdeveniment *<\/label>\n\t\t\t<input type=\"text\" name=\"event_title\" required \n\t\t   oninvalid=\"this.setCustomValidity('Si us plau, omple aquest camp')\" \n\t\t   oninput=\"this.setCustomValidity('')\">  \n\t\t  <\/div>\n\t\t<div class=\"\">\n\t\t  <label for=\"tipus\">Tipus d\u2019esdeveniment *<\/label>\n\t\t  <select name=\"tipus\" required \t  \n\t\t\toninvalid=\"this.setCustomValidity('Si us plau, selecciona un tipus')\" \n\t\t   oninput=\"this.setCustomValidity('')\">\n\t\t\t<option value=\"\">Selecciona un tipus<\/option>\n\t\t\t\t\t\t  <option value=\"43\">Activitat cultural puntual<\/option>\n\t\t\t\t\t\t  <option value=\"49\">Altres<\/option>\n\t\t\t\t\t\t  <option value=\"45\">Arts esc\u00e8niques<\/option>\n\t\t\t\t\t\t  <option value=\"47\">Exposici\u00f3<\/option>\n\t\t\t\t\t\t  <option value=\"44\">Festa major<\/option>\n\t\t\t\t\t\t  <option value=\"48\">Inauguraci\u00f3<\/option>\n\t\t\t\t\t\t  <option value=\"52\">Jornades<\/option>\n\t\t\t\t\t\t  <option value=\"51\">Portes obertes<\/option>\n\t\t\t\t\t\t  <option value=\"46\">Visites o rutes guiades<\/option>\n\t\t\t\t\t\t  <option value=\"42\">Xerrada o confer\u00e8ncia<\/option>\n\t\t\t\t\t  <\/select>\n\t\t<\/div>\n\t\t<div class=\"\">\n\t\t\t<label for=\"municipi\">Municipi *<\/label>\n\t\t\t<select name=\"municipi\" required\n\t\t\t\t\toninvalid=\"this.setCustomValidity('Si us plau, selecciona un municipi')\" \n\t\t\t\t\toninput=\"this.setCustomValidity('')\">\n\t\t\t\t<option value=\"\">Selecciona un municipi<\/option>\n\t\t\t\t\t\t\t\t<option value=\"12\">Abrera<\/option>\n\t\t\t\t\t\t\t\t<option value=\"11\">Begues<\/option>\n\t\t\t\t\t\t\t\t<option value=\"13\">Castelldefels<\/option>\n\t\t\t\t\t\t\t\t<option value=\"14\">Castellv\u00ed de Rosanes<\/option>\n\t\t\t\t\t\t\t\t<option value=\"15\">Cervell\u00f3<\/option>\n\t\t\t\t\t\t\t\t<option value=\"16\">Collbat\u00f3<\/option>\n\t\t\t\t\t\t\t\t<option value=\"18\">Corbera de Llobregat<\/option>\n\t\t\t\t\t\t\t\t<option value=\"17\">Cornell\u00e0 de Llobregat<\/option>\n\t\t\t\t\t\t\t\t<option value=\"19\">El Papiol<\/option>\n\t\t\t\t\t\t\t\t<option value=\"20\">El Prat de Llobregat<\/option>\n\t\t\t\t\t\t\t\t<option value=\"22\">Esparreguera<\/option>\n\t\t\t\t\t\t\t\t<option value=\"21\">Esplugues de Llobregat<\/option>\n\t\t\t\t\t\t\t\t<option value=\"24\">Gav\u00e0<\/option>\n\t\t\t\t\t\t\t\t<option value=\"23\">Hospitalet de Llobregat<\/option>\n\t\t\t\t\t\t\t\t<option value=\"26\">La Palma de Cervell\u00f3<\/option>\n\t\t\t\t\t\t\t\t<option value=\"25\">Martorell<\/option>\n\t\t\t\t\t\t\t\t<option value=\"28\">Molins de Rei<\/option>\n\t\t\t\t\t\t\t\t<option value=\"27\">Olesa de Montserrat<\/option>\n\t\t\t\t\t\t\t\t<option value=\"30\">Pallej\u00e0<\/option>\n\t\t\t\t\t\t\t\t<option value=\"29\">Sant Andreu de la Barca<\/option>\n\t\t\t\t\t\t\t\t<option value=\"31\">Sant Boi de Llobregat<\/option>\n\t\t\t\t\t\t\t\t<option value=\"32\">Sant Climent de Llobregat<\/option>\n\t\t\t\t\t\t\t\t<option value=\"34\">Sant Esteve de Sesrovires<\/option>\n\t\t\t\t\t\t\t\t<option value=\"33\">Sant Feliu de Llobregat<\/option>\n\t\t\t\t\t\t\t\t<option value=\"36\">Sant Joan Desp\u00ed<\/option>\n\t\t\t\t\t\t\t\t<option value=\"35\">Sant Just Desvern<\/option>\n\t\t\t\t\t\t\t\t<option value=\"38\">Sant Vicen\u00e7 dels Horts<\/option>\n\t\t\t\t\t\t\t\t<option value=\"37\">Santa Coloma de Cervell\u00f3<\/option>\n\t\t\t\t\t\t\t\t<option value=\"40\">Torrelles de Llobregat<\/option>\n\t\t\t\t\t\t\t\t<option value=\"39\">Vallirana<\/option>\n\t\t\t\t\t\t\t\t<option value=\"41\">Viladecans<\/option>\n\t\t\t\t\t\t\t<\/select>\n\t\t<\/div>\n\t\t<div class=\"\">\n\t\t\t<label for=\"data_inici\">Data d'inici *<\/label>\n\t\t\t<input type=\"date\" name=\"data_inici\" required \n\t\t\t\t   oninvalid=\"this.setCustomValidity('Si us plau, omple aquest camp')\" \n\t\t\t\t   oninput=\"this.setCustomValidity('')\">\n\t\t<\/div>\n\t\t<div class=\"esdeveniment-input-data-unica\">\n\t\t\t<label>\n\t\t\t\t<input type=\"checkbox\" name=\"data_unica\" value=\"1\">\n\t\t\t\t\u00c9s un esdeveniment d\u2019un sol dia\n\t\t\t<\/label>\n\t\t<\/div>\n\t\t<div class=\"esdeveniment-input-data-final\">\n\t\t\t<label for=\"data_final\">Data final<\/label>\n\t\t\t<input type=\"date\" name=\"data_final\">\n\t\t<\/div>\n\t\t<div class=\"\">\n\t\t\t<label for=\"e_hora\">Hora<\/label>\n\t\t\t<input type=\"time\" name=\"e_hora\">\n\t\t<\/div>\n\t\t<div class=\"\">\n\t\t\t<label for=\"e_lloc\">Lloc<\/label>\n\t\t\t<input type=\"text\" name=\"e_lloc\" required\n\t\t\t\t   oninvalid=\"this.setCustomValidity('Si us plau, omple aquest camp')\" \n\t\t\t\t   oninput=\"this.setCustomValidity('')\">\n\t\t<\/div>\n\t\t<div class=\"\">\n\t\t\t<label for=\"e_adreca\">Adre\u00e7a<\/label>\n\t\t\t<textarea name=\"e_adreca\"><\/textarea>\n\t\t<\/div>\n\t\t<div class=\"\">\n\t\t\t<label for=\"e_descripcio\">Descripci\u00f3 de l\u2019acte<\/label>\n\t\t\t<textarea name=\"e_descripcio\" id=\"e_descripcio\" maxlength=\"200\" oninput=\"updateCounter()\"><\/textarea>\n\t\t\t<small id=\"counter\" style=\"display:block;font-size:11px;margin-top:4px;\">0 \/ 200<\/small>\n\t\t<\/div>\n\t\t<div class=\"\">\n\t\t  <label for=\"e_organitza\">Qui organitza?<\/label>\n\t\t<input type=\"text\" name=\"e_organitza\">\n\t  <\/div>\n\t\t<div class=\"\">\n\t\t  <label for=\"e_contacte\">Tel\u00e8fon de contacte<\/label>\n\t\t<input type=\"text\" name=\"e_contacte\">\n\t  <\/div>\n\t\t<div class=\"\">\n\t\t  <label for=\"e_mesinfo\">Enlla\u00e7 per a m\u00e9s informaci\u00f3<\/label>\n\t\t<input type=\"url\" name=\"e_mesinfo\">\n\t  <\/div>\n\t\t\t<div class=\"\">\n\t\t  <label for=\"event_image\">Imatge destacada<\/label>\n\t\t  <input type=\"file\" name=\"event_image\" accept=\"image\/*\"\n\t\t   oninvalid=\"this.setCustomValidity('Si us plau, selecciona una imatge')\"\n\t\t   oninput=\"this.setCustomValidity('')\">\n\t  <\/div>\n\t<\/div>\n\t<div class=\"esdeveniments-separador\"><p>Informaci\u00f3 per al CECBLL **<\/p><\/div>\n\t  <div class=\"form-grid bg-25\" >\n\t\t  <div class=\"\">\n\t\t\t  <label for=\"e_persona\">Persona responsable *<\/label>\n\t\t\t  <input type=\"text\" name=\"e_persona\" required \n\t\t\t\t\t oninvalid=\"this.setCustomValidity('Si us plau, omple aquest camp')\" \n\t\t\t\t\t oninput=\"this.setCustomValidity('')\">\n\t\t  <\/div>\n\t\t  <div class=\"\">\n\t\t\t  <label for=\"e_entitat\">Entitat o ajuntament vinculat*<\/label>\n\t\t\t  <input type=\"text\" name=\"e_entitat\" required\n\t\t\t\t\t oninvalid=\"this.setCustomValidity('Si us plau, omple el tel\u00e8fon')\" \n\t\t\t\t\t oninput=\"this.setCustomValidity('')\">\n\t\t  <\/div>\n\t\t  <div class=\"\">\n\t\t\t  <label for=\"e_correu\">Correu electr\u00f2nic *<\/label>\n\t\t\t  <input type=\"email\" name=\"e_correu\" required \n\t\t\t\t\t oninvalid=\"this.setCustomValidity('Si us plau, introdueix un correu electr\u00f2nic')\" \n\t\t\t\t\t oninput=\"this.setCustomValidity('')\" >\n\t\t  <\/div>\n\t\t  <div class=\"\">\n\t\t\t  <label for=\"e_telefon\">Tel\u00e8fon de contacte*<\/label>\n\t\t\t  <input type=\"text\" name=\"e_telefon\" required\n\t\t\t\t\t oninvalid=\"this.setCustomValidity('Si us plau, omple el tel\u00e8fon')\" \n\t\t\t\t\t oninput=\"this.setCustomValidity('')\">\n\t\t  <\/div>\n\t  <\/div>\n    <input type=\"hidden\" id=\"crear_esdeveniment_nonce_field\" name=\"crear_esdeveniment_nonce_field\" value=\"68202a6bfd\" \/><input type=\"hidden\" name=\"_wp_http_referer\" value=\"\/agendacultural\/wp-json\/wp\/v2\/pages\/43\" \/>    <div class=\"esdeveniments-submit-form\">\n      <input type=\"submit\" name=\"submit_event\" value=\"Enviar esdeveniment\">\n    <\/div>\n\t  <div class=\"esdeveniments-llegendes\">\n\t\t  <p>* camp obligatori.<\/p>\n\t\t  <p>** informaci\u00f3 privada, no es publicar\u00e0 en cap cas.<\/p>\n\t\t  <p>Els actes enviats es publicaran tant bon punt hagin estat revisats pel CECBLL.<\/p>\n\t  <\/div>\n  <\/form>\n<\/div>\n<script>\ndocument.addEventListener(\"DOMContentLoaded\", function() {\n  const checkbox = document.querySelector(\".esdeveniment-input-data-unica input\");\n  const divFinal = document.querySelector(\".esdeveniment-input-data-final\");\n\n  function toggleDiv() {\n    if (checkbox.checked) {\n      divFinal.style.display = \"none\"; \/\/ Ocultar\n    } else {\n      divFinal.style.display = \"\"; \/\/ Mostrar (usa el display por defecto del CSS)\n    }\n  }\n\n  \/\/ Ejecutar al cargar la p\u00e1gina por si el checkbox ya est\u00e1 marcado\n  toggleDiv();\n\n  \/\/ Escuchar cambios\n  checkbox.addEventListener(\"change\", toggleDiv);\n});\n<\/script>\n<script>\n  function updateCounter() {\n    const textarea = document.getElementById('e_descripcio');\n    const counter = document.getElementById('counter');\n    counter.textContent = textarea.value.length + ' \/ 200';\n  }\n<\/script>\n  \n","protected":false},"excerpt":{"rendered":"","protected":false},"author":2,"featured_media":0,"parent":0,"menu_order":0,"comment_status":"closed","ping_status":"closed","template":"","meta":{"_acf_changed":false,"footnotes":""},"class_list":["post-43","page","type-page","status-publish","hentry"],"acf":[],"_links":{"self":[{"href":"https:\/\/cecbll.cat\/agendacultural\/wp-json\/wp\/v2\/pages\/43","targetHints":{"allow":["GET"]}}],"collection":[{"href":"https:\/\/cecbll.cat\/agendacultural\/wp-json\/wp\/v2\/pages"}],"about":[{"href":"https:\/\/cecbll.cat\/agendacultural\/wp-json\/wp\/v2\/types\/page"}],"author":[{"embeddable":true,"href":"https:\/\/cecbll.cat\/agendacultural\/wp-json\/wp\/v2\/users\/2"}],"replies":[{"embeddable":true,"href":"https:\/\/cecbll.cat\/agendacultural\/wp-json\/wp\/v2\/comments?post=43"}],"version-history":[{"count":1,"href":"https:\/\/cecbll.cat\/agendacultural\/wp-json\/wp\/v2\/pages\/43\/revisions"}],"predecessor-version":[{"id":125,"href":"https:\/\/cecbll.cat\/agendacultural\/wp-json\/wp\/v2\/pages\/43\/revisions\/125"}],"wp:attachment":[{"href":"https:\/\/cecbll.cat\/agendacultural\/wp-json\/wp\/v2\/media?parent=43"}],"curies":[{"name":"wp","href":"https:\/\/api.w.org\/{rel}","templated":true}]}}